{"id":53433,"date":"2025-02-15T15:25:09","date_gmt":"2025-02-15T14:25:09","guid":{"rendered":"https:\/\/www.alldayled.com\/?post_type=product&#038;p=53433"},"modified":"2026-04-20T13:55:21","modified_gmt":"2026-04-20T11:55:21","slug":"strands-nuuk-e-line-sl-80w","status":"publish","type":"product","link":"https:\/\/www.alldayled.com\/nl\/product\/strands-nuuk-e-line-sl-80w\/","title":{"rendered":"Strands Nuuk E-Line SL 80w"},"content":{"rendered":"<p><span style=\"color: #000000;\"><strong>Strands Nuuk E-Line SL 80w, voor 12 en 24 volt.\u00a0<\/strong><\/span><\/p>\n<p><span style=\"color: #000000;\">Ben jij op zoek naar een nieuwe, slanke werklamp van Strands? Misschien is de Strands Nuuk E-Line SL 80w dan wel precies de lamp die je zoekt. Deze brede en extra platte werklamp met 18 LED&#8217;s, heeft een werkelijke lichtopbrengst van maar liefst 8200 lumen en een lichtbereik van 111 meter. De LED werklamp werkt op 12 en 24 volt, wat betekent dat je \u2018m kunt monteren op bijvoorbeeld je vrachtwagen, werkbus, tractor of ander voertuig. Dankzij de slimme dimfunctie kun je de lichtopbrengst halveren, zodat je in elke situatie de juiste hoeveelheid licht hebt.<\/span><\/p>\n<p><span style=\"color: #000000;\">Wat de Strands Nuuk E-Line SL uniek maakt, is de 58\u00b0 lichthoek. Het licht wordt naar beneden gericht, waardoor je grote oppervlakken effici\u00ebnt verlicht zonder hinderlijke schittering. Dit vermindert vermoeide ogen en zorgt ervoor dat het licht precies daar schijnt waar je het nodig hebt \u2013 ideaal voor lange werkdagen in het donker.<\/span><\/p>\n<p><span style=\"color: #000000;\">Omdat je v\u00f3\u00f3r aankoop zeker wilt zijn dat deze LED werklamp d\u00e9 juiste keuze voor jou is, hebben we hieronder een aantal belangrijke eigenschappen uitgeschreven. De Strands Nuuk E-Line SL 80w is onder andere voorzien van het ECE R10 keurmerk. Dit betekent dat de lamp bij correcte installatie geen storingen veroorzaakt op bijvoorbeeld je radiosignaal. Daarnaast beschikt de werklamp over het IP68 en IP69K keurmerk, wat aangeeft dat hij volledig stof- en waterdicht is. Dankzij het gebruik van duurzame materialen en een stevige behuizing kun je jarenlang rekenen op betrouwbare prestaties. De werklamp wordt geleverd met een 2.5 meter lange aansluitkabel voor een eenvoudige installatie.<\/span><\/p>\n<h5><span style=\"color: #000000;\"><strong>Afmetingen:<\/strong><\/span><\/h5>\n<p><span style=\"color: #000000;\">Omdat je voor aankoop ook zeker wilt weten of de lamp past waar jij hem wilt monteren, hebben we hieronder de afmetingen voor je genoteerd. De afmetingen van de Strands Nuuk E-Line SL 80w zijn als volgt:<\/span><\/p>\n<ul>\n<li><span style=\"color: #000000;\">Hoogte: 43.9 mm<\/span><\/li>\n<li><span style=\"color: #000000;\">Breedte: 566 mm<\/span><\/li>\n<li><span style=\"color: #000000;\">Dikte: 52.8 mm<\/span><\/li>\n<\/ul>\n<h5><span style=\"color: #000000;\"><strong>Overige uitvoeringen:<\/strong><\/span><\/h5>\n<p><span style=\"color: #000000;\">Wil je wel een Nuuk E-line van Strands, maar is het Scene Light 80w model niet helemaal wat je zoekt? Geen zorgen! Strands biedt ook andere modellen binnen de Nuuk-serie en diverse werklampen in verschillende maten en lichtsterktes aan. Bekijk hieronder ons volledige assortiment en vind de lamp die het beste bij jouw voertuig past.<\/span><\/p>\n<ul>\n<li><span style=\"color: #000000;\"><a style=\"color: #000000;\" href=\"https:\/\/www.alldayled.com\/product\/strands-nuuk-e-line-wl-80w\/\"><strong>Strands Nuuk E-Line WL 80w<\/strong><\/a><\/span><\/li>\n<\/ul>\n<p><span style=\"color: #000000;\">Nog niet helemaal overtuigd na het lezen van alles? Geen probleem! Misschien past de vorm, het lichtbeeld of de uitstraling van deze lamp toch niet helemaal bij wat jij zoekt. Gelukkig hebben we nog veel meer topkwaliteit lampen in het assortiment. Neem snel een kijkje in ons complete aanbod <a style=\"color: #000000;\" href=\"https:\/\/www.alldayled.com\/merk\/product-strands-lighting-division\/\">Strands<\/a> en ontdek welke werklamp w\u00e9l perfect bij jouw voertuig \u00e9n wensen past.<\/span><\/p>\n","protected":false},"excerpt":{"rendered":"<p>Strands Nuuk E-Line Scene Light 80w, geschikt voor 12 &amp; 24 volt.<\/p>\n","protected":false},"featured_media":33739,"comment_status":"open","ping_status":"closed","template":"","meta":{"_acf_changed":false},"product_brand":[5048],"product_cat":[3107,3118],"product_tag":[3799,3800,3801,3134,3412,3808,3413],"class_list":{"0":"post-53433","1":"product","2":"type-product","3":"status-publish","4":"has-post-thumbnail","6":"product_brand-product-strands-lighting-division","7":"product_cat-led-bar","8":"product_cat-werklamp-overig","9":"product_tag-led-bar","10":"product_tag-led-bar-auto","11":"product_tag-led-bar-vrachtwagen","12":"product_tag-led-werklamp","13":"product_tag-strands-led-verlichting","14":"product_tag-strands-led-werklamp","15":"product_tag-strands-lighting-division","17":"first","18":"instock","19":"taxable","20":"shipping-taxable","21":"purchasable","22":"product-type-simple"},"acf":[],"yoast_head":"<!-- This site is optimized with the Yoast SEO Premium plugin v26.5 (Yoast SEO v27.1.1) - https:\/\/yoast.com\/product\/yoast-seo-premium-wordpress\/ -->\n<title>Strands Nuuk E-Line SL 80w - All Day Led - Strands Scene Light - voor 12\/24V<\/title>\n<meta name=\"description\" content=\"Strands Nuuk E-Line SL 80w - krachtige en extra platte werklamp - lichthoek 58\u00b0 - 8200 Lumen - 1 Lux @ 111 meter - IP68 en IP69K waterdicht\" \/>\n<meta name=\"robots\" content=\"index, follow, max-snippet:-1, max-image-preview:large, max-video-preview:-1\" \/>\n<link rel=\"canonical\" href=\"https:\/\/www.alldayled.com\/nl\/product\/strands-nuuk-e-line-sl-80w\/\" \/>\n<meta property=\"og:locale\" content=\"nl_NL\" \/>\n<meta property=\"og:type\" content=\"article\" \/>\n<meta property=\"og:title\" content=\"Strands Nuuk E-Line SL 80w - All Day Led - Strands Scene Light - voor 12\/24V\" \/>\n<meta property=\"og:description\" content=\"Strands Nuuk E-Line SL 80w - krachtige en extra platte werklamp - lichthoek 58\u00b0 - 8200 Lumen - 1 Lux @ 111 meter - IP68 en IP69K waterdicht\" \/>\n<meta property=\"og:url\" content=\"https:\/\/www.alldayled.com\/nl\/product\/strands-nuuk-e-line-sl-80w\/\" \/>\n<meta property=\"og:site_name\" content=\"All Day Led\" \/>\n<meta property=\"article:publisher\" content=\"https:\/\/www.facebook.com\/alldayled\/\" \/>\n<meta property=\"article:modified_time\" content=\"2026-04-20T11:55:21+00:00\" \/>\n<meta property=\"og:image\" content=\"https:\/\/www.alldayled.com\/wp-content\/uploads\/2020\/03\/Logo-All-Day-Led-PNG-scaled.png\" \/>\n\t<meta property=\"og:image:width\" content=\"2560\" \/>\n\t<meta property=\"og:image:height\" content=\"302\" \/>\n\t<meta property=\"og:image:type\" content=\"image\/png\" \/>\n<meta name=\"twitter:label1\" content=\"Prijs\" \/>\n\t<meta name=\"twitter:data1\" content=\"&euro;&nbsp;129,00\" \/>\n\t<meta name=\"twitter:label2\" content=\"Beschikbaarheid\" \/>\n\t<meta name=\"twitter:data2\" content=\"Op voorraad\" \/>\n<script type=\"application\/ld+json\" class=\"yoast-schema-graph\">{\"@context\":\"https:\/\/schema.org\",\"@graph\":[{\"@type\":\"WebPage\",\"@id\":\"https:\/\/www.alldayled.com\/nl\/product\/strands-nuuk-e-line-sl-80w\/\",\"url\":\"https:\/\/www.alldayled.com\/nl\/product\/strands-nuuk-e-line-sl-80w\/\",\"name\":\"Strands Nuuk E-Line SL 80w - All Day Led - Strands Scene Light - voor 12\/24V\",\"isPartOf\":{\"@id\":\"https:\/\/www.alldayled.com\/nl\/#website\"},\"primaryImageOfPage\":{\"@id\":\"https:\/\/www.alldayled.com\/nl\/product\/strands-nuuk-e-line-sl-80w\/#primaryimage\"},\"image\":{\"@id\":\"https:\/\/www.alldayled.com\/nl\/product\/strands-nuuk-e-line-sl-80w\/#primaryimage\"},\"thumbnailUrl\":\"https:\/\/www.alldayled.com\/wp-content\/uploads\/2025\/02\/ADL809136.png\",\"datePublished\":\"2025-02-15T14:25:09+00:00\",\"dateModified\":\"2026-04-20T11:55:21+00:00\",\"description\":\"Strands Nuuk E-Line SL 80w - krachtige en extra platte werklamp - lichthoek 58\u00b0 - 8200 Lumen - 1 Lux @ 111 meter - IP68 en IP69K waterdicht\",\"breadcrumb\":{\"@id\":\"https:\/\/www.alldayled.com\/nl\/product\/strands-nuuk-e-line-sl-80w\/#breadcrumb\"},\"inLanguage\":\"nl-NL\",\"potentialAction\":[{\"@type\":\"ReadAction\",\"target\":[\"https:\/\/www.alldayled.com\/nl\/product\/strands-nuuk-e-line-sl-80w\/\"]}]},{\"@type\":\"ImageObject\",\"inLanguage\":\"nl-NL\",\"@id\":\"https:\/\/www.alldayled.com\/nl\/product\/strands-nuuk-e-line-sl-80w\/#primaryimage\",\"url\":\"https:\/\/www.alldayled.com\/wp-content\/uploads\/2025\/02\/ADL809136.png\",\"contentUrl\":\"https:\/\/www.alldayled.com\/wp-content\/uploads\/2025\/02\/ADL809136.png\",\"width\":800,\"height\":600,\"caption\":\"Nuuk E-Line SL werklamp - 5000K - geschikt voor 12 en \/ of 24 volt gebruik - Strands 809136 - 18 LED punten - Lichthoek 58 graden - EAN: 7323030191665\"},{\"@type\":\"BreadcrumbList\",\"@id\":\"https:\/\/www.alldayled.com\/nl\/product\/strands-nuuk-e-line-sl-80w\/#breadcrumb\",\"itemListElement\":[{\"@type\":\"ListItem\",\"position\":1,\"name\":\"Home\",\"item\":\"https:\/\/www.alldayled.com\/nl\/\"},{\"@type\":\"ListItem\",\"position\":2,\"name\":\"Winkel\",\"item\":\"https:\/\/www.alldayled.com\/nl\/winkel\/\"},{\"@type\":\"ListItem\",\"position\":3,\"name\":\"Verstralers\",\"item\":\"https:\/\/www.alldayled.com\/nl\/product-categorie\/verstralers\/\"},{\"@type\":\"ListItem\",\"position\":4,\"name\":\"LED bar\",\"item\":\"https:\/\/www.alldayled.com\/nl\/product-categorie\/verstralers\/led-bar\/\"},{\"@type\":\"ListItem\",\"position\":5,\"name\":\"Strands Nuuk E-Line SL 80w\"}]},{\"@type\":\"WebSite\",\"@id\":\"https:\/\/www.alldayled.com\/nl\/#website\",\"url\":\"https:\/\/www.alldayled.com\/nl\/\",\"name\":\"All Day Led\",\"description\":\"Verlichting voor 12&amp;24 volt gebruik\",\"publisher\":{\"@id\":\"https:\/\/www.alldayled.com\/nl\/#organization\"},\"potentialAction\":[{\"@type\":\"SearchAction\",\"target\":{\"@type\":\"EntryPoint\",\"urlTemplate\":\"https:\/\/www.alldayled.com\/nl\/?s={search_term_string}\"},\"query-input\":{\"@type\":\"PropertyValueSpecification\",\"valueRequired\":true,\"valueName\":\"search_term_string\"}}],\"inLanguage\":\"nl-NL\"},{\"@type\":\"Organization\",\"@id\":\"https:\/\/www.alldayled.com\/nl\/#organization\",\"name\":\"All Day Led\",\"url\":\"https:\/\/www.alldayled.com\/nl\/\",\"logo\":{\"@type\":\"ImageObject\",\"inLanguage\":\"nl-NL\",\"@id\":\"https:\/\/www.alldayled.com\/nl\/#\/schema\/logo\/image\/\",\"url\":\"https:\/\/www.alldayled.com\/wp-content\/uploads\/2025\/10\/Logo-ALL-DAY-LED-800x800-zwart-witte-letters.png\",\"contentUrl\":\"https:\/\/www.alldayled.com\/wp-content\/uploads\/2025\/10\/Logo-ALL-DAY-LED-800x800-zwart-witte-letters.png\",\"width\":800,\"height\":800,\"caption\":\"All Day Led\"},\"image\":{\"@id\":\"https:\/\/www.alldayled.com\/nl\/#\/schema\/logo\/image\/\"},\"sameAs\":[\"https:\/\/www.facebook.com\/alldayled\/\",\"https:\/\/www.instagram.com\/alldayled\/\"],\"vatID\":\"NL863960133B01\",\"taxID\":\"86416545\"}]}<\/script>\n<meta property=\"product:brand\" content=\"Strands\" \/>\n<meta property=\"product:price:amount\" content=\"129.00\" \/>\n<meta property=\"product:price:currency\" content=\"EUR\" \/>\n<meta property=\"og:availability\" content=\"instock\" \/>\n<meta property=\"product:availability\" content=\"instock\" \/>\n<meta property=\"product:retailer_item_id\" content=\"ADL809136\" \/>\n<meta property=\"product:condition\" content=\"new\" \/>\n<!-- \/ Yoast SEO Premium plugin. -->","yoast_head_json":{"title":"Strands Nuuk E-Line SL 80w - All Day Led - Strands Scene Light - voor 12\/24V","description":"Strands Nuuk E-Line SL 80w - krachtige en extra platte werklamp - lichthoek 58\u00b0 - 8200 Lumen - 1 Lux @ 111 meter - IP68 en IP69K waterdicht","robots":{"index":"index","follow":"follow","max-snippet":"max-snippet:-1","max-image-preview":"max-image-preview:large","max-video-preview":"max-video-preview:-1"},"canonical":"https:\/\/www.alldayled.com\/nl\/product\/strands-nuuk-e-line-sl-80w\/","og_locale":"nl_NL","og_type":"article","og_title":"Strands Nuuk E-Line SL 80w - All Day Led - Strands Scene Light - voor 12\/24V","og_description":"Strands Nuuk E-Line SL 80w - krachtige en extra platte werklamp - lichthoek 58\u00b0 - 8200 Lumen - 1 Lux @ 111 meter - IP68 en IP69K waterdicht","og_url":"https:\/\/www.alldayled.com\/nl\/product\/strands-nuuk-e-line-sl-80w\/","og_site_name":"All Day Led","article_publisher":"https:\/\/www.facebook.com\/alldayled\/","article_modified_time":"2026-04-20T11:55:21+00:00","og_image":[{"width":2560,"height":302,"url":"https:\/\/www.alldayled.com\/wp-content\/uploads\/2020\/03\/Logo-All-Day-Led-PNG-scaled.png","type":"image\/png"}],"twitter_misc":{"Prijs":"&euro;&nbsp;129,00","Beschikbaarheid":"Op voorraad"},"schema":{"@context":"https:\/\/schema.org","@graph":[{"@type":"WebPage","@id":"https:\/\/www.alldayled.com\/nl\/product\/strands-nuuk-e-line-sl-80w\/","url":"https:\/\/www.alldayled.com\/nl\/product\/strands-nuuk-e-line-sl-80w\/","name":"Strands Nuuk E-Line SL 80w - All Day Led - Strands Scene Light - voor 12\/24V","isPartOf":{"@id":"https:\/\/www.alldayled.com\/nl\/#website"},"primaryImageOfPage":{"@id":"https:\/\/www.alldayled.com\/nl\/product\/strands-nuuk-e-line-sl-80w\/#primaryimage"},"image":{"@id":"https:\/\/www.alldayled.com\/nl\/product\/strands-nuuk-e-line-sl-80w\/#primaryimage"},"thumbnailUrl":"https:\/\/www.alldayled.com\/wp-content\/uploads\/2025\/02\/ADL809136.png","datePublished":"2025-02-15T14:25:09+00:00","dateModified":"2026-04-20T11:55:21+00:00","description":"Strands Nuuk E-Line SL 80w - krachtige en extra platte werklamp - lichthoek 58\u00b0 - 8200 Lumen - 1 Lux @ 111 meter - IP68 en IP69K waterdicht","breadcrumb":{"@id":"https:\/\/www.alldayled.com\/nl\/product\/strands-nuuk-e-line-sl-80w\/#breadcrumb"},"inLanguage":"nl-NL","potentialAction":[{"@type":"ReadAction","target":["https:\/\/www.alldayled.com\/nl\/product\/strands-nuuk-e-line-sl-80w\/"]}]},{"@type":"ImageObject","inLanguage":"nl-NL","@id":"https:\/\/www.alldayled.com\/nl\/product\/strands-nuuk-e-line-sl-80w\/#primaryimage","url":"https:\/\/www.alldayled.com\/wp-content\/uploads\/2025\/02\/ADL809136.png","contentUrl":"https:\/\/www.alldayled.com\/wp-content\/uploads\/2025\/02\/ADL809136.png","width":800,"height":600,"caption":"Nuuk E-Line SL werklamp - 5000K - geschikt voor 12 en \/ of 24 volt gebruik - Strands 809136 - 18 LED punten - Lichthoek 58 graden - EAN: 7323030191665"},{"@type":"BreadcrumbList","@id":"https:\/\/www.alldayled.com\/nl\/product\/strands-nuuk-e-line-sl-80w\/#breadcrumb","itemListElement":[{"@type":"ListItem","position":1,"name":"Home","item":"https:\/\/www.alldayled.com\/nl\/"},{"@type":"ListItem","position":2,"name":"Winkel","item":"https:\/\/www.alldayled.com\/nl\/winkel\/"},{"@type":"ListItem","position":3,"name":"Verstralers","item":"https:\/\/www.alldayled.com\/nl\/product-categorie\/verstralers\/"},{"@type":"ListItem","position":4,"name":"LED bar","item":"https:\/\/www.alldayled.com\/nl\/product-categorie\/verstralers\/led-bar\/"},{"@type":"ListItem","position":5,"name":"Strands Nuuk E-Line SL 80w"}]},{"@type":"WebSite","@id":"https:\/\/www.alldayled.com\/nl\/#website","url":"https:\/\/www.alldayled.com\/nl\/","name":"All Day Led","description":"Verlichting voor 12&amp;24 volt gebruik","publisher":{"@id":"https:\/\/www.alldayled.com\/nl\/#organization"},"potentialAction":[{"@type":"SearchAction","target":{"@type":"EntryPoint","urlTemplate":"https:\/\/www.alldayled.com\/nl\/?s={search_term_string}"},"query-input":{"@type":"PropertyValueSpecification","valueRequired":true,"valueName":"search_term_string"}}],"inLanguage":"nl-NL"},{"@type":"Organization","@id":"https:\/\/www.alldayled.com\/nl\/#organization","name":"All Day Led","url":"https:\/\/www.alldayled.com\/nl\/","logo":{"@type":"ImageObject","inLanguage":"nl-NL","@id":"https:\/\/www.alldayled.com\/nl\/#\/schema\/logo\/image\/","url":"https:\/\/www.alldayled.com\/wp-content\/uploads\/2025\/10\/Logo-ALL-DAY-LED-800x800-zwart-witte-letters.png","contentUrl":"https:\/\/www.alldayled.com\/wp-content\/uploads\/2025\/10\/Logo-ALL-DAY-LED-800x800-zwart-witte-letters.png","width":800,"height":800,"caption":"All Day Led"},"image":{"@id":"https:\/\/www.alldayled.com\/nl\/#\/schema\/logo\/image\/"},"sameAs":["https:\/\/www.facebook.com\/alldayled\/","https:\/\/www.instagram.com\/alldayled\/"],"vatID":"NL863960133B01","taxID":"86416545"}]},"product_brand":"Strands","product_price_amount":"129.00","product_price_currency":"EUR","og_availability":"instock","product_availability":"instock","product_retailer_item_id":"ADL809136","product_condition":"new"},"_links":{"self":[{"href":"https:\/\/www.alldayled.com\/nl\/wp-json\/wp\/v2\/product\/53433","targetHints":{"allow":["GET"]}}],"collection":[{"href":"https:\/\/www.alldayled.com\/nl\/wp-json\/wp\/v2\/product"}],"about":[{"href":"https:\/\/www.alldayled.com\/nl\/wp-json\/wp\/v2\/types\/product"}],"replies":[{"embeddable":true,"href":"https:\/\/www.alldayled.com\/nl\/wp-json\/wp\/v2\/comments?post=53433"}],"wp:featuredmedia":[{"embeddable":true,"href":"https:\/\/www.alldayled.com\/nl\/wp-json\/wp\/v2\/media\/33739"}],"wp:attachment":[{"href":"https:\/\/www.alldayled.com\/nl\/wp-json\/wp\/v2\/media?parent=53433"}],"wp:term":[{"taxonomy":"product_brand","embeddable":true,"href":"https:\/\/www.alldayled.com\/nl\/wp-json\/wp\/v2\/product_brand?post=53433"},{"taxonomy":"product_cat","embeddable":true,"href":"https:\/\/www.alldayled.com\/nl\/wp-json\/wp\/v2\/product_cat?post=53433"},{"taxonomy":"product_tag","embeddable":true,"href":"https:\/\/www.alldayled.com\/nl\/wp-json\/wp\/v2\/product_tag?post=53433"}],"curies":[{"name":"wp","href":"https:\/\/api.w.org\/{rel}","templated":true}]}}