{"id":55849,"date":"2025-02-27T16:00:48","date_gmt":"2025-02-27T15:00:48","guid":{"rendered":"https:\/\/www.alldayled.com\/?post_type=product&#038;p=55849"},"modified":"2026-04-03T13:21:01","modified_gmt":"2026-04-03T11:21:01","slug":"horpol-ld2191-breedtelamp","status":"publish","type":"product","link":"https:\/\/www.alldayled.com\/nl\/product\/horpol-ld2191-breedtelamp\/","title":{"rendered":"Horpol LD2191 breedtelamp"},"content":{"rendered":"<p><span style=\"color: #000000;\"><strong>Horpol LD2191 GRAPHITE breedtelamp, voor 12 en 24 volt.\u00a0<\/strong><\/span><\/p>\n<p><span style=\"color: #000000;\">Ben je op zoek naar een compacte, betaalbare LED breedtelamp met een moderne uitstraling en een strakke look? Dan is de Horpol LD2191 breedtelamp GRAPHITE precies wat je zoekt. Deze LED contourlamp is voorzien van 4 LED\u2019s: \u00e9\u00e9n wit, \u00e9\u00e9n rood en twee oranje. Dankzij deze combinatie ben je rondom goed zichtbaar, ideaal voor extra veiligheid in het verkeer, zowel overdag als \u2019s avonds. De slimme opbouw van de lens, met \u00e9\u00e9n oranje kap en twee heldere lenzen, zorgt voor een opvallend xenonwit en rood licht aan de voor- en achterkant. Ook is deze LED lamp voorzien van een rechte, lange arm die buigzaam is voor optimale flexibiliteit.<\/span><\/p>\n<p><span style=\"color: #000000;\">Deze Horpol LD2191 breedtelamp werkt op 12 \u00e9n 24 volt, waardoor hij breed inzetbaar is op voertuigen zoals aanhangers, vrachtwagens, landbouwvoertuigen en machines. Dankzij het symmetrische ontwerp is de lamp zowel links als rechts te monteren \u2013 superhandig bij installatie. De Horpol LD2186 is voorzien van het ECE R10 keurmerk, wat betekent dat hij geen storingen veroorzaakt op bijvoorbeeld je radiosignaal. Daarnaast heeft hij ook een ECE R148 goedkeuring, waarmee hij voldoet aan de eisen voor markeringsverlichting. Kortom: een compacte, stijlvolle en goed zichtbare positielamp die eenvoudig te monteren is en doet wat je ervan mag verwachten.<\/span><\/p>\n<div class=\"truncated\">\n<h5><span style=\"color: #000000;\"><strong>Afmetingen:<\/strong><\/span><\/h5>\n<p><span style=\"color: #000000;\">Wil je zeker weten dat de Horpol LD2191 breedtelamp past op de plek waar je hem wilt monteren? Om je hierbij te helpen, hebben we hieronder de exacte afmetingen van deze compacte LED lamp voor je genoteerd:<\/span><\/p>\n<ul>\n<li><span style=\"color: #000000;\">Hoogte: 100 mm<\/span><\/li>\n<li><span style=\"color: #000000;\">Breedte: 55 mm<\/span><\/li>\n<li><span style=\"color: #000000;\">Dikte: 117,5 mm<\/span><\/li>\n<\/ul>\n<h5><span style=\"color: #000000;\"><strong>Overige uitvoeringen:\u00a0<\/strong><\/span><\/h5>\n<p><span style=\"color: #000000;\">Ben je wel van plan om een LED breedtelicht van het merk Horpol aanschaffen? Maar is de Horpol LD2191 LED breedtelamp niet is wat je zoekt? De Horpol heeft ook de volgende modellen in het assortiment:\u00a0<\/span><\/p>\n<ul>\n<li><span style=\"color: #000000;\"><strong><a style=\"color: #000000;\" href=\"https:\/\/www.alldayled.com\/product\/horpol-ld2186-breedtelamp\/\">Horpol LD2186 GRAPHITE breedtelamp<\/a><\/strong><\/span><\/li>\n<\/ul>\n<p><span style=\"color: #000000;\">&#8220;Twijfel je toch of de Horpol LD2191 GRAPHITE echt is wat je zoekt? Misschien past de kleur, vorm of uitstraling toch niet helemaal bij jouw voertuig. Geen zorgen! Neem dan gerust een kijkje op onze pagina met alle <a style=\"color: #000000;\" href=\"https:\/\/www.alldayled.com\/product-categorie\/positielampen\/breedtelampen\/\">breedtelampen<\/a>. Wie weet vind je daar precies het model dat beter aansluit bij jouw wensen.<\/span><\/p>\n<\/div>\n","protected":false},"excerpt":{"rendered":"<p>Horpol LD 2191 breedtelamp links-rechts, voor 12 en 24 volt gebruik.<\/p>\n","protected":false},"featured_media":35740,"comment_status":"open","ping_status":"closed","template":"","meta":{"_acf_changed":false},"product_brand":[5034],"product_cat":[3081],"product_tag":[3395,3396,3398,3500,3501,3502,3503,3504,3402,3403,3404],"class_list":{"0":"post-55849","1":"product","2":"type-product","3":"status-publish","4":"has-post-thumbnail","6":"product_brand-product-horpol","7":"product_cat-breedtelampen","8":"product_tag-breedtelamp-aanhanger","9":"product_tag-breedtelamp-camper","10":"product_tag-breedtelamp-vrachtwagen","11":"product_tag-breedtelicht-aanhanger","12":"product_tag-breedtelicht-trailer","13":"product_tag-breedtelicht-vrachtwagen","14":"product_tag-horpol-led-verlichting","15":"product_tag-led-breedtelamp","16":"product_tag-led-breedtelamp-12-volt","17":"product_tag-led-breedtelamp-24-volt","18":"product_tag-led-breedtelicht","20":"first","21":"instock","22":"taxable","23":"shipping-taxable","24":"purchasable","25":"product-type-simple"},"acf":[],"yoast_head":"<!-- This site is optimized with the Yoast SEO Premium plugin v26.5 (Yoast SEO v27.1.1) - https:\/\/yoast.com\/product\/yoast-seo-premium-wordpress\/ -->\n<title>Horpol LD2191 breedtelamp kort - All Day Led - voor 12&amp;24V<\/title>\n<meta name=\"description\" content=\"Horpol LD2191 breedtelamp - GRAPHITE model \/ 12&amp;24 volt - camper, vrachtwagen, tractor, aanhanger en meer - wit, oranje en rode LED - HOR 77AG\" \/>\n<meta name=\"robots\" content=\"index, follow, max-snippet:-1, max-image-preview:large, max-video-preview:-1\" \/>\n<link rel=\"canonical\" href=\"https:\/\/www.alldayled.com\/nl\/product\/horpol-ld2191-breedtelamp\/\" \/>\n<meta property=\"og:locale\" content=\"nl_NL\" \/>\n<meta property=\"og:type\" content=\"article\" \/>\n<meta property=\"og:title\" content=\"Horpol LD2191 breedtelamp kort - All Day Led - voor 12&amp;24V\" \/>\n<meta property=\"og:description\" content=\"Horpol LD2191 breedtelamp - GRAPHITE model \/ 12&amp;24 volt - camper, vrachtwagen, tractor, aanhanger en meer - wit, oranje en rode LED - HOR 77AG\" \/>\n<meta property=\"og:url\" content=\"https:\/\/www.alldayled.com\/nl\/product\/horpol-ld2191-breedtelamp\/\" \/>\n<meta property=\"og:site_name\" content=\"All Day Led\" \/>\n<meta property=\"article:publisher\" content=\"https:\/\/www.facebook.com\/alldayled\/\" \/>\n<meta property=\"article:modified_time\" content=\"2026-04-03T11:21:01+00:00\" \/>\n<meta property=\"og:image\" content=\"https:\/\/www.alldayled.com\/wp-content\/uploads\/2020\/03\/Logo-All-Day-Led-PNG-scaled.png\" \/>\n\t<meta property=\"og:image:width\" content=\"2560\" \/>\n\t<meta property=\"og:image:height\" content=\"302\" \/>\n\t<meta property=\"og:image:type\" content=\"image\/png\" \/>\n<meta name=\"twitter:label1\" content=\"Prijs\" \/>\n\t<meta name=\"twitter:data1\" content=\"&euro;&nbsp;16,50\" \/>\n\t<meta name=\"twitter:label2\" content=\"Beschikbaarheid\" \/>\n\t<meta name=\"twitter:data2\" content=\"Op voorraad\" \/>\n<script type=\"application\/ld+json\" class=\"yoast-schema-graph\">{\"@context\":\"https:\/\/schema.org\",\"@graph\":[{\"@type\":\"WebPage\",\"@id\":\"https:\/\/www.alldayled.com\/nl\/product\/horpol-ld2191-breedtelamp\/\",\"url\":\"https:\/\/www.alldayled.com\/nl\/product\/horpol-ld2191-breedtelamp\/\",\"name\":\"Horpol LD2191 breedtelamp kort - All Day Led - voor 12&24V\",\"isPartOf\":{\"@id\":\"https:\/\/www.alldayled.com\/nl\/#website\"},\"primaryImageOfPage\":{\"@id\":\"https:\/\/www.alldayled.com\/nl\/product\/horpol-ld2191-breedtelamp\/#primaryimage\"},\"image\":{\"@id\":\"https:\/\/www.alldayled.com\/nl\/product\/horpol-ld2191-breedtelamp\/#primaryimage\"},\"thumbnailUrl\":\"https:\/\/www.alldayled.com\/wp-content\/uploads\/2025\/05\/ADL202191.png\",\"datePublished\":\"2025-02-27T15:00:48+00:00\",\"dateModified\":\"2026-04-03T11:21:01+00:00\",\"description\":\"Horpol LD2191 breedtelamp - GRAPHITE model \/ 12&24 volt - camper, vrachtwagen, tractor, aanhanger en meer - wit, oranje en rode LED - HOR 77AG\",\"breadcrumb\":{\"@id\":\"https:\/\/www.alldayled.com\/nl\/product\/horpol-ld2191-breedtelamp\/#breadcrumb\"},\"inLanguage\":\"nl-NL\",\"potentialAction\":[{\"@type\":\"ReadAction\",\"target\":[\"https:\/\/www.alldayled.com\/nl\/product\/horpol-ld2191-breedtelamp\/\"]}]},{\"@type\":\"ImageObject\",\"inLanguage\":\"nl-NL\",\"@id\":\"https:\/\/www.alldayled.com\/nl\/product\/horpol-ld2191-breedtelamp\/#primaryimage\",\"url\":\"https:\/\/www.alldayled.com\/wp-content\/uploads\/2025\/05\/ADL202191.png\",\"contentUrl\":\"https:\/\/www.alldayled.com\/wp-content\/uploads\/2025\/05\/ADL202191.png\",\"width\":800,\"height\":600,\"caption\":\"Horpol LD2191 GRAPHITE - breedtelamp - oranje, rood, wit LED - EAN: 5901958854064 - HOR 77AG product groep\"},{\"@type\":\"BreadcrumbList\",\"@id\":\"https:\/\/www.alldayled.com\/nl\/product\/horpol-ld2191-breedtelamp\/#breadcrumb\",\"itemListElement\":[{\"@type\":\"ListItem\",\"position\":1,\"name\":\"Home\",\"item\":\"https:\/\/www.alldayled.com\/nl\/\"},{\"@type\":\"ListItem\",\"position\":2,\"name\":\"Winkel\",\"item\":\"https:\/\/www.alldayled.com\/nl\/winkel\/\"},{\"@type\":\"ListItem\",\"position\":3,\"name\":\"Positielampen\",\"item\":\"https:\/\/www.alldayled.com\/nl\/product-categorie\/positielampen\/\"},{\"@type\":\"ListItem\",\"position\":4,\"name\":\"Breedtelampen\",\"item\":\"https:\/\/www.alldayled.com\/nl\/product-categorie\/positielampen\/breedtelampen\/\"},{\"@type\":\"ListItem\",\"position\":5,\"name\":\"Horpol LD2191 breedtelamp\"}]},{\"@type\":\"WebSite\",\"@id\":\"https:\/\/www.alldayled.com\/nl\/#website\",\"url\":\"https:\/\/www.alldayled.com\/nl\/\",\"name\":\"All Day Led\",\"description\":\"Verlichting voor 12&amp;24 volt gebruik\",\"publisher\":{\"@id\":\"https:\/\/www.alldayled.com\/nl\/#organization\"},\"potentialAction\":[{\"@type\":\"SearchAction\",\"target\":{\"@type\":\"EntryPoint\",\"urlTemplate\":\"https:\/\/www.alldayled.com\/nl\/?s={search_term_string}\"},\"query-input\":{\"@type\":\"PropertyValueSpecification\",\"valueRequired\":true,\"valueName\":\"search_term_string\"}}],\"inLanguage\":\"nl-NL\"},{\"@type\":\"Organization\",\"@id\":\"https:\/\/www.alldayled.com\/nl\/#organization\",\"name\":\"All Day Led\",\"url\":\"https:\/\/www.alldayled.com\/nl\/\",\"logo\":{\"@type\":\"ImageObject\",\"inLanguage\":\"nl-NL\",\"@id\":\"https:\/\/www.alldayled.com\/nl\/#\/schema\/logo\/image\/\",\"url\":\"https:\/\/www.alldayled.com\/wp-content\/uploads\/2025\/10\/Logo-ALL-DAY-LED-800x800-zwart-witte-letters.png\",\"contentUrl\":\"https:\/\/www.alldayled.com\/wp-content\/uploads\/2025\/10\/Logo-ALL-DAY-LED-800x800-zwart-witte-letters.png\",\"width\":800,\"height\":800,\"caption\":\"All Day Led\"},\"image\":{\"@id\":\"https:\/\/www.alldayled.com\/nl\/#\/schema\/logo\/image\/\"},\"sameAs\":[\"https:\/\/www.facebook.com\/alldayled\/\",\"https:\/\/www.instagram.com\/alldayled\/\"],\"vatID\":\"NL863960133B01\",\"taxID\":\"86416545\"}]}<\/script>\n<meta property=\"product:brand\" content=\"Horpol\" \/>\n<meta property=\"product:price:amount\" content=\"16.50\" \/>\n<meta property=\"product:price:currency\" content=\"EUR\" \/>\n<meta property=\"og:availability\" content=\"instock\" \/>\n<meta property=\"product:availability\" content=\"instock\" \/>\n<meta property=\"product:retailer_item_id\" content=\"ADL202191\" \/>\n<meta property=\"product:condition\" content=\"new\" \/>\n<!-- \/ Yoast SEO Premium plugin. -->","yoast_head_json":{"title":"Horpol LD2191 breedtelamp kort - All Day Led - voor 12&24V","description":"Horpol LD2191 breedtelamp - GRAPHITE model \/ 12&24 volt - camper, vrachtwagen, tractor, aanhanger en meer - wit, oranje en rode LED - HOR 77AG","robots":{"index":"index","follow":"follow","max-snippet":"max-snippet:-1","max-image-preview":"max-image-preview:large","max-video-preview":"max-video-preview:-1"},"canonical":"https:\/\/www.alldayled.com\/nl\/product\/horpol-ld2191-breedtelamp\/","og_locale":"nl_NL","og_type":"article","og_title":"Horpol LD2191 breedtelamp kort - All Day Led - voor 12&24V","og_description":"Horpol LD2191 breedtelamp - GRAPHITE model \/ 12&24 volt - camper, vrachtwagen, tractor, aanhanger en meer - wit, oranje en rode LED - HOR 77AG","og_url":"https:\/\/www.alldayled.com\/nl\/product\/horpol-ld2191-breedtelamp\/","og_site_name":"All Day Led","article_publisher":"https:\/\/www.facebook.com\/alldayled\/","article_modified_time":"2026-04-03T11:21:01+00:00","og_image":[{"width":2560,"height":302,"url":"https:\/\/www.alldayled.com\/wp-content\/uploads\/2020\/03\/Logo-All-Day-Led-PNG-scaled.png","type":"image\/png"}],"twitter_misc":{"Prijs":"&euro;&nbsp;16,50","Beschikbaarheid":"Op voorraad"},"schema":{"@context":"https:\/\/schema.org","@graph":[{"@type":"WebPage","@id":"https:\/\/www.alldayled.com\/nl\/product\/horpol-ld2191-breedtelamp\/","url":"https:\/\/www.alldayled.com\/nl\/product\/horpol-ld2191-breedtelamp\/","name":"Horpol LD2191 breedtelamp kort - All Day Led - voor 12&24V","isPartOf":{"@id":"https:\/\/www.alldayled.com\/nl\/#website"},"primaryImageOfPage":{"@id":"https:\/\/www.alldayled.com\/nl\/product\/horpol-ld2191-breedtelamp\/#primaryimage"},"image":{"@id":"https:\/\/www.alldayled.com\/nl\/product\/horpol-ld2191-breedtelamp\/#primaryimage"},"thumbnailUrl":"https:\/\/www.alldayled.com\/wp-content\/uploads\/2025\/05\/ADL202191.png","datePublished":"2025-02-27T15:00:48+00:00","dateModified":"2026-04-03T11:21:01+00:00","description":"Horpol LD2191 breedtelamp - GRAPHITE model \/ 12&24 volt - camper, vrachtwagen, tractor, aanhanger en meer - wit, oranje en rode LED - HOR 77AG","breadcrumb":{"@id":"https:\/\/www.alldayled.com\/nl\/product\/horpol-ld2191-breedtelamp\/#breadcrumb"},"inLanguage":"nl-NL","potentialAction":[{"@type":"ReadAction","target":["https:\/\/www.alldayled.com\/nl\/product\/horpol-ld2191-breedtelamp\/"]}]},{"@type":"ImageObject","inLanguage":"nl-NL","@id":"https:\/\/www.alldayled.com\/nl\/product\/horpol-ld2191-breedtelamp\/#primaryimage","url":"https:\/\/www.alldayled.com\/wp-content\/uploads\/2025\/05\/ADL202191.png","contentUrl":"https:\/\/www.alldayled.com\/wp-content\/uploads\/2025\/05\/ADL202191.png","width":800,"height":600,"caption":"Horpol LD2191 GRAPHITE - breedtelamp - oranje, rood, wit LED - EAN: 5901958854064 - HOR 77AG product groep"},{"@type":"BreadcrumbList","@id":"https:\/\/www.alldayled.com\/nl\/product\/horpol-ld2191-breedtelamp\/#breadcrumb","itemListElement":[{"@type":"ListItem","position":1,"name":"Home","item":"https:\/\/www.alldayled.com\/nl\/"},{"@type":"ListItem","position":2,"name":"Winkel","item":"https:\/\/www.alldayled.com\/nl\/winkel\/"},{"@type":"ListItem","position":3,"name":"Positielampen","item":"https:\/\/www.alldayled.com\/nl\/product-categorie\/positielampen\/"},{"@type":"ListItem","position":4,"name":"Breedtelampen","item":"https:\/\/www.alldayled.com\/nl\/product-categorie\/positielampen\/breedtelampen\/"},{"@type":"ListItem","position":5,"name":"Horpol LD2191 breedtelamp"}]},{"@type":"WebSite","@id":"https:\/\/www.alldayled.com\/nl\/#website","url":"https:\/\/www.alldayled.com\/nl\/","name":"All Day Led","description":"Verlichting voor 12&amp;24 volt gebruik","publisher":{"@id":"https:\/\/www.alldayled.com\/nl\/#organization"},"potentialAction":[{"@type":"SearchAction","target":{"@type":"EntryPoint","urlTemplate":"https:\/\/www.alldayled.com\/nl\/?s={search_term_string}"},"query-input":{"@type":"PropertyValueSpecification","valueRequired":true,"valueName":"search_term_string"}}],"inLanguage":"nl-NL"},{"@type":"Organization","@id":"https:\/\/www.alldayled.com\/nl\/#organization","name":"All Day Led","url":"https:\/\/www.alldayled.com\/nl\/","logo":{"@type":"ImageObject","inLanguage":"nl-NL","@id":"https:\/\/www.alldayled.com\/nl\/#\/schema\/logo\/image\/","url":"https:\/\/www.alldayled.com\/wp-content\/uploads\/2025\/10\/Logo-ALL-DAY-LED-800x800-zwart-witte-letters.png","contentUrl":"https:\/\/www.alldayled.com\/wp-content\/uploads\/2025\/10\/Logo-ALL-DAY-LED-800x800-zwart-witte-letters.png","width":800,"height":800,"caption":"All Day Led"},"image":{"@id":"https:\/\/www.alldayled.com\/nl\/#\/schema\/logo\/image\/"},"sameAs":["https:\/\/www.facebook.com\/alldayled\/","https:\/\/www.instagram.com\/alldayled\/"],"vatID":"NL863960133B01","taxID":"86416545"}]},"product_brand":"Horpol","product_price_amount":"16.50","product_price_currency":"EUR","og_availability":"instock","product_availability":"instock","product_retailer_item_id":"ADL202191","product_condition":"new"},"_links":{"self":[{"href":"https:\/\/www.alldayled.com\/nl\/wp-json\/wp\/v2\/product\/55849","targetHints":{"allow":["GET"]}}],"collection":[{"href":"https:\/\/www.alldayled.com\/nl\/wp-json\/wp\/v2\/product"}],"about":[{"href":"https:\/\/www.alldayled.com\/nl\/wp-json\/wp\/v2\/types\/product"}],"replies":[{"embeddable":true,"href":"https:\/\/www.alldayled.com\/nl\/wp-json\/wp\/v2\/comments?post=55849"}],"wp:featuredmedia":[{"embeddable":true,"href":"https:\/\/www.alldayled.com\/nl\/wp-json\/wp\/v2\/media\/35740"}],"wp:attachment":[{"href":"https:\/\/www.alldayled.com\/nl\/wp-json\/wp\/v2\/media?parent=55849"}],"wp:term":[{"taxonomy":"product_brand","embeddable":true,"href":"https:\/\/www.alldayled.com\/nl\/wp-json\/wp\/v2\/product_brand?post=55849"},{"taxonomy":"product_cat","embeddable":true,"href":"https:\/\/www.alldayled.com\/nl\/wp-json\/wp\/v2\/product_cat?post=55849"},{"taxonomy":"product_tag","embeddable":true,"href":"https:\/\/www.alldayled.com\/nl\/wp-json\/wp\/v2\/product_tag?post=55849"}],"curies":[{"name":"wp","href":"https:\/\/api.w.org\/{rel}","templated":true}]}}