{"id":58557,"date":"2023-03-17T16:45:56","date_gmt":"2023-03-17T15:45:56","guid":{"rendered":"https:\/\/www.alldayled.com\/?post_type=product&#038;p=58557"},"modified":"2026-04-17T11:18:45","modified_gmt":"2026-04-17T09:18:45","slug":"dagrijverlichting-mercedes-actros-2020-xenon-wit","status":"publish","type":"product","link":"https:\/\/www.alldayled.com\/nl\/product\/dagrijverlichting-mercedes-actros-2020-xenon-wit\/","title":{"rendered":"Dagrijverlichting Mercedes Actros 2020+ xenon wit"},"content":{"rendered":"<p><span style=\"color: #000000;\"><strong>Dagrijverlichting XENON WIT, geschikt voor een Mercedes Actros met bouwjaar 2020+.<\/strong><\/span><\/p>\n<p><span style=\"color: #000000;\">Is de dagrijverlichting van jouw Mercedes Actros (2020+) toe aan vervanging? Of wil je simpelweg een kapot LED-plaatje vervangen zonder meteen de hele koplampunit te hoeven wisselen? Dan is deze DRL Mercedes Actros dus precies wat je zoekt. Deze vervangende dagrijverlichting unit is ook identiek aan de origineel gemonteerde variant. Perfect als je truck er weer als nieuw uit moet zien! Belangrijk om te weten: deze Mercedes Actros dagrijverlichting xenon wit is speciaal ontwikkeld voor de Mercedes Actros (bouwjaar 2020 en later) en past dus perfect in het originele ontwerp van de LED-koplampen. De set is niet universeel en is niet geschikt voor andere merken of modellen.\u00a0<\/span><\/p>\n<p><span style=\"color: #000000;\">De set bestaat uit twee LED-plaatjes: \u00e9\u00e9n voor de linkerzijde en \u00e9\u00e9n voor de rechterzijde. Zo kun je beide kanten van je Mercedes in \u00e9\u00e9n keer netjes opknappen. Elke plaat is voorzien van tien krachtige LED&#8217;s, deze zullen ervoor zorgen dat de gehele module oplicht en dankzij het plug-and-play ontwerp wissel je de originele dagrijverlichting moeiteloos om. Superhandig bij schade, slijtage of gewoon als je truck toe is aan een frisse look. De Mercedes Actros dagrijverlichting xenon wit is gemaakt van hoogwaardig materiaal en heeft hierdoor een lange levensduur. Kortom: of je nu een kapot DRL-plaatje wil vervangen of gewoon zeker wilt zijn van goed werkende, strakke verlichting, met deze DRL Mercedes Actros xenon witte set zit je altijd goed.<\/span><\/p>\n<div class=\"truncated\">\n<h5><span style=\"color: #000000;\"><strong>Overige modellen:\u00a0<\/strong><\/span><\/h5>\n<p><span style=\"color: #000000;\">Heb je wel een Mercedes vrachtwagen, maar is deze voorzien niet voorzien van dezelfde units die op afbeelding 2 word afgebeeld? Of ben je opzoek naar een andere kleur? Bekijk dan hier onder de overige beschikbare modellen DRL units voor de Mercedes vrachtwagen:\u00a0<\/span><\/p>\n<ul>\n<li><span style=\"color: #000000;\"><strong>MB Actros 2020+ WARM WIT<\/strong><\/span><\/li>\n<li><span style=\"color: #000000;\"><a style=\"color: #000000;\" href=\"https:\/\/www.alldayled.com\/product\/mercedes-arocs-drl-unit-warm-wit\/\" target=\"_blank\" rel=\"noopener\"><strong>MB Arocs 2022+ WARM WIT<\/strong><\/a><\/span><\/li>\n<li><span style=\"color: #000000;\"><strong><a style=\"color: #000000;\" href=\"https:\/\/www.alldayled.com\/product\/mercedes-actros-drl-unit-oranje\/\" target=\"_blank\" rel=\"noopener\">MB Actros 2020+ ORANJE<\/a> <\/strong><\/span><\/li>\n<li><span style=\"color: #000000;\"><a style=\"color: #000000;\" href=\"https:\/\/www.alldayled.com\/product\/mercedes-arocs-drl-unit-oranje\/\" target=\"_blank\" rel=\"noopener\"><strong>MB Arocs 2022+ ORANJE <\/strong><\/a><\/span><\/li>\n<\/ul>\n<\/div>\n<p><span style=\"color: #000000;\">Wil je niet enkel de dagrijverlichting xenon wit vervangen van jouw Mercedes Actros van 2020+? Maar ben je opzoek naar meer LED verlichting die je in of rond jouw vrachtwagen kunt monteren? Neem dan ook eens een kijkje op de pagina <a style=\"color: #000000;\" href=\"https:\/\/www.alldayled.com\/product-categorie\/verlichting-vrachtwagen\/mercedes-verlichting\/\" target=\"_blank\" rel=\"noopener\">Mercedes verlichting<\/a>.<\/span><\/p>\n","protected":false},"excerpt":{"rendered":"<p>DRL unit xenon wit, geschikt voor Mercedes Actros met bouwjaar 2020+.<\/p>\n","protected":false},"featured_media":36448,"comment_status":"open","ping_status":"closed","template":"","meta":{"_acf_changed":false},"product_brand":[5041],"product_cat":[3061,3104],"product_tag":[3275,4295,3285],"class_list":{"0":"post-58557","1":"product","2":"type-product","3":"status-publish","4":"has-post-thumbnail","6":"product_brand-mtrs","7":"product_cat-dagrijlampen","8":"product_cat-mercedes-verlichting","9":"product_tag-dagrijverlichting-vrachtwagen","10":"product_tag-drl-module","11":"product_tag-led-dagrijverlichting","13":"first","14":"instock","15":"taxable","16":"shipping-taxable","17":"purchasable","18":"product-type-simple"},"acf":[],"yoast_head":"<!-- This site is optimized with the Yoast SEO Premium plugin v26.5 (Yoast SEO v27.1.1) - https:\/\/yoast.com\/product\/yoast-seo-premium-wordpress\/ -->\n<title>Mercedes Actros dagrijverlichting XENON WIT - All Day Led - 2020+<\/title>\n<meta name=\"description\" content=\"Mercedes Actros dagrijverlichting XENON WIT - 2020+ - voor de Actros modellen met LED \/ xenon koplamp - DRL unit - plug &amp; play - vrachtwagen verlichting\" \/>\n<meta name=\"robots\" content=\"index, follow, max-snippet:-1, max-image-preview:large, max-video-preview:-1\" \/>\n<link rel=\"canonical\" href=\"https:\/\/www.alldayled.com\/nl\/product\/dagrijverlichting-mercedes-actros-2020-xenon-wit\/\" \/>\n<meta property=\"og:locale\" content=\"nl_NL\" \/>\n<meta property=\"og:type\" content=\"article\" \/>\n<meta property=\"og:title\" content=\"Mercedes Actros dagrijverlichting XENON WIT - All Day Led - 2020+\" \/>\n<meta property=\"og:description\" content=\"Mercedes Actros dagrijverlichting XENON WIT - 2020+ - voor de Actros modellen met LED \/ xenon koplamp - DRL unit - plug &amp; play - vrachtwagen verlichting\" \/>\n<meta property=\"og:url\" content=\"https:\/\/www.alldayled.com\/nl\/product\/dagrijverlichting-mercedes-actros-2020-xenon-wit\/\" \/>\n<meta property=\"og:site_name\" content=\"All Day Led\" \/>\n<meta property=\"article:publisher\" content=\"https:\/\/www.facebook.com\/alldayled\/\" \/>\n<meta property=\"article:modified_time\" content=\"2026-04-17T09:18:45+00:00\" \/>\n<meta property=\"og:image\" content=\"https:\/\/www.alldayled.com\/wp-content\/uploads\/2020\/03\/Logo-All-Day-Led-PNG-scaled.png\" \/>\n\t<meta property=\"og:image:width\" content=\"2560\" \/>\n\t<meta property=\"og:image:height\" content=\"302\" \/>\n\t<meta property=\"og:image:type\" content=\"image\/png\" \/>\n<meta name=\"twitter:label1\" content=\"Prijs\" \/>\n\t<meta name=\"twitter:data1\" content=\"&euro;&nbsp;165,00\" \/>\n\t<meta name=\"twitter:label2\" content=\"Beschikbaarheid\" \/>\n\t<meta name=\"twitter:data2\" content=\"Op voorraad\" \/>\n<script type=\"application\/ld+json\" class=\"yoast-schema-graph\">{\"@context\":\"https:\/\/schema.org\",\"@graph\":[{\"@type\":\"WebPage\",\"@id\":\"https:\/\/www.alldayled.com\/nl\/product\/dagrijverlichting-mercedes-actros-2020-xenon-wit\/\",\"url\":\"https:\/\/www.alldayled.com\/nl\/product\/dagrijverlichting-mercedes-actros-2020-xenon-wit\/\",\"name\":\"Mercedes Actros dagrijverlichting XENON WIT - All Day Led - 2020+\",\"isPartOf\":{\"@id\":\"https:\/\/www.alldayled.com\/nl\/#website\"},\"primaryImageOfPage\":{\"@id\":\"https:\/\/www.alldayled.com\/nl\/product\/dagrijverlichting-mercedes-actros-2020-xenon-wit\/#primaryimage\"},\"image\":{\"@id\":\"https:\/\/www.alldayled.com\/nl\/product\/dagrijverlichting-mercedes-actros-2020-xenon-wit\/#primaryimage\"},\"thumbnailUrl\":\"https:\/\/www.alldayled.com\/wp-content\/uploads\/2025\/07\/ADL41031.png\",\"datePublished\":\"2023-03-17T15:45:56+00:00\",\"dateModified\":\"2026-04-17T09:18:45+00:00\",\"description\":\"Mercedes Actros dagrijverlichting XENON WIT - 2020+ - voor de Actros modellen met LED \/ xenon koplamp - DRL unit - plug & play - vrachtwagen verlichting\",\"breadcrumb\":{\"@id\":\"https:\/\/www.alldayled.com\/nl\/product\/dagrijverlichting-mercedes-actros-2020-xenon-wit\/#breadcrumb\"},\"inLanguage\":\"nl-NL\",\"potentialAction\":[{\"@type\":\"ReadAction\",\"target\":[\"https:\/\/www.alldayled.com\/nl\/product\/dagrijverlichting-mercedes-actros-2020-xenon-wit\/\"]}]},{\"@type\":\"ImageObject\",\"inLanguage\":\"nl-NL\",\"@id\":\"https:\/\/www.alldayled.com\/nl\/product\/dagrijverlichting-mercedes-actros-2020-xenon-wit\/#primaryimage\",\"url\":\"https:\/\/www.alldayled.com\/wp-content\/uploads\/2025\/07\/ADL41031.png\",\"contentUrl\":\"https:\/\/www.alldayled.com\/wp-content\/uploads\/2025\/07\/ADL41031.png\",\"width\":800,\"height\":600,\"caption\":\"Mercedes Actros dagrijverlichting xenon wit - bj 2020+ - geschikt voor Actros met LED \/ xenon koplamp - DRL unit- plug & play -vrachtwagen verlichting - 41031\"},{\"@type\":\"BreadcrumbList\",\"@id\":\"https:\/\/www.alldayled.com\/nl\/product\/dagrijverlichting-mercedes-actros-2020-xenon-wit\/#breadcrumb\",\"itemListElement\":[{\"@type\":\"ListItem\",\"position\":1,\"name\":\"Home\",\"item\":\"https:\/\/www.alldayled.com\/nl\/\"},{\"@type\":\"ListItem\",\"position\":2,\"name\":\"Winkel\",\"item\":\"https:\/\/www.alldayled.com\/nl\/winkel\/\"},{\"@type\":\"ListItem\",\"position\":3,\"name\":\"Overige\",\"item\":\"https:\/\/www.alldayled.com\/nl\/product-categorie\/overige-producten\/\"},{\"@type\":\"ListItem\",\"position\":4,\"name\":\"Dagrijlampen\",\"item\":\"https:\/\/www.alldayled.com\/nl\/product-categorie\/overige-producten\/dagrijlampen\/\"},{\"@type\":\"ListItem\",\"position\":5,\"name\":\"Dagrijverlichting Mercedes Actros 2020+ xenon wit\"}]},{\"@type\":\"WebSite\",\"@id\":\"https:\/\/www.alldayled.com\/nl\/#website\",\"url\":\"https:\/\/www.alldayled.com\/nl\/\",\"name\":\"All Day Led\",\"description\":\"Verlichting voor 12&amp;24 volt gebruik\",\"publisher\":{\"@id\":\"https:\/\/www.alldayled.com\/nl\/#organization\"},\"potentialAction\":[{\"@type\":\"SearchAction\",\"target\":{\"@type\":\"EntryPoint\",\"urlTemplate\":\"https:\/\/www.alldayled.com\/nl\/?s={search_term_string}\"},\"query-input\":{\"@type\":\"PropertyValueSpecification\",\"valueRequired\":true,\"valueName\":\"search_term_string\"}}],\"inLanguage\":\"nl-NL\"},{\"@type\":\"Organization\",\"@id\":\"https:\/\/www.alldayled.com\/nl\/#organization\",\"name\":\"All Day Led\",\"url\":\"https:\/\/www.alldayled.com\/nl\/\",\"logo\":{\"@type\":\"ImageObject\",\"inLanguage\":\"nl-NL\",\"@id\":\"https:\/\/www.alldayled.com\/nl\/#\/schema\/logo\/image\/\",\"url\":\"https:\/\/www.alldayled.com\/wp-content\/uploads\/2025\/10\/Logo-ALL-DAY-LED-800x800-zwart-witte-letters.png\",\"contentUrl\":\"https:\/\/www.alldayled.com\/wp-content\/uploads\/2025\/10\/Logo-ALL-DAY-LED-800x800-zwart-witte-letters.png\",\"width\":800,\"height\":800,\"caption\":\"All Day Led\"},\"image\":{\"@id\":\"https:\/\/www.alldayled.com\/nl\/#\/schema\/logo\/image\/\"},\"sameAs\":[\"https:\/\/www.facebook.com\/alldayled\/\",\"https:\/\/www.instagram.com\/alldayled\/\"],\"vatID\":\"NL863960133B01\",\"taxID\":\"86416545\"}]}<\/script>\n<meta property=\"product:brand\" content=\"MTRS\" \/>\n<meta property=\"product:price:amount\" content=\"165.00\" \/>\n<meta property=\"product:price:currency\" content=\"EUR\" \/>\n<meta property=\"og:availability\" content=\"instock\" \/>\n<meta property=\"product:availability\" content=\"instock\" \/>\n<meta property=\"product:retailer_item_id\" content=\"ADL41031\" \/>\n<meta property=\"product:condition\" content=\"new\" \/>\n<!-- \/ Yoast SEO Premium plugin. -->","yoast_head_json":{"title":"Mercedes Actros dagrijverlichting XENON WIT - All Day Led - 2020+","description":"Mercedes Actros dagrijverlichting XENON WIT - 2020+ - voor de Actros modellen met LED \/ xenon koplamp - DRL unit - plug & play - vrachtwagen verlichting","robots":{"index":"index","follow":"follow","max-snippet":"max-snippet:-1","max-image-preview":"max-image-preview:large","max-video-preview":"max-video-preview:-1"},"canonical":"https:\/\/www.alldayled.com\/nl\/product\/dagrijverlichting-mercedes-actros-2020-xenon-wit\/","og_locale":"nl_NL","og_type":"article","og_title":"Mercedes Actros dagrijverlichting XENON WIT - All Day Led - 2020+","og_description":"Mercedes Actros dagrijverlichting XENON WIT - 2020+ - voor de Actros modellen met LED \/ xenon koplamp - DRL unit - plug & play - vrachtwagen verlichting","og_url":"https:\/\/www.alldayled.com\/nl\/product\/dagrijverlichting-mercedes-actros-2020-xenon-wit\/","og_site_name":"All Day Led","article_publisher":"https:\/\/www.facebook.com\/alldayled\/","article_modified_time":"2026-04-17T09:18:45+00:00","og_image":[{"width":2560,"height":302,"url":"https:\/\/www.alldayled.com\/wp-content\/uploads\/2020\/03\/Logo-All-Day-Led-PNG-scaled.png","type":"image\/png"}],"twitter_misc":{"Prijs":"&euro;&nbsp;165,00","Beschikbaarheid":"Op voorraad"},"schema":{"@context":"https:\/\/schema.org","@graph":[{"@type":"WebPage","@id":"https:\/\/www.alldayled.com\/nl\/product\/dagrijverlichting-mercedes-actros-2020-xenon-wit\/","url":"https:\/\/www.alldayled.com\/nl\/product\/dagrijverlichting-mercedes-actros-2020-xenon-wit\/","name":"Mercedes Actros dagrijverlichting XENON WIT - All Day Led - 2020+","isPartOf":{"@id":"https:\/\/www.alldayled.com\/nl\/#website"},"primaryImageOfPage":{"@id":"https:\/\/www.alldayled.com\/nl\/product\/dagrijverlichting-mercedes-actros-2020-xenon-wit\/#primaryimage"},"image":{"@id":"https:\/\/www.alldayled.com\/nl\/product\/dagrijverlichting-mercedes-actros-2020-xenon-wit\/#primaryimage"},"thumbnailUrl":"https:\/\/www.alldayled.com\/wp-content\/uploads\/2025\/07\/ADL41031.png","datePublished":"2023-03-17T15:45:56+00:00","dateModified":"2026-04-17T09:18:45+00:00","description":"Mercedes Actros dagrijverlichting XENON WIT - 2020+ - voor de Actros modellen met LED \/ xenon koplamp - DRL unit - plug & play - vrachtwagen verlichting","breadcrumb":{"@id":"https:\/\/www.alldayled.com\/nl\/product\/dagrijverlichting-mercedes-actros-2020-xenon-wit\/#breadcrumb"},"inLanguage":"nl-NL","potentialAction":[{"@type":"ReadAction","target":["https:\/\/www.alldayled.com\/nl\/product\/dagrijverlichting-mercedes-actros-2020-xenon-wit\/"]}]},{"@type":"ImageObject","inLanguage":"nl-NL","@id":"https:\/\/www.alldayled.com\/nl\/product\/dagrijverlichting-mercedes-actros-2020-xenon-wit\/#primaryimage","url":"https:\/\/www.alldayled.com\/wp-content\/uploads\/2025\/07\/ADL41031.png","contentUrl":"https:\/\/www.alldayled.com\/wp-content\/uploads\/2025\/07\/ADL41031.png","width":800,"height":600,"caption":"Mercedes Actros dagrijverlichting xenon wit - bj 2020+ - geschikt voor Actros met LED \/ xenon koplamp - DRL unit- plug & play -vrachtwagen verlichting - 41031"},{"@type":"BreadcrumbList","@id":"https:\/\/www.alldayled.com\/nl\/product\/dagrijverlichting-mercedes-actros-2020-xenon-wit\/#breadcrumb","itemListElement":[{"@type":"ListItem","position":1,"name":"Home","item":"https:\/\/www.alldayled.com\/nl\/"},{"@type":"ListItem","position":2,"name":"Winkel","item":"https:\/\/www.alldayled.com\/nl\/winkel\/"},{"@type":"ListItem","position":3,"name":"Overige","item":"https:\/\/www.alldayled.com\/nl\/product-categorie\/overige-producten\/"},{"@type":"ListItem","position":4,"name":"Dagrijlampen","item":"https:\/\/www.alldayled.com\/nl\/product-categorie\/overige-producten\/dagrijlampen\/"},{"@type":"ListItem","position":5,"name":"Dagrijverlichting Mercedes Actros 2020+ xenon wit"}]},{"@type":"WebSite","@id":"https:\/\/www.alldayled.com\/nl\/#website","url":"https:\/\/www.alldayled.com\/nl\/","name":"All Day Led","description":"Verlichting voor 12&amp;24 volt gebruik","publisher":{"@id":"https:\/\/www.alldayled.com\/nl\/#organization"},"potentialAction":[{"@type":"SearchAction","target":{"@type":"EntryPoint","urlTemplate":"https:\/\/www.alldayled.com\/nl\/?s={search_term_string}"},"query-input":{"@type":"PropertyValueSpecification","valueRequired":true,"valueName":"search_term_string"}}],"inLanguage":"nl-NL"},{"@type":"Organization","@id":"https:\/\/www.alldayled.com\/nl\/#organization","name":"All Day Led","url":"https:\/\/www.alldayled.com\/nl\/","logo":{"@type":"ImageObject","inLanguage":"nl-NL","@id":"https:\/\/www.alldayled.com\/nl\/#\/schema\/logo\/image\/","url":"https:\/\/www.alldayled.com\/wp-content\/uploads\/2025\/10\/Logo-ALL-DAY-LED-800x800-zwart-witte-letters.png","contentUrl":"https:\/\/www.alldayled.com\/wp-content\/uploads\/2025\/10\/Logo-ALL-DAY-LED-800x800-zwart-witte-letters.png","width":800,"height":800,"caption":"All Day Led"},"image":{"@id":"https:\/\/www.alldayled.com\/nl\/#\/schema\/logo\/image\/"},"sameAs":["https:\/\/www.facebook.com\/alldayled\/","https:\/\/www.instagram.com\/alldayled\/"],"vatID":"NL863960133B01","taxID":"86416545"}]},"product_brand":"MTRS","product_price_amount":"165.00","product_price_currency":"EUR","og_availability":"instock","product_availability":"instock","product_retailer_item_id":"ADL41031","product_condition":"new"},"_links":{"self":[{"href":"https:\/\/www.alldayled.com\/nl\/wp-json\/wp\/v2\/product\/58557","targetHints":{"allow":["GET"]}}],"collection":[{"href":"https:\/\/www.alldayled.com\/nl\/wp-json\/wp\/v2\/product"}],"about":[{"href":"https:\/\/www.alldayled.com\/nl\/wp-json\/wp\/v2\/types\/product"}],"replies":[{"embeddable":true,"href":"https:\/\/www.alldayled.com\/nl\/wp-json\/wp\/v2\/comments?post=58557"}],"wp:featuredmedia":[{"embeddable":true,"href":"https:\/\/www.alldayled.com\/nl\/wp-json\/wp\/v2\/media\/36448"}],"wp:attachment":[{"href":"https:\/\/www.alldayled.com\/nl\/wp-json\/wp\/v2\/media?parent=58557"}],"wp:term":[{"taxonomy":"product_brand","embeddable":true,"href":"https:\/\/www.alldayled.com\/nl\/wp-json\/wp\/v2\/product_brand?post=58557"},{"taxonomy":"product_cat","embeddable":true,"href":"https:\/\/www.alldayled.com\/nl\/wp-json\/wp\/v2\/product_cat?post=58557"},{"taxonomy":"product_tag","embeddable":true,"href":"https:\/\/www.alldayled.com\/nl\/wp-json\/wp\/v2\/product_tag?post=58557"}],"curies":[{"name":"wp","href":"https:\/\/api.w.org\/{rel}","templated":true}]}}