{"id":58997,"date":"2025-05-14T10:31:32","date_gmt":"2025-05-14T08:31:32","guid":{"rendered":"https:\/\/www.alldayled.com\/?post_type=product&#038;p=58997"},"modified":"2026-03-18T11:18:43","modified_gmt":"2026-03-18T10:18:43","slug":"strands-siberia-xpa-led-bar-sr-12","status":"publish","type":"product","link":"https:\/\/www.alldayled.com\/nl\/product\/strands-siberia-xpa-led-bar-sr-12\/","title":{"rendered":"Strands Siberia XPA LED bar SR &#8211; 12\u2033"},"content":{"rendered":"<p><span style=\"color: #000000;\"><strong>Strands Siberia XPA LED bar single row 12 inch, voor 12 en 24 volt.<\/strong><\/span><\/p>\n<p><span style=\"color: #000000;\">Wil jij je auto, SUV, camper of vrachtwagen voorzien van een sterke en veelzijdige LED bar, maar weet je niet precies welke lamp het beste bij jouw voertuig past? Dan is de Siberia XPA LED bar SR 12 inch wellicht de oplossing. Deze LED bar is compact, krachtig en voorzien van een DUAL COLOR standlicht, dat je eenvoudig kunt instellen op wit of oranje. Zo kies je altijd de juiste look \u00e9n optimale zichtbaarheid, ongeacht het voertuig of de situatie.\u00a0<\/span><\/p>\n<p><span style=\"color: #000000;\">De lamp werkt op zowel 12 als 24 volt, waardoor hij geschikt is voor een breed scala aan voertuigen, van auto\u2019s en campers tot vrachtwagens en tractoren. Dankzij de ECE R148 en ECE R149 goedkeuring kun je hem bovendien probleemloos op de openbare weg gebruiken. Het robuuste aluminium frame en de polycarbonaat lens maken de LED bar extreem duurzaam. Daarnaast is de lamp bestand tegen stoten, stof en water. Hiermee is de lamp ideaal voor zowel dagelijks gebruik als zware omstandigheden. Of je nu op zoek bent naar extra zichtbaarheid, een stoere upgrade voor je voertuig of beide, de Strands Siberia XPA LED bar Single Row 12 inch biedt alles in \u00e9\u00e9n compacte en betrouwbare lamp. Bekijk hieronder de specificaties en ontdek waarom deze LED bar misschien wel d\u00e9 lamp is die jouw voertuig nodig heeft.<\/span><\/p>\n<h5><span style=\"color: #000000;\"><strong>Afmetingen:<\/strong><\/span><\/h5>\n<p><span style=\"color: #000000;\">Omdat je zeker wilt zijn dat de lamp past waar je deze wilt monteren, is het belangrijk om de afmetingen te weten. De afmetingen van de Strands Siberia XPA LED bar Single Row 12&#8221; zijn als volgt:<\/span><\/p>\n<ul>\n<li><span style=\"color: #000000;\">Hoogte: 45 mm (64.5 mm incl. bevestiging)<\/span><\/li>\n<li><span style=\"color: #000000;\">Breedte: 304.7 mm<\/span><\/li>\n<li><span style=\"color: #000000;\">Dikte: 55.5 mm<\/span><\/li>\n<\/ul>\n<p><span style=\"color: #000000;\">Let op, de Strands Siberia XPA LED lamp wordt standaard geleverd \u00e9\u00e9n set bevestigingsbeugels. Met deze beugels kun je de lamp via de achterkant monteren.\u00a0<\/span><\/p>\n<h5><span style=\"color: #000000;\"><strong>Overige afmetingen:\u00a0<\/strong><\/span><\/h5>\n<p><span style=\"color: #000000;\">Wil je je auto, SUV, camper of vrachtwagen graag voorzien van een LED bar? Maar is de Strands Siberia XPA LED bar Single Row 12 inch net niet de juiste lengte voor jouw voertuig? Geen probleem! Deze populaire LED bar is namelijk ook beschikbaar in andere maten binnen dezelfde Siberia XPA Single Row-serie. Zo kies je eenvoudig de variant die perfect aansluit bij jouw auto, camper, vrachtwagen of SUV.\u00a0<\/span><\/p>\n<ul>\n<li><a href=\"https:\/\/www.alldayled.com\/product\/strands-siberia-xpa-led-bar-sr-22\/\"><span style=\"color: #000000;\"><strong>Siberia XPA SR 22 inch<\/strong><\/span><\/a><\/li>\n<li><a href=\"https:\/\/www.alldayled.com\/product\/strands-siberia-xpa-led-bar-sr-32\/\"><span style=\"color: #000000;\"><strong>Siberia XPA SR 32 inch<\/strong><\/span><\/a><\/li>\n<li><a href=\"https:\/\/www.alldayled.com\/product\/strands-siberia-xpa-led-bar-sr-42\/\"><span style=\"color: #000000;\"><strong>Siberia XPA SR 42 inch<\/strong><\/span><\/a><\/li>\n<li><a href=\"https:\/\/www.alldayled.com\/product\/strands-siberia-xpa-led-bar-sr-50\/\"><span style=\"color: #000000;\"><strong>Siberia XPA SR 50 inch<\/strong><\/span><\/a><\/li>\n<\/ul>\n<p><span style=\"color: #000000;\">Ben je na het lezen van bovenstaande informatie toch nog steeds niet overtuigd dat dit d\u00e9 lamp is die je zoekt? Simpelweg omdat de lichtopbrengst, wattage of vorm van de Strands Siberia XPA LED bar Single Row 12 inch niet naar wens is? Bekijk dan hier het complete aanbod van <a style=\"color: #000000;\" href=\"https:\/\/www.alldayled.com\/merk\/product-strands-lighting-division\/\" target=\"_blank\" rel=\"noopener\">Strands<\/a>. Wellicht vindt je hier wel het model lamp waarnaar je opzoek bent.\u00a0<\/span><\/p>\n","protected":false},"excerpt":{"rendered":"<p>Strands Siberia XPA Single Row LED bar 12 inch, voor 12 &amp; 24 volt.<\/p>\n","protected":false},"featured_media":36952,"comment_status":"open","ping_status":"closed","template":"","meta":{"_acf_changed":false},"product_brand":[5048],"product_cat":[3107,3102],"product_tag":[3799,3800,3801,3802,3803,3804,3805,3806,3807,3134,3412,3808,3413,3809,3810,3273],"class_list":{"0":"post-58997","1":"product","2":"type-product","3":"status-publish","4":"has-post-thumbnail","6":"product_brand-product-strands-lighting-division","7":"product_cat-led-bar","8":"product_cat-strands-siberia","9":"product_tag-led-bar","10":"product_tag-led-bar-auto","11":"product_tag-led-bar-vrachtwagen","12":"product_tag-led-verstraler","13":"product_tag-led-verstraler-auto","14":"product_tag-led-verstraler-camper","15":"product_tag-led-verstraler-pickup","16":"product_tag-led-verstraler-tractor","17":"product_tag-led-verstraler-vrachtwagen","18":"product_tag-led-werklamp","19":"product_tag-strands-led-verlichting","20":"product_tag-strands-led-werklamp","21":"product_tag-strands-lighting-division","22":"product_tag-strands-siberia-led-bar","23":"product_tag-strands-siberia-verstraler","24":"product_tag-verstraler-met-stadslicht","26":"first","27":"instock","28":"taxable","29":"shipping-taxable","30":"purchasable","31":"product-type-simple"},"acf":[],"yoast_head":"<!-- This site is optimized with the Yoast SEO Premium plugin v26.5 (Yoast SEO v27.1.1) - https:\/\/yoast.com\/product\/yoast-seo-premium-wordpress\/ -->\n<title>Siberia XPA LED bar SR 12 inch - Strands - All Day Led - voor 12&amp;24V<\/title>\n<meta name=\"description\" content=\"Siberia XPA LED bar SR 12 inch - LED balk met aluminium behuizing en IP68\/69K keurmerk - met ECE R148 en ECE R149 keurmerk - Strands 809411A\" \/>\n<meta name=\"robots\" content=\"index, follow, max-snippet:-1, max-image-preview:large, max-video-preview:-1\" \/>\n<link rel=\"canonical\" href=\"https:\/\/www.alldayled.com\/nl\/product\/strands-siberia-xpa-led-bar-sr-12\/\" \/>\n<meta property=\"og:locale\" content=\"nl_NL\" \/>\n<meta property=\"og:type\" content=\"article\" \/>\n<meta property=\"og:title\" content=\"Siberia XPA LED bar SR 12 inch - Strands - All Day Led - voor 12&amp;24V\" \/>\n<meta property=\"og:description\" content=\"Siberia XPA LED bar SR 12 inch - LED balk met aluminium behuizing en IP68\/69K keurmerk - met ECE R148 en ECE R149 keurmerk - Strands 809411A\" \/>\n<meta property=\"og:url\" content=\"https:\/\/www.alldayled.com\/nl\/product\/strands-siberia-xpa-led-bar-sr-12\/\" \/>\n<meta property=\"og:site_name\" content=\"All Day Led\" \/>\n<meta property=\"article:publisher\" content=\"https:\/\/www.facebook.com\/alldayled\/\" \/>\n<meta property=\"article:modified_time\" content=\"2026-03-18T10:18:43+00:00\" \/>\n<meta property=\"og:image\" content=\"https:\/\/www.alldayled.com\/wp-content\/uploads\/2020\/03\/Logo-All-Day-Led-PNG-scaled.png\" \/>\n\t<meta property=\"og:image:width\" content=\"2560\" \/>\n\t<meta property=\"og:image:height\" content=\"302\" \/>\n\t<meta property=\"og:image:type\" content=\"image\/png\" \/>\n<meta name=\"twitter:label1\" content=\"Prijs\" \/>\n\t<meta name=\"twitter:data1\" content=\"&euro;&nbsp;159,00\" \/>\n\t<meta name=\"twitter:label2\" content=\"Beschikbaarheid\" \/>\n\t<meta name=\"twitter:data2\" content=\"Op voorraad\" \/>\n<script type=\"application\/ld+json\" class=\"yoast-schema-graph\">{\"@context\":\"https:\/\/schema.org\",\"@graph\":[{\"@type\":\"WebPage\",\"@id\":\"https:\/\/www.alldayled.com\/nl\/product\/strands-siberia-xpa-led-bar-sr-12\/\",\"url\":\"https:\/\/www.alldayled.com\/nl\/product\/strands-siberia-xpa-led-bar-sr-12\/\",\"name\":\"Siberia XPA LED bar SR 12 inch - Strands - All Day Led - voor 12&24V\",\"isPartOf\":{\"@id\":\"https:\/\/www.alldayled.com\/nl\/#website\"},\"primaryImageOfPage\":{\"@id\":\"https:\/\/www.alldayled.com\/nl\/product\/strands-siberia-xpa-led-bar-sr-12\/#primaryimage\"},\"image\":{\"@id\":\"https:\/\/www.alldayled.com\/nl\/product\/strands-siberia-xpa-led-bar-sr-12\/#primaryimage\"},\"thumbnailUrl\":\"https:\/\/www.alldayled.com\/wp-content\/uploads\/2025\/08\/ADL809411A.png\",\"datePublished\":\"2025-05-14T08:31:32+00:00\",\"dateModified\":\"2026-03-18T10:18:43+00:00\",\"description\":\"Siberia XPA LED bar SR 12 inch - LED balk met aluminium behuizing en IP68\/69K keurmerk - met ECE R148 en ECE R149 keurmerk - Strands 809411A\",\"breadcrumb\":{\"@id\":\"https:\/\/www.alldayled.com\/nl\/product\/strands-siberia-xpa-led-bar-sr-12\/#breadcrumb\"},\"inLanguage\":\"nl-NL\",\"potentialAction\":[{\"@type\":\"ReadAction\",\"target\":[\"https:\/\/www.alldayled.com\/nl\/product\/strands-siberia-xpa-led-bar-sr-12\/\"]}]},{\"@type\":\"ImageObject\",\"inLanguage\":\"nl-NL\",\"@id\":\"https:\/\/www.alldayled.com\/nl\/product\/strands-siberia-xpa-led-bar-sr-12\/#primaryimage\",\"url\":\"https:\/\/www.alldayled.com\/wp-content\/uploads\/2025\/08\/ADL809411A.png\",\"contentUrl\":\"https:\/\/www.alldayled.com\/wp-content\/uploads\/2025\/08\/ADL809411A.png\",\"width\":800,\"height\":600,\"caption\":\"Strands Siberia XPA LED bar SR 12 inch - 809411 - met ECE R148 en ECE R149 keurmerk - dual color oranje\/wit\"},{\"@type\":\"BreadcrumbList\",\"@id\":\"https:\/\/www.alldayled.com\/nl\/product\/strands-siberia-xpa-led-bar-sr-12\/#breadcrumb\",\"itemListElement\":[{\"@type\":\"ListItem\",\"position\":1,\"name\":\"Home\",\"item\":\"https:\/\/www.alldayled.com\/nl\/\"},{\"@type\":\"ListItem\",\"position\":2,\"name\":\"Winkel\",\"item\":\"https:\/\/www.alldayled.com\/nl\/winkel\/\"},{\"@type\":\"ListItem\",\"position\":3,\"name\":\"Verstralers\",\"item\":\"https:\/\/www.alldayled.com\/nl\/product-categorie\/verstralers\/\"},{\"@type\":\"ListItem\",\"position\":4,\"name\":\"LED bar\",\"item\":\"https:\/\/www.alldayled.com\/nl\/product-categorie\/verstralers\/led-bar\/\"},{\"@type\":\"ListItem\",\"position\":5,\"name\":\"Strands Siberia XPA LED bar SR &#8211; 12\u2033\"}]},{\"@type\":\"WebSite\",\"@id\":\"https:\/\/www.alldayled.com\/nl\/#website\",\"url\":\"https:\/\/www.alldayled.com\/nl\/\",\"name\":\"All Day Led\",\"description\":\"Verlichting voor 12&amp;24 volt gebruik\",\"publisher\":{\"@id\":\"https:\/\/www.alldayled.com\/nl\/#organization\"},\"potentialAction\":[{\"@type\":\"SearchAction\",\"target\":{\"@type\":\"EntryPoint\",\"urlTemplate\":\"https:\/\/www.alldayled.com\/nl\/?s={search_term_string}\"},\"query-input\":{\"@type\":\"PropertyValueSpecification\",\"valueRequired\":true,\"valueName\":\"search_term_string\"}}],\"inLanguage\":\"nl-NL\"},{\"@type\":\"Organization\",\"@id\":\"https:\/\/www.alldayled.com\/nl\/#organization\",\"name\":\"All Day Led\",\"url\":\"https:\/\/www.alldayled.com\/nl\/\",\"logo\":{\"@type\":\"ImageObject\",\"inLanguage\":\"nl-NL\",\"@id\":\"https:\/\/www.alldayled.com\/nl\/#\/schema\/logo\/image\/\",\"url\":\"https:\/\/www.alldayled.com\/wp-content\/uploads\/2025\/10\/Logo-ALL-DAY-LED-800x800-zwart-witte-letters.png\",\"contentUrl\":\"https:\/\/www.alldayled.com\/wp-content\/uploads\/2025\/10\/Logo-ALL-DAY-LED-800x800-zwart-witte-letters.png\",\"width\":800,\"height\":800,\"caption\":\"All Day Led\"},\"image\":{\"@id\":\"https:\/\/www.alldayled.com\/nl\/#\/schema\/logo\/image\/\"},\"sameAs\":[\"https:\/\/www.facebook.com\/alldayled\/\",\"https:\/\/www.instagram.com\/alldayled\/\"],\"vatID\":\"NL863960133B01\",\"taxID\":\"86416545\"}]}<\/script>\n<meta property=\"product:brand\" content=\"Strands\" \/>\n<meta property=\"product:price:amount\" content=\"159.00\" \/>\n<meta property=\"product:price:currency\" content=\"EUR\" \/>\n<meta property=\"og:availability\" content=\"instock\" \/>\n<meta property=\"product:availability\" content=\"instock\" \/>\n<meta property=\"product:retailer_item_id\" content=\"ADL809411A\" \/>\n<meta property=\"product:condition\" content=\"new\" \/>\n<!-- \/ Yoast SEO Premium plugin. -->","yoast_head_json":{"title":"Siberia XPA LED bar SR 12 inch - Strands - All Day Led - voor 12&24V","description":"Siberia XPA LED bar SR 12 inch - LED balk met aluminium behuizing en IP68\/69K keurmerk - met ECE R148 en ECE R149 keurmerk - Strands 809411A","robots":{"index":"index","follow":"follow","max-snippet":"max-snippet:-1","max-image-preview":"max-image-preview:large","max-video-preview":"max-video-preview:-1"},"canonical":"https:\/\/www.alldayled.com\/nl\/product\/strands-siberia-xpa-led-bar-sr-12\/","og_locale":"nl_NL","og_type":"article","og_title":"Siberia XPA LED bar SR 12 inch - Strands - All Day Led - voor 12&24V","og_description":"Siberia XPA LED bar SR 12 inch - LED balk met aluminium behuizing en IP68\/69K keurmerk - met ECE R148 en ECE R149 keurmerk - Strands 809411A","og_url":"https:\/\/www.alldayled.com\/nl\/product\/strands-siberia-xpa-led-bar-sr-12\/","og_site_name":"All Day Led","article_publisher":"https:\/\/www.facebook.com\/alldayled\/","article_modified_time":"2026-03-18T10:18:43+00:00","og_image":[{"width":2560,"height":302,"url":"https:\/\/www.alldayled.com\/wp-content\/uploads\/2020\/03\/Logo-All-Day-Led-PNG-scaled.png","type":"image\/png"}],"twitter_misc":{"Prijs":"&euro;&nbsp;159,00","Beschikbaarheid":"Op voorraad"},"schema":{"@context":"https:\/\/schema.org","@graph":[{"@type":"WebPage","@id":"https:\/\/www.alldayled.com\/nl\/product\/strands-siberia-xpa-led-bar-sr-12\/","url":"https:\/\/www.alldayled.com\/nl\/product\/strands-siberia-xpa-led-bar-sr-12\/","name":"Siberia XPA LED bar SR 12 inch - Strands - All Day Led - voor 12&24V","isPartOf":{"@id":"https:\/\/www.alldayled.com\/nl\/#website"},"primaryImageOfPage":{"@id":"https:\/\/www.alldayled.com\/nl\/product\/strands-siberia-xpa-led-bar-sr-12\/#primaryimage"},"image":{"@id":"https:\/\/www.alldayled.com\/nl\/product\/strands-siberia-xpa-led-bar-sr-12\/#primaryimage"},"thumbnailUrl":"https:\/\/www.alldayled.com\/wp-content\/uploads\/2025\/08\/ADL809411A.png","datePublished":"2025-05-14T08:31:32+00:00","dateModified":"2026-03-18T10:18:43+00:00","description":"Siberia XPA LED bar SR 12 inch - LED balk met aluminium behuizing en IP68\/69K keurmerk - met ECE R148 en ECE R149 keurmerk - Strands 809411A","breadcrumb":{"@id":"https:\/\/www.alldayled.com\/nl\/product\/strands-siberia-xpa-led-bar-sr-12\/#breadcrumb"},"inLanguage":"nl-NL","potentialAction":[{"@type":"ReadAction","target":["https:\/\/www.alldayled.com\/nl\/product\/strands-siberia-xpa-led-bar-sr-12\/"]}]},{"@type":"ImageObject","inLanguage":"nl-NL","@id":"https:\/\/www.alldayled.com\/nl\/product\/strands-siberia-xpa-led-bar-sr-12\/#primaryimage","url":"https:\/\/www.alldayled.com\/wp-content\/uploads\/2025\/08\/ADL809411A.png","contentUrl":"https:\/\/www.alldayled.com\/wp-content\/uploads\/2025\/08\/ADL809411A.png","width":800,"height":600,"caption":"Strands Siberia XPA LED bar SR 12 inch - 809411 - met ECE R148 en ECE R149 keurmerk - dual color oranje\/wit"},{"@type":"BreadcrumbList","@id":"https:\/\/www.alldayled.com\/nl\/product\/strands-siberia-xpa-led-bar-sr-12\/#breadcrumb","itemListElement":[{"@type":"ListItem","position":1,"name":"Home","item":"https:\/\/www.alldayled.com\/nl\/"},{"@type":"ListItem","position":2,"name":"Winkel","item":"https:\/\/www.alldayled.com\/nl\/winkel\/"},{"@type":"ListItem","position":3,"name":"Verstralers","item":"https:\/\/www.alldayled.com\/nl\/product-categorie\/verstralers\/"},{"@type":"ListItem","position":4,"name":"LED bar","item":"https:\/\/www.alldayled.com\/nl\/product-categorie\/verstralers\/led-bar\/"},{"@type":"ListItem","position":5,"name":"Strands Siberia XPA LED bar SR &#8211; 12\u2033"}]},{"@type":"WebSite","@id":"https:\/\/www.alldayled.com\/nl\/#website","url":"https:\/\/www.alldayled.com\/nl\/","name":"All Day Led","description":"Verlichting voor 12&amp;24 volt gebruik","publisher":{"@id":"https:\/\/www.alldayled.com\/nl\/#organization"},"potentialAction":[{"@type":"SearchAction","target":{"@type":"EntryPoint","urlTemplate":"https:\/\/www.alldayled.com\/nl\/?s={search_term_string}"},"query-input":{"@type":"PropertyValueSpecification","valueRequired":true,"valueName":"search_term_string"}}],"inLanguage":"nl-NL"},{"@type":"Organization","@id":"https:\/\/www.alldayled.com\/nl\/#organization","name":"All Day Led","url":"https:\/\/www.alldayled.com\/nl\/","logo":{"@type":"ImageObject","inLanguage":"nl-NL","@id":"https:\/\/www.alldayled.com\/nl\/#\/schema\/logo\/image\/","url":"https:\/\/www.alldayled.com\/wp-content\/uploads\/2025\/10\/Logo-ALL-DAY-LED-800x800-zwart-witte-letters.png","contentUrl":"https:\/\/www.alldayled.com\/wp-content\/uploads\/2025\/10\/Logo-ALL-DAY-LED-800x800-zwart-witte-letters.png","width":800,"height":800,"caption":"All Day Led"},"image":{"@id":"https:\/\/www.alldayled.com\/nl\/#\/schema\/logo\/image\/"},"sameAs":["https:\/\/www.facebook.com\/alldayled\/","https:\/\/www.instagram.com\/alldayled\/"],"vatID":"NL863960133B01","taxID":"86416545"}]},"product_brand":"Strands","product_price_amount":"159.00","product_price_currency":"EUR","og_availability":"instock","product_availability":"instock","product_retailer_item_id":"ADL809411A","product_condition":"new"},"_links":{"self":[{"href":"https:\/\/www.alldayled.com\/nl\/wp-json\/wp\/v2\/product\/58997","targetHints":{"allow":["GET"]}}],"collection":[{"href":"https:\/\/www.alldayled.com\/nl\/wp-json\/wp\/v2\/product"}],"about":[{"href":"https:\/\/www.alldayled.com\/nl\/wp-json\/wp\/v2\/types\/product"}],"replies":[{"embeddable":true,"href":"https:\/\/www.alldayled.com\/nl\/wp-json\/wp\/v2\/comments?post=58997"}],"wp:featuredmedia":[{"embeddable":true,"href":"https:\/\/www.alldayled.com\/nl\/wp-json\/wp\/v2\/media\/36952"}],"wp:attachment":[{"href":"https:\/\/www.alldayled.com\/nl\/wp-json\/wp\/v2\/media?parent=58997"}],"wp:term":[{"taxonomy":"product_brand","embeddable":true,"href":"https:\/\/www.alldayled.com\/nl\/wp-json\/wp\/v2\/product_brand?post=58997"},{"taxonomy":"product_cat","embeddable":true,"href":"https:\/\/www.alldayled.com\/nl\/wp-json\/wp\/v2\/product_cat?post=58997"},{"taxonomy":"product_tag","embeddable":true,"href":"https:\/\/www.alldayled.com\/nl\/wp-json\/wp\/v2\/product_tag?post=58997"}],"curies":[{"name":"wp","href":"https:\/\/api.w.org\/{rel}","templated":true}]}}