{"id":59465,"date":"2025-05-16T12:15:56","date_gmt":"2025-05-16T10:15:56","guid":{"rendered":"https:\/\/www.alldayled.com\/?post_type=product&#038;p=59465"},"modified":"2026-04-17T11:21:05","modified_gmt":"2026-04-17T09:21:05","slug":"strands-for9t-orbi-3-kamer-led-achterlicht","status":"publish","type":"product","link":"https:\/\/www.alldayled.com\/nl\/product\/strands-for9t-orbi-3-kamer-led-achterlicht\/","title":{"rendered":"Strands FOR9T Orbi 3-kamer LED achterlicht"},"content":{"rendered":"<p><span style=\"color: #000000;\"><strong>Strands FOR9T Orbi 3 kamer LED achterlicht, voor 12&amp; 24 volt.<\/strong><\/span><\/p>\n<p><span style=\"color: #000000;\">Ben jij op zoek naar een rond LED achterlicht dat niet alleen functioneel is, maar jouw voertuig ook direct een moderne en strakke uitstraling geeft? Dan is het Strands FOR9T Orbi achterlicht precies wat je nodig hebt. Deze unieke lamp combineert maar liefst drie functies in \u00e9\u00e9n: achterlicht, remlicht \u00e9n richtingaanwijzer. Dankzij de stijlvolle donkere lens sluit hij naadloos aan op de looks van jouw voertuig en vormt hij een perfecte match met de rest van de FOR9T-serie van Strands.<\/span><\/p>\n<p><span style=\"color: #000000;\">Het Strands Orbi achterlicht werkt op zowel 12 als 24 volt en wordt standaard geleverd met een stevige 2,5 meter aansluitkabel, waardoor montage eenvoudig en flexibel is. Ideaal voor vrachtwagens, campers, auto\u2019s, tractors of aanhangwagens. Bovendien is de lamp volledig ECE R148 goedgekeurd. Dit betekent dat hij officieel als achterlicht gebruikt mag worden. Dankzij de IP67-classificatie is de lamp ook nog eens volledig stof- en waterdicht. Hierdoor ben je onder alle omstandigheden verzekerd bent van optimale betrouwbaarheid. Het slimme ontwerp en de duurzame materialen zorgen er tenslotte voor dat dit achterlicht jarenlang meegaat, zelfs bij intensief gebruik.<\/span><\/p>\n<h5><span style=\"color: #000000;\"><strong>Afmetingen:<\/strong><\/span><\/h5>\n<p><span style=\"color: #000000;\">Om er zeker van te zijn dat het FOR9T Orbi achterlicht perfect bij jouw voertuig past, hebben we hieronder de belangrijkste eigenschappen overzichtelijk voor je genoteerd. Zo weet je direct of dit model geschikt is voor jouw toepassing.<\/span><\/p>\n<ul>\n<li><span style=\"color: #000000;\">Diameter behuizing: 151 mm<\/span><\/li>\n<li><span style=\"color: #000000;\">Diameter lamp: 114\u00a0mm\u00a0<\/span><\/li>\n<li><span style=\"color: #000000;\">Inbouwdiepte: 56 mm<\/span><\/li>\n<li><span style=\"color: #000000;\">H.o.H.: 130 mm<\/span><\/li>\n<\/ul>\n<h5><span style=\"color: #000000;\"><strong>Overige modellen:<\/strong><\/span><\/h5>\n<p><span style=\"color: #000000;\">Wil je wel een rond LED achterlicht, maar is het Strands FOR9T Orbi achterlicht niet helemaal wat je zoekt? Geen zorgen! Binnen de Strands FOR9T-serie zijn er meerdere uitvoeringen verkrijgbaar. Zo vind je altijd een variant die perfect aansluit bij jouw wensen en voertuig. Hieronder zetten we de overige modellen voor je op een rij:<\/span><\/p>\n<ul>\n<li><a href=\"https:\/\/www.alldayled.com\/product\/strands-for9t-orbi-mist-achteruitrijlicht\/\"><span style=\"color: #000000;\"><strong>FOR9T Orbi mist &#8211; achteruitrijlicht<\/strong><\/span><\/a><\/li>\n<\/ul>\n<p><span style=\"color: #000000;\">Toch van mening dat het Strands FOR9T Orbi achterlicht niet helemaal is wat je zoekt? Misschien sluit de vorm, lichtopbrengst of uitvoering niet perfect aan bij jouw wensen. Geen probleem! De Strands FOR9T-serie bestaat uit meerdere modellen en varianten, zodat er altijd wel een lamp is die bij jouw voertuig past. Ontdek hier het complete aanbod van de <a style=\"color: #000000;\" href=\"https:\/\/www.alldayled.com\/nl\/product-categorie\/strands-for9t\/\">FOR9T-serie<\/a> en vind precies de lamp die jouw truck, camper of aanhanger de uitstraling en functionaliteit geeft die je zoekt.<\/span><\/p>\n","protected":false},"excerpt":{"rendered":"<div class=\"woocommerce-product-details__short-description\">\n<p>Strands FOR9T Orbi 3 kamer achterlicht met richtingaanwijzer, voor 12 en 24 volt<\/p>\n<\/div>\n","protected":false},"featured_media":36658,"comment_status":"open","ping_status":"closed","template":"","meta":{"_acf_changed":false},"product_brand":[5048],"product_cat":[3109,3108],"product_tag":[4995,3414,3412,3413,3266],"class_list":{"0":"post-59465","1":"product","2":"type-product","3":"status-publish","4":"has-post-thumbnail","6":"product_brand-product-strands-lighting-division","7":"product_cat-achterlicht-rond","8":"product_cat-strands-for9t","9":"product_tag-for9t","10":"product_tag-led-achterlicht","11":"product_tag-strands-led-verlichting","12":"product_tag-strands-lighting-division","13":"product_tag-truckstyling","15":"first","16":"instock","17":"taxable","18":"shipping-taxable","19":"purchasable","20":"product-type-simple"},"acf":[],"yoast_head":"<!-- This site is optimized with the Yoast SEO Premium plugin v26.5 (Yoast SEO v27.1.1) - https:\/\/yoast.com\/product\/yoast-seo-premium-wordpress\/ -->\n<title>Strands FOR9T Orbi achterlicht 3 kamer - All Day Led - 12&amp;24V<\/title>\n<meta name=\"description\" content=\"Strands FOR9T Orbi achterlicht - LED achterlicht rond - voor auto, vrachtwagen en meer - ECE R148 - 3 kamer LED achterlicht - 12&amp;24V\" \/>\n<meta name=\"robots\" content=\"index, follow, max-snippet:-1, max-image-preview:large, max-video-preview:-1\" \/>\n<link rel=\"canonical\" href=\"https:\/\/www.alldayled.com\/nl\/product\/strands-for9t-orbi-3-kamer-led-achterlicht\/\" \/>\n<meta property=\"og:locale\" content=\"nl_NL\" \/>\n<meta property=\"og:type\" content=\"article\" \/>\n<meta property=\"og:title\" content=\"Strands FOR9T Orbi achterlicht 3 kamer - All Day Led - 12&amp;24V\" \/>\n<meta property=\"og:description\" content=\"Strands FOR9T Orbi achterlicht - LED achterlicht rond - voor auto, vrachtwagen en meer - ECE R148 - 3 kamer LED achterlicht - 12&amp;24V\" \/>\n<meta property=\"og:url\" content=\"https:\/\/www.alldayled.com\/nl\/product\/strands-for9t-orbi-3-kamer-led-achterlicht\/\" \/>\n<meta property=\"og:site_name\" content=\"All Day Led\" \/>\n<meta property=\"article:publisher\" content=\"https:\/\/www.facebook.com\/alldayled\/\" \/>\n<meta property=\"article:modified_time\" content=\"2026-04-17T09:21:05+00:00\" \/>\n<meta property=\"og:image\" content=\"https:\/\/www.alldayled.com\/wp-content\/uploads\/2020\/03\/Logo-All-Day-Led-PNG-scaled.png\" \/>\n\t<meta property=\"og:image:width\" content=\"2560\" \/>\n\t<meta property=\"og:image:height\" content=\"302\" \/>\n\t<meta property=\"og:image:type\" content=\"image\/png\" \/>\n<meta name=\"twitter:label1\" content=\"Prijs\" \/>\n\t<meta name=\"twitter:data1\" content=\"&euro;&nbsp;79,00\" \/>\n\t<meta name=\"twitter:label2\" content=\"Beschikbaarheid\" \/>\n\t<meta name=\"twitter:data2\" content=\"Op voorraad\" \/>\n<script type=\"application\/ld+json\" class=\"yoast-schema-graph\">{\"@context\":\"https:\/\/schema.org\",\"@graph\":[{\"@type\":\"WebPage\",\"@id\":\"https:\/\/www.alldayled.com\/nl\/product\/strands-for9t-orbi-3-kamer-led-achterlicht\/\",\"url\":\"https:\/\/www.alldayled.com\/nl\/product\/strands-for9t-orbi-3-kamer-led-achterlicht\/\",\"name\":\"Strands FOR9T Orbi achterlicht 3 kamer - All Day Led - 12&24V\",\"isPartOf\":{\"@id\":\"https:\/\/www.alldayled.com\/nl\/#website\"},\"primaryImageOfPage\":{\"@id\":\"https:\/\/www.alldayled.com\/nl\/product\/strands-for9t-orbi-3-kamer-led-achterlicht\/#primaryimage\"},\"image\":{\"@id\":\"https:\/\/www.alldayled.com\/nl\/product\/strands-for9t-orbi-3-kamer-led-achterlicht\/#primaryimage\"},\"thumbnailUrl\":\"https:\/\/www.alldayled.com\/wp-content\/uploads\/2025\/08\/ADL800651.png\",\"datePublished\":\"2025-05-16T10:15:56+00:00\",\"dateModified\":\"2026-04-17T09:21:05+00:00\",\"description\":\"Strands FOR9T Orbi achterlicht - LED achterlicht rond - voor auto, vrachtwagen en meer - ECE R148 - 3 kamer LED achterlicht - 12&24V\",\"breadcrumb\":{\"@id\":\"https:\/\/www.alldayled.com\/nl\/product\/strands-for9t-orbi-3-kamer-led-achterlicht\/#breadcrumb\"},\"inLanguage\":\"nl-NL\",\"potentialAction\":[{\"@type\":\"ReadAction\",\"target\":[\"https:\/\/www.alldayled.com\/nl\/product\/strands-for9t-orbi-3-kamer-led-achterlicht\/\"]}]},{\"@type\":\"ImageObject\",\"inLanguage\":\"nl-NL\",\"@id\":\"https:\/\/www.alldayled.com\/nl\/product\/strands-for9t-orbi-3-kamer-led-achterlicht\/#primaryimage\",\"url\":\"https:\/\/www.alldayled.com\/wp-content\/uploads\/2025\/08\/ADL800651.png\",\"contentUrl\":\"https:\/\/www.alldayled.com\/wp-content\/uploads\/2025\/08\/ADL800651.png\",\"width\":800,\"height\":600,\"caption\":\"Strands FOR9T Orbi achterlicht - ECE R148 800651 - 3 kamer LED achterlicht - geschikt voor 12&24V - IP67\"},{\"@type\":\"BreadcrumbList\",\"@id\":\"https:\/\/www.alldayled.com\/nl\/product\/strands-for9t-orbi-3-kamer-led-achterlicht\/#breadcrumb\",\"itemListElement\":[{\"@type\":\"ListItem\",\"position\":1,\"name\":\"Home\",\"item\":\"https:\/\/www.alldayled.com\/nl\/\"},{\"@type\":\"ListItem\",\"position\":2,\"name\":\"Winkel\",\"item\":\"https:\/\/www.alldayled.com\/nl\/winkel\/\"},{\"@type\":\"ListItem\",\"position\":3,\"name\":\"Achterlichten\",\"item\":\"https:\/\/www.alldayled.com\/nl\/product-categorie\/achterlichten\/\"},{\"@type\":\"ListItem\",\"position\":4,\"name\":\"Achterlicht rond\",\"item\":\"https:\/\/www.alldayled.com\/nl\/product-categorie\/achterlichten\/achterlicht-rond\/\"},{\"@type\":\"ListItem\",\"position\":5,\"name\":\"Strands FOR9T Orbi 3-kamer LED achterlicht\"}]},{\"@type\":\"WebSite\",\"@id\":\"https:\/\/www.alldayled.com\/nl\/#website\",\"url\":\"https:\/\/www.alldayled.com\/nl\/\",\"name\":\"All Day Led\",\"description\":\"Verlichting voor 12&amp;24 volt gebruik\",\"publisher\":{\"@id\":\"https:\/\/www.alldayled.com\/nl\/#organization\"},\"potentialAction\":[{\"@type\":\"SearchAction\",\"target\":{\"@type\":\"EntryPoint\",\"urlTemplate\":\"https:\/\/www.alldayled.com\/nl\/?s={search_term_string}\"},\"query-input\":{\"@type\":\"PropertyValueSpecification\",\"valueRequired\":true,\"valueName\":\"search_term_string\"}}],\"inLanguage\":\"nl-NL\"},{\"@type\":\"Organization\",\"@id\":\"https:\/\/www.alldayled.com\/nl\/#organization\",\"name\":\"All Day Led\",\"url\":\"https:\/\/www.alldayled.com\/nl\/\",\"logo\":{\"@type\":\"ImageObject\",\"inLanguage\":\"nl-NL\",\"@id\":\"https:\/\/www.alldayled.com\/nl\/#\/schema\/logo\/image\/\",\"url\":\"https:\/\/www.alldayled.com\/wp-content\/uploads\/2025\/10\/Logo-ALL-DAY-LED-800x800-zwart-witte-letters.png\",\"contentUrl\":\"https:\/\/www.alldayled.com\/wp-content\/uploads\/2025\/10\/Logo-ALL-DAY-LED-800x800-zwart-witte-letters.png\",\"width\":800,\"height\":800,\"caption\":\"All Day Led\"},\"image\":{\"@id\":\"https:\/\/www.alldayled.com\/nl\/#\/schema\/logo\/image\/\"},\"sameAs\":[\"https:\/\/www.facebook.com\/alldayled\/\",\"https:\/\/www.instagram.com\/alldayled\/\"],\"vatID\":\"NL863960133B01\",\"taxID\":\"86416545\"}]}<\/script>\n<meta property=\"product:brand\" content=\"Strands\" \/>\n<meta property=\"product:price:amount\" content=\"79.00\" \/>\n<meta property=\"product:price:currency\" content=\"EUR\" \/>\n<meta property=\"og:availability\" content=\"instock\" \/>\n<meta property=\"product:availability\" content=\"instock\" \/>\n<meta property=\"product:retailer_item_id\" content=\"ADL800651\" \/>\n<meta property=\"product:condition\" content=\"new\" \/>\n<!-- \/ Yoast SEO Premium plugin. -->","yoast_head_json":{"title":"Strands FOR9T Orbi achterlicht 3 kamer - All Day Led - 12&24V","description":"Strands FOR9T Orbi achterlicht - LED achterlicht rond - voor auto, vrachtwagen en meer - ECE R148 - 3 kamer LED achterlicht - 12&24V","robots":{"index":"index","follow":"follow","max-snippet":"max-snippet:-1","max-image-preview":"max-image-preview:large","max-video-preview":"max-video-preview:-1"},"canonical":"https:\/\/www.alldayled.com\/nl\/product\/strands-for9t-orbi-3-kamer-led-achterlicht\/","og_locale":"nl_NL","og_type":"article","og_title":"Strands FOR9T Orbi achterlicht 3 kamer - All Day Led - 12&24V","og_description":"Strands FOR9T Orbi achterlicht - LED achterlicht rond - voor auto, vrachtwagen en meer - ECE R148 - 3 kamer LED achterlicht - 12&24V","og_url":"https:\/\/www.alldayled.com\/nl\/product\/strands-for9t-orbi-3-kamer-led-achterlicht\/","og_site_name":"All Day Led","article_publisher":"https:\/\/www.facebook.com\/alldayled\/","article_modified_time":"2026-04-17T09:21:05+00:00","og_image":[{"width":2560,"height":302,"url":"https:\/\/www.alldayled.com\/wp-content\/uploads\/2020\/03\/Logo-All-Day-Led-PNG-scaled.png","type":"image\/png"}],"twitter_misc":{"Prijs":"&euro;&nbsp;79,00","Beschikbaarheid":"Op voorraad"},"schema":{"@context":"https:\/\/schema.org","@graph":[{"@type":"WebPage","@id":"https:\/\/www.alldayled.com\/nl\/product\/strands-for9t-orbi-3-kamer-led-achterlicht\/","url":"https:\/\/www.alldayled.com\/nl\/product\/strands-for9t-orbi-3-kamer-led-achterlicht\/","name":"Strands FOR9T Orbi achterlicht 3 kamer - All Day Led - 12&24V","isPartOf":{"@id":"https:\/\/www.alldayled.com\/nl\/#website"},"primaryImageOfPage":{"@id":"https:\/\/www.alldayled.com\/nl\/product\/strands-for9t-orbi-3-kamer-led-achterlicht\/#primaryimage"},"image":{"@id":"https:\/\/www.alldayled.com\/nl\/product\/strands-for9t-orbi-3-kamer-led-achterlicht\/#primaryimage"},"thumbnailUrl":"https:\/\/www.alldayled.com\/wp-content\/uploads\/2025\/08\/ADL800651.png","datePublished":"2025-05-16T10:15:56+00:00","dateModified":"2026-04-17T09:21:05+00:00","description":"Strands FOR9T Orbi achterlicht - LED achterlicht rond - voor auto, vrachtwagen en meer - ECE R148 - 3 kamer LED achterlicht - 12&24V","breadcrumb":{"@id":"https:\/\/www.alldayled.com\/nl\/product\/strands-for9t-orbi-3-kamer-led-achterlicht\/#breadcrumb"},"inLanguage":"nl-NL","potentialAction":[{"@type":"ReadAction","target":["https:\/\/www.alldayled.com\/nl\/product\/strands-for9t-orbi-3-kamer-led-achterlicht\/"]}]},{"@type":"ImageObject","inLanguage":"nl-NL","@id":"https:\/\/www.alldayled.com\/nl\/product\/strands-for9t-orbi-3-kamer-led-achterlicht\/#primaryimage","url":"https:\/\/www.alldayled.com\/wp-content\/uploads\/2025\/08\/ADL800651.png","contentUrl":"https:\/\/www.alldayled.com\/wp-content\/uploads\/2025\/08\/ADL800651.png","width":800,"height":600,"caption":"Strands FOR9T Orbi achterlicht - ECE R148 800651 - 3 kamer LED achterlicht - geschikt voor 12&24V - IP67"},{"@type":"BreadcrumbList","@id":"https:\/\/www.alldayled.com\/nl\/product\/strands-for9t-orbi-3-kamer-led-achterlicht\/#breadcrumb","itemListElement":[{"@type":"ListItem","position":1,"name":"Home","item":"https:\/\/www.alldayled.com\/nl\/"},{"@type":"ListItem","position":2,"name":"Winkel","item":"https:\/\/www.alldayled.com\/nl\/winkel\/"},{"@type":"ListItem","position":3,"name":"Achterlichten","item":"https:\/\/www.alldayled.com\/nl\/product-categorie\/achterlichten\/"},{"@type":"ListItem","position":4,"name":"Achterlicht rond","item":"https:\/\/www.alldayled.com\/nl\/product-categorie\/achterlichten\/achterlicht-rond\/"},{"@type":"ListItem","position":5,"name":"Strands FOR9T Orbi 3-kamer LED achterlicht"}]},{"@type":"WebSite","@id":"https:\/\/www.alldayled.com\/nl\/#website","url":"https:\/\/www.alldayled.com\/nl\/","name":"All Day Led","description":"Verlichting voor 12&amp;24 volt gebruik","publisher":{"@id":"https:\/\/www.alldayled.com\/nl\/#organization"},"potentialAction":[{"@type":"SearchAction","target":{"@type":"EntryPoint","urlTemplate":"https:\/\/www.alldayled.com\/nl\/?s={search_term_string}"},"query-input":{"@type":"PropertyValueSpecification","valueRequired":true,"valueName":"search_term_string"}}],"inLanguage":"nl-NL"},{"@type":"Organization","@id":"https:\/\/www.alldayled.com\/nl\/#organization","name":"All Day Led","url":"https:\/\/www.alldayled.com\/nl\/","logo":{"@type":"ImageObject","inLanguage":"nl-NL","@id":"https:\/\/www.alldayled.com\/nl\/#\/schema\/logo\/image\/","url":"https:\/\/www.alldayled.com\/wp-content\/uploads\/2025\/10\/Logo-ALL-DAY-LED-800x800-zwart-witte-letters.png","contentUrl":"https:\/\/www.alldayled.com\/wp-content\/uploads\/2025\/10\/Logo-ALL-DAY-LED-800x800-zwart-witte-letters.png","width":800,"height":800,"caption":"All Day Led"},"image":{"@id":"https:\/\/www.alldayled.com\/nl\/#\/schema\/logo\/image\/"},"sameAs":["https:\/\/www.facebook.com\/alldayled\/","https:\/\/www.instagram.com\/alldayled\/"],"vatID":"NL863960133B01","taxID":"86416545"}]},"product_brand":"Strands","product_price_amount":"79.00","product_price_currency":"EUR","og_availability":"instock","product_availability":"instock","product_retailer_item_id":"ADL800651","product_condition":"new"},"_links":{"self":[{"href":"https:\/\/www.alldayled.com\/nl\/wp-json\/wp\/v2\/product\/59465","targetHints":{"allow":["GET"]}}],"collection":[{"href":"https:\/\/www.alldayled.com\/nl\/wp-json\/wp\/v2\/product"}],"about":[{"href":"https:\/\/www.alldayled.com\/nl\/wp-json\/wp\/v2\/types\/product"}],"replies":[{"embeddable":true,"href":"https:\/\/www.alldayled.com\/nl\/wp-json\/wp\/v2\/comments?post=59465"}],"wp:featuredmedia":[{"embeddable":true,"href":"https:\/\/www.alldayled.com\/nl\/wp-json\/wp\/v2\/media\/36658"}],"wp:attachment":[{"href":"https:\/\/www.alldayled.com\/nl\/wp-json\/wp\/v2\/media?parent=59465"}],"wp:term":[{"taxonomy":"product_brand","embeddable":true,"href":"https:\/\/www.alldayled.com\/nl\/wp-json\/wp\/v2\/product_brand?post=59465"},{"taxonomy":"product_cat","embeddable":true,"href":"https:\/\/www.alldayled.com\/nl\/wp-json\/wp\/v2\/product_cat?post=59465"},{"taxonomy":"product_tag","embeddable":true,"href":"https:\/\/www.alldayled.com\/nl\/wp-json\/wp\/v2\/product_tag?post=59465"}],"curies":[{"name":"wp","href":"https:\/\/api.w.org\/{rel}","templated":true}]}}