{"id":6177,"date":"2020-03-28T16:22:05","date_gmt":"2020-03-28T15:22:05","guid":{"rendered":"https:\/\/www.alldayled.com\/?post_type=product&#038;p=6177"},"modified":"2026-03-09T16:05:15","modified_gmt":"2026-03-09T15:05:15","slug":"ize-led-achterlicht-rood-helder-glas","status":"publish","type":"product","link":"https:\/\/www.alldayled.com\/nl\/product\/ize-led-achterlicht-rood-helder-glas\/","title":{"rendered":"Strands IZE LED achterlicht &#8211; helder"},"content":{"rendered":"<p><span style=\"color: #000000;\"><strong>Strands IZE LED achterlicht helder met stadslicht en remlicht functie, geschikt voor 24 volt gebruik.\u00a0<\/strong><\/span><\/p>\n<p><span style=\"color: #000000;\">Wil jij je vrachtwagen of aanhanger voorzien van een nieuw of extra achterlicht? Maar weet je niet welke lamp het beste bij je past? Wellicht is het Strands IZE LED achterlicht dan wel d\u00e9 lamp die je zoekt. De LED lamp is voorzien van 56 LED punten die oplichten in de kleur ROOD en heeft een transparant lens. Verder werkt het LED achterlicht op 24 volt. Dit betekent dat je de LED lamp kan monteren op bijvoorbeeld je vrachtwagen, trailer of ander soort voertuig met 24v spanning.<\/span><\/p>\n<div class=\"truncated\">\n<p><span style=\"color: #000000;\">Omdat je v\u00f3\u00f3r aankoop zeker wilt zijn dat dit d\u00e9 lamp is die jij zoekt. Hebben we hieronder een aantal eigenschappen van het achterlicht met transparant lens uitgeschreven. Dit achterlicht is voorzien van onder andere het ECE R10. Ook is het ROOD oplichtende achterlicht van het merk Strands voorzien van het ECE R7 keurmerk. Dit keurmerk geeft aan dat de LED lamp gebruikt mag worden als positielamp. Om het geheel af te maken, word deze LED lamp geleverd met 2.5 meter aansluit kabel.\u00a0<\/span><\/p>\n<h5><span style=\"color: #000000;\"><strong>Afmetingen:<\/strong><\/span><\/h5>\n<p><span style=\"color: #000000;\">Omdat je er v\u00f3\u00f3r aankoop zeker van wilt zijn dat je de LED lamp met transparant lens kunt monteren waar je wilt. Hebben we hieronder de afmetingen van de LED lamp genoteerd. De afmetingen van het Strands IZE LED achterlicht met HELDER gekleurde lens zijn als volgt:<\/span><\/p>\n<ul>\n<li><span style=\"color: #000000;\">Hoogte: 110 mm<\/span><\/li>\n<li><span style=\"color: #000000;\">Breedte: 130 mm<\/span><\/li>\n<li><span style=\"color: #000000;\">Dikte: 45 mm<\/span><\/li>\n<\/ul>\n<h5><span style=\"color: #000000;\"><strong>Overige kleuren:<\/strong><\/span><\/h5>\n<p><span style=\"color: #000000;\">Wil je wel een LED achterlicht van Strands monteren op je vrachtwagen of trailer? Maar is het Strands IZE LED achterlicht met HELDER gekleurde lens niet de kleur die je zoekt? Weet dan dat het LEDON achterlicht ook beschikbaar is in andere kleuren. Bekijk hieronder een lijst van de overige kleuren.<\/span><\/p>\n<ul>\n<li><span style=\"color: #000000;\"><a style=\"color: #000000;\" href=\"https:\/\/www.alldayled.com\/product\/ize-led-achterlicht-rood\/\"><strong>Strands IZE LED achterlicht<\/strong><\/a><\/span><\/li>\n<\/ul>\n<p><span style=\"color: #000000;\">Ben je na het lezen van alle specificaties toch nog niet 100% overtuigd dat het Strands IZE LED achterlicht met HELDER gekleurde lens is waar je naar zoekt? Simpelweg omdat de kleur, vorm of lengte niet naar wens is? Bekijk dan hier het complete aanbod van het merk <a style=\"color: #000000;\" href=\"https:\/\/www.alldayled.com\/nl\/merk\/product-strands-lighting-division\/\">Strands.<\/a><\/span><\/p>\n<\/div>\n","protected":false},"excerpt":{"rendered":"<p>Strands IZE LED helder achterlicht met stads- en remlicht functie, voor 24 volt.<\/p>\n","protected":false},"featured_media":82316,"comment_status":"open","ping_status":"closed","template":"","meta":{"_acf_changed":false},"product_brand":[5048],"product_cat":[3110],"product_tag":[3407,3408,3409,3410,3414,3411,3412,3413,3266],"class_list":{"0":"post-6177","1":"product","2":"type-product","3":"status-publish","4":"has-post-thumbnail","6":"product_brand-product-strands-lighting-division","7":"product_cat-achterlicht-vierkant","8":"product_tag-bloklampen","9":"product_tag-deense-achterbumper","10":"product_tag-hella-achterlicht","11":"product_tag-ize-led","12":"product_tag-led-achterlicht","13":"product_tag-ledon-achterlichten","14":"product_tag-strands-led-verlichting","15":"product_tag-strands-lighting-division","16":"product_tag-truckstyling","18":"first","19":"instock","20":"taxable","21":"shipping-taxable","22":"purchasable","23":"product-type-simple"},"acf":[],"yoast_head":"<!-- This site is optimized with the Yoast SEO Premium plugin v26.5 (Yoast SEO v27.1.1) - https:\/\/yoast.com\/product\/yoast-seo-premium-wordpress\/ -->\n<title>IZE LED achterlicht Strands - helder glas - voor truck &amp; trailer<\/title>\n<meta name=\"description\" content=\"Strands IZE LED achterlicht helder glas - stads &amp; remlicht functie - 24 volt - ECE R7 keur - IZE LED - LED bloklamp - Deense achterbumper\" \/>\n<meta name=\"robots\" content=\"index, follow, max-snippet:-1, max-image-preview:large, max-video-preview:-1\" \/>\n<link rel=\"canonical\" href=\"https:\/\/www.alldayled.com\/nl\/product\/ize-led-achterlicht-rood-helder-glas\/\" \/>\n<meta property=\"og:locale\" content=\"nl_NL\" \/>\n<meta property=\"og:type\" content=\"article\" \/>\n<meta property=\"og:title\" content=\"IZE LED achterlicht Strands - helder glas - voor truck &amp; trailer\" \/>\n<meta property=\"og:description\" content=\"Strands IZE LED achterlicht helder glas - stads &amp; remlicht functie - 24 volt - ECE R7 keur - IZE LED - LED bloklamp - Deense achterbumper\" \/>\n<meta property=\"og:url\" content=\"https:\/\/www.alldayled.com\/nl\/product\/ize-led-achterlicht-rood-helder-glas\/\" \/>\n<meta property=\"og:site_name\" content=\"All Day Led\" \/>\n<meta property=\"article:publisher\" content=\"https:\/\/www.facebook.com\/alldayled\/\" \/>\n<meta property=\"article:modified_time\" content=\"2026-03-09T15:05:15+00:00\" \/>\n<meta property=\"og:image\" content=\"https:\/\/www.alldayled.com\/wp-content\/uploads\/2020\/03\/ADL800126-SM.png\" \/>\n\t<meta property=\"og:image:width\" content=\"800\" \/>\n\t<meta property=\"og:image:height\" content=\"800\" \/>\n\t<meta property=\"og:image:type\" content=\"image\/png\" \/>\n<meta name=\"twitter:label1\" content=\"Prijs\" \/>\n\t<meta name=\"twitter:data1\" content=\"&euro;&nbsp;59,00\" \/>\n\t<meta name=\"twitter:label2\" content=\"Beschikbaarheid\" \/>\n\t<meta name=\"twitter:data2\" content=\"Op voorraad\" \/>\n<script type=\"application\/ld+json\" class=\"yoast-schema-graph\">{\"@context\":\"https:\/\/schema.org\",\"@graph\":[{\"@type\":\"WebPage\",\"@id\":\"https:\/\/www.alldayled.com\/nl\/product\/ize-led-achterlicht-rood-helder-glas\/\",\"url\":\"https:\/\/www.alldayled.com\/nl\/product\/ize-led-achterlicht-rood-helder-glas\/\",\"name\":\"IZE LED achterlicht Strands - helder glas - voor truck & trailer\",\"isPartOf\":{\"@id\":\"https:\/\/www.alldayled.com\/nl\/#website\"},\"primaryImageOfPage\":{\"@id\":\"https:\/\/www.alldayled.com\/nl\/product\/ize-led-achterlicht-rood-helder-glas\/#primaryimage\"},\"image\":{\"@id\":\"https:\/\/www.alldayled.com\/nl\/product\/ize-led-achterlicht-rood-helder-glas\/#primaryimage\"},\"thumbnailUrl\":\"https:\/\/www.alldayled.com\/wp-content\/uploads\/2020\/03\/ADL800126-10.png\",\"datePublished\":\"2020-03-28T15:22:05+00:00\",\"dateModified\":\"2026-03-09T15:05:15+00:00\",\"description\":\"Strands IZE LED achterlicht helder glas - stads & remlicht functie - 24 volt - ECE R7 keur - IZE LED - LED bloklamp - Deense achterbumper\",\"breadcrumb\":{\"@id\":\"https:\/\/www.alldayled.com\/nl\/product\/ize-led-achterlicht-rood-helder-glas\/#breadcrumb\"},\"inLanguage\":\"nl-NL\",\"potentialAction\":[{\"@type\":\"ReadAction\",\"target\":[\"https:\/\/www.alldayled.com\/nl\/product\/ize-led-achterlicht-rood-helder-glas\/\"]}]},{\"@type\":\"ImageObject\",\"inLanguage\":\"nl-NL\",\"@id\":\"https:\/\/www.alldayled.com\/nl\/product\/ize-led-achterlicht-rood-helder-glas\/#primaryimage\",\"url\":\"https:\/\/www.alldayled.com\/wp-content\/uploads\/2020\/03\/ADL800126-10.png\",\"contentUrl\":\"https:\/\/www.alldayled.com\/wp-content\/uploads\/2020\/03\/ADL800126-10.png\",\"width\":800,\"height\":600,\"caption\":\"800126 - Strands IZE LED achterlicht\"},{\"@type\":\"BreadcrumbList\",\"@id\":\"https:\/\/www.alldayled.com\/nl\/product\/ize-led-achterlicht-rood-helder-glas\/#breadcrumb\",\"itemListElement\":[{\"@type\":\"ListItem\",\"position\":1,\"name\":\"Home\",\"item\":\"https:\/\/www.alldayled.com\/nl\/\"},{\"@type\":\"ListItem\",\"position\":2,\"name\":\"Winkel\",\"item\":\"https:\/\/www.alldayled.com\/nl\/winkel\/\"},{\"@type\":\"ListItem\",\"position\":3,\"name\":\"Achterlichten\",\"item\":\"https:\/\/www.alldayled.com\/nl\/product-categorie\/achterlichten\/\"},{\"@type\":\"ListItem\",\"position\":4,\"name\":\"Achterlicht vierkant\",\"item\":\"https:\/\/www.alldayled.com\/nl\/product-categorie\/achterlichten\/achterlicht-vierkant\/\"},{\"@type\":\"ListItem\",\"position\":5,\"name\":\"Strands IZE LED achterlicht &#8211; helder\"}]},{\"@type\":\"WebSite\",\"@id\":\"https:\/\/www.alldayled.com\/nl\/#website\",\"url\":\"https:\/\/www.alldayled.com\/nl\/\",\"name\":\"All Day Led\",\"description\":\"Verlichting voor 12&amp;24 volt gebruik\",\"publisher\":{\"@id\":\"https:\/\/www.alldayled.com\/nl\/#organization\"},\"potentialAction\":[{\"@type\":\"SearchAction\",\"target\":{\"@type\":\"EntryPoint\",\"urlTemplate\":\"https:\/\/www.alldayled.com\/nl\/?s={search_term_string}\"},\"query-input\":{\"@type\":\"PropertyValueSpecification\",\"valueRequired\":true,\"valueName\":\"search_term_string\"}}],\"inLanguage\":\"nl-NL\"},{\"@type\":\"Organization\",\"@id\":\"https:\/\/www.alldayled.com\/nl\/#organization\",\"name\":\"All Day Led\",\"url\":\"https:\/\/www.alldayled.com\/nl\/\",\"logo\":{\"@type\":\"ImageObject\",\"inLanguage\":\"nl-NL\",\"@id\":\"https:\/\/www.alldayled.com\/nl\/#\/schema\/logo\/image\/\",\"url\":\"https:\/\/www.alldayled.com\/wp-content\/uploads\/2025\/10\/Logo-ALL-DAY-LED-800x800-zwart-witte-letters.png\",\"contentUrl\":\"https:\/\/www.alldayled.com\/wp-content\/uploads\/2025\/10\/Logo-ALL-DAY-LED-800x800-zwart-witte-letters.png\",\"width\":800,\"height\":800,\"caption\":\"All Day Led\"},\"image\":{\"@id\":\"https:\/\/www.alldayled.com\/nl\/#\/schema\/logo\/image\/\"},\"sameAs\":[\"https:\/\/www.facebook.com\/alldayled\/\",\"https:\/\/www.instagram.com\/alldayled\/\"],\"vatID\":\"NL863960133B01\",\"taxID\":\"86416545\"}]}<\/script>\n<meta property=\"product:brand\" content=\"Strands\" \/>\n<meta property=\"product:price:amount\" content=\"59.00\" \/>\n<meta property=\"product:price:currency\" content=\"EUR\" \/>\n<meta property=\"og:availability\" content=\"instock\" \/>\n<meta property=\"product:availability\" content=\"instock\" \/>\n<meta property=\"product:retailer_item_id\" content=\"ADL800126\" \/>\n<meta property=\"product:condition\" content=\"new\" \/>\n<!-- \/ Yoast SEO Premium plugin. -->","yoast_head_json":{"title":"IZE LED achterlicht Strands - helder glas - voor truck & trailer","description":"Strands IZE LED achterlicht helder glas - stads & remlicht functie - 24 volt - ECE R7 keur - IZE LED - LED bloklamp - Deense achterbumper","robots":{"index":"index","follow":"follow","max-snippet":"max-snippet:-1","max-image-preview":"max-image-preview:large","max-video-preview":"max-video-preview:-1"},"canonical":"https:\/\/www.alldayled.com\/nl\/product\/ize-led-achterlicht-rood-helder-glas\/","og_locale":"nl_NL","og_type":"article","og_title":"IZE LED achterlicht Strands - helder glas - voor truck & trailer","og_description":"Strands IZE LED achterlicht helder glas - stads & remlicht functie - 24 volt - ECE R7 keur - IZE LED - LED bloklamp - Deense achterbumper","og_url":"https:\/\/www.alldayled.com\/nl\/product\/ize-led-achterlicht-rood-helder-glas\/","og_site_name":"All Day Led","article_publisher":"https:\/\/www.facebook.com\/alldayled\/","article_modified_time":"2026-03-09T15:05:15+00:00","og_image":[{"width":800,"height":800,"url":"https:\/\/www.alldayled.com\/wp-content\/uploads\/2020\/03\/ADL800126-SM.png","type":"image\/png"}],"twitter_misc":{"Prijs":"&euro;&nbsp;59,00","Beschikbaarheid":"Op voorraad"},"schema":{"@context":"https:\/\/schema.org","@graph":[{"@type":"WebPage","@id":"https:\/\/www.alldayled.com\/nl\/product\/ize-led-achterlicht-rood-helder-glas\/","url":"https:\/\/www.alldayled.com\/nl\/product\/ize-led-achterlicht-rood-helder-glas\/","name":"IZE LED achterlicht Strands - helder glas - voor truck & trailer","isPartOf":{"@id":"https:\/\/www.alldayled.com\/nl\/#website"},"primaryImageOfPage":{"@id":"https:\/\/www.alldayled.com\/nl\/product\/ize-led-achterlicht-rood-helder-glas\/#primaryimage"},"image":{"@id":"https:\/\/www.alldayled.com\/nl\/product\/ize-led-achterlicht-rood-helder-glas\/#primaryimage"},"thumbnailUrl":"https:\/\/www.alldayled.com\/wp-content\/uploads\/2020\/03\/ADL800126-10.png","datePublished":"2020-03-28T15:22:05+00:00","dateModified":"2026-03-09T15:05:15+00:00","description":"Strands IZE LED achterlicht helder glas - stads & remlicht functie - 24 volt - ECE R7 keur - IZE LED - LED bloklamp - Deense achterbumper","breadcrumb":{"@id":"https:\/\/www.alldayled.com\/nl\/product\/ize-led-achterlicht-rood-helder-glas\/#breadcrumb"},"inLanguage":"nl-NL","potentialAction":[{"@type":"ReadAction","target":["https:\/\/www.alldayled.com\/nl\/product\/ize-led-achterlicht-rood-helder-glas\/"]}]},{"@type":"ImageObject","inLanguage":"nl-NL","@id":"https:\/\/www.alldayled.com\/nl\/product\/ize-led-achterlicht-rood-helder-glas\/#primaryimage","url":"https:\/\/www.alldayled.com\/wp-content\/uploads\/2020\/03\/ADL800126-10.png","contentUrl":"https:\/\/www.alldayled.com\/wp-content\/uploads\/2020\/03\/ADL800126-10.png","width":800,"height":600,"caption":"800126 - Strands IZE LED achterlicht"},{"@type":"BreadcrumbList","@id":"https:\/\/www.alldayled.com\/nl\/product\/ize-led-achterlicht-rood-helder-glas\/#breadcrumb","itemListElement":[{"@type":"ListItem","position":1,"name":"Home","item":"https:\/\/www.alldayled.com\/nl\/"},{"@type":"ListItem","position":2,"name":"Winkel","item":"https:\/\/www.alldayled.com\/nl\/winkel\/"},{"@type":"ListItem","position":3,"name":"Achterlichten","item":"https:\/\/www.alldayled.com\/nl\/product-categorie\/achterlichten\/"},{"@type":"ListItem","position":4,"name":"Achterlicht vierkant","item":"https:\/\/www.alldayled.com\/nl\/product-categorie\/achterlichten\/achterlicht-vierkant\/"},{"@type":"ListItem","position":5,"name":"Strands IZE LED achterlicht &#8211; helder"}]},{"@type":"WebSite","@id":"https:\/\/www.alldayled.com\/nl\/#website","url":"https:\/\/www.alldayled.com\/nl\/","name":"All Day Led","description":"Verlichting voor 12&amp;24 volt gebruik","publisher":{"@id":"https:\/\/www.alldayled.com\/nl\/#organization"},"potentialAction":[{"@type":"SearchAction","target":{"@type":"EntryPoint","urlTemplate":"https:\/\/www.alldayled.com\/nl\/?s={search_term_string}"},"query-input":{"@type":"PropertyValueSpecification","valueRequired":true,"valueName":"search_term_string"}}],"inLanguage":"nl-NL"},{"@type":"Organization","@id":"https:\/\/www.alldayled.com\/nl\/#organization","name":"All Day Led","url":"https:\/\/www.alldayled.com\/nl\/","logo":{"@type":"ImageObject","inLanguage":"nl-NL","@id":"https:\/\/www.alldayled.com\/nl\/#\/schema\/logo\/image\/","url":"https:\/\/www.alldayled.com\/wp-content\/uploads\/2025\/10\/Logo-ALL-DAY-LED-800x800-zwart-witte-letters.png","contentUrl":"https:\/\/www.alldayled.com\/wp-content\/uploads\/2025\/10\/Logo-ALL-DAY-LED-800x800-zwart-witte-letters.png","width":800,"height":800,"caption":"All Day Led"},"image":{"@id":"https:\/\/www.alldayled.com\/nl\/#\/schema\/logo\/image\/"},"sameAs":["https:\/\/www.facebook.com\/alldayled\/","https:\/\/www.instagram.com\/alldayled\/"],"vatID":"NL863960133B01","taxID":"86416545"}]},"product_brand":"Strands","product_price_amount":"59.00","product_price_currency":"EUR","og_availability":"instock","product_availability":"instock","product_retailer_item_id":"ADL800126","product_condition":"new"},"_links":{"self":[{"href":"https:\/\/www.alldayled.com\/nl\/wp-json\/wp\/v2\/product\/6177","targetHints":{"allow":["GET"]}}],"collection":[{"href":"https:\/\/www.alldayled.com\/nl\/wp-json\/wp\/v2\/product"}],"about":[{"href":"https:\/\/www.alldayled.com\/nl\/wp-json\/wp\/v2\/types\/product"}],"replies":[{"embeddable":true,"href":"https:\/\/www.alldayled.com\/nl\/wp-json\/wp\/v2\/comments?post=6177"}],"wp:featuredmedia":[{"embeddable":true,"href":"https:\/\/www.alldayled.com\/nl\/wp-json\/wp\/v2\/media\/82316"}],"wp:attachment":[{"href":"https:\/\/www.alldayled.com\/nl\/wp-json\/wp\/v2\/media?parent=6177"}],"wp:term":[{"taxonomy":"product_brand","embeddable":true,"href":"https:\/\/www.alldayled.com\/nl\/wp-json\/wp\/v2\/product_brand?post=6177"},{"taxonomy":"product_cat","embeddable":true,"href":"https:\/\/www.alldayled.com\/nl\/wp-json\/wp\/v2\/product_cat?post=6177"},{"taxonomy":"product_tag","embeddable":true,"href":"https:\/\/www.alldayled.com\/nl\/wp-json\/wp\/v2\/product_tag?post=6177"}],"curies":[{"name":"wp","href":"https:\/\/api.w.org\/{rel}","templated":true}]}}