{"id":6226,"date":"2020-04-10T15:29:12","date_gmt":"2020-04-10T13:29:12","guid":{"rendered":"https:\/\/www.alldayled.com\/?post_type=product&#038;p=6226"},"modified":"2026-04-16T12:52:30","modified_gmt":"2026-04-16T10:52:30","slug":"was-led-breedtelamp-84mm-12-24-volt","status":"publish","type":"product","link":"https:\/\/www.alldayled.com\/nl\/product\/was-led-breedtelamp-84mm-12-24-volt\/","title":{"rendered":"WA\u015a W62 breedtelamp 84mm"},"content":{"rendered":"<p><span style=\"color: #000000;\"><strong>WA\u015a W62 LED breedtelamp 84mm kort, geschikt voor 12 &amp; 24 volt gebruik.<\/strong><\/span><\/p>\n<p><span style=\"color: #000000;\">Deze WA\u015a LED breedtelamp is te gebruiken op 12 en 24 volt, hierdoor kun je deze bijvoorbeeld monteren op een aanhanger, vrachtwagen, trailer, tractor of camper\/caravan. Deze LED lamp is werkzaam tot maar liefst 30 volt. Dit wil zeggen dat deze lamp is beschermd tegen piekspanning die kan ontstaan tijdens het starten van het voertuig. Ook is de LED lamp voorzien van een E-keur. Dit wil zeggen dat je de lamp mag gebruiken op de openbare wegen.<\/span><\/p>\n<p><span style=\"color: #000000;\">Deze LED lamp van het merk WA\u015a is gemaakt van hoogwaardig materiaal. Daarmee ben je er verzekerd van dat deze enige tijd mee zal gaan. Kortom met deze LED breedtelamp gemonteerd op jouw voertuig of aanhanger ben je er zeker van dat je altijd veilig de weg op kunt. Mocht de breedtelamp onverwachts toch niet meer werken, weet dan dat deze lampen standaard met 1 jaar garantie geleverd worden. Het gaat hier om een universele LED lamp, dit wil zeggen dat je deze lamp zowel links als rechts kunt monteren.<\/span><\/p>\n<h5><span style=\"color: #000000;\"><strong>Aansluitkabel:\u00a0<\/strong><\/span><\/h5>\n<p><span style=\"color: #000000;\">Bij het aanschaffen van deze LED breedtelamp kun je kiezen tussen twee verschillende lengtes aansluitkabel. Afhankelijk van waar en hoe je de breedtelamp wilt monteren, kun je de lengte van de aansluitkabel bepalen. Je hebt bij deze LED lamp de volgende kabellengte opties:<\/span><\/p>\n<ul>\n<li><span style=\"color: #000000;\">20 Centimeter aansluitkabel<\/span><\/li>\n<li><span style=\"color: #000000;\">2 Meter aansluitkabel<\/span><\/li>\n<\/ul>\n<h5><span style=\"color: #000000;\"><strong>Afmetingen:<\/strong><\/span><\/h5>\n<p><span style=\"color: #000000;\">De afmetingen van deze WA\u015a LED breedtelamp 84mm zijn als volgt:<\/span><\/p>\n<ul>\n<li><span style=\"color: #000000;\">Hoogte: 103 mm<\/span><\/li>\n<li><span style=\"color: #000000;\">Breedte: 84 mm<\/span><\/li>\n<li><span style=\"color: #000000;\">Dikte: 33 mm<\/span><\/li>\n<\/ul>\n<p><span style=\"color: #000000;\">Ben je wel opzoek naar een LED breedtelicht, maar wil je een andere variant op jouw voertuig of aanhanger? Bekijk dan ook onze pagina <a style=\"color: #000000;\" href=\"https:\/\/www.alldayled.com\/product-categorie\/positielampen\/breedtelampen\/\">breedtelampen<\/a>, wellicht vind je hier wel het model waarnaar je opzoek bent.<\/span><\/p>\n","protected":false},"excerpt":{"rendered":"<p>WA\u015a W62 LED breedtelamp 84mm kort, geschikt voor 12 &amp; 24 volt gebruik. Deze WA\u015a LED breedtelamp is te gebruiken op 12 en 24 volt, hierdoor kun je deze bijvoorbeeld monteren op een aanhanger, vrachtwagen, trailer, tractor of camper\/caravan. Deze LED lamp is werkzaam tot maar liefst 30 volt. Dit wil zeggen dat deze lamp [&hellip;]<\/p>\n","protected":false},"featured_media":38708,"comment_status":"open","ping_status":"closed","template":"","meta":{"_acf_changed":false},"product_brand":[5053],"product_cat":[3081],"product_tag":[3395,3396,3398,3500,3501,3502,3504,3402,3403,3404,3163],"class_list":{"0":"post-6226","1":"product","2":"type-product","3":"status-publish","4":"has-post-thumbnail","6":"product_brand-product-was","7":"product_cat-breedtelampen","8":"product_tag-breedtelamp-aanhanger","9":"product_tag-breedtelamp-camper","10":"product_tag-breedtelamp-vrachtwagen","11":"product_tag-breedtelicht-aanhanger","12":"product_tag-breedtelicht-trailer","13":"product_tag-breedtelicht-vrachtwagen","14":"product_tag-led-breedtelamp","15":"product_tag-led-breedtelamp-12-volt","16":"product_tag-led-breedtelamp-24-volt","17":"product_tag-led-breedtelicht","18":"product_tag-was-led-verlichting","20":"first","21":"instock","22":"taxable","23":"shipping-taxable","24":"purchasable","25":"product-type-variable"},"acf":[],"yoast_head":"<!-- This site is optimized with the Yoast SEO Premium plugin v26.5 (Yoast SEO v27.1.1) - https:\/\/yoast.com\/product\/yoast-seo-premium-wordpress\/ -->\n<title>LED breedtelamp 84mm WA\u015a - All Day Led - voor 12 &amp; 24 volt<\/title>\n<meta name=\"description\" content=\"WA\u015a LED breedtelamp 84mm - LED breedtelamp kort - 12 &amp; 24 volt gebruik - met E-keur - voor tractor, vrachtwagen, aanhanger, caravan en meer\" \/>\n<meta name=\"robots\" content=\"index, follow, max-snippet:-1, max-image-preview:large, max-video-preview:-1\" \/>\n<link rel=\"canonical\" href=\"https:\/\/www.alldayled.com\/nl\/product\/was-led-breedtelamp-84mm-12-24-volt\/\" \/>\n<meta property=\"og:locale\" content=\"nl_NL\" \/>\n<meta property=\"og:type\" content=\"article\" \/>\n<meta property=\"og:title\" content=\"WA\u015a W62 breedtelamp 84mm\" \/>\n<meta property=\"og:description\" content=\"WA\u015a W62 LED breedtelamp 84mm kort, geschikt voor 12 &amp; 24 volt gebruik. Deze WA\u015a LED breedtelamp is te gebruiken op 12 en 24 volt, hierdoor kun je deze\" \/>\n<meta property=\"og:url\" content=\"https:\/\/www.alldayled.com\/nl\/product\/was-led-breedtelamp-84mm-12-24-volt\/\" \/>\n<meta property=\"og:site_name\" content=\"All Day Led\" \/>\n<meta property=\"article:publisher\" content=\"https:\/\/www.facebook.com\/alldayled\/\" \/>\n<meta property=\"article:modified_time\" content=\"2026-04-16T10:52:30+00:00\" \/>\n<meta property=\"og:image\" content=\"https:\/\/www.alldayled.com\/wp-content\/uploads\/2025\/10\/ADL00300-WAS.jpg\" \/>\n\t<meta property=\"og:image:width\" content=\"800\" \/>\n\t<meta property=\"og:image:height\" content=\"600\" \/>\n\t<meta property=\"og:image:type\" content=\"image\/jpeg\" \/>\n<meta name=\"twitter:label1\" content=\"Beschikbaarheid\" \/>\n\t<meta name=\"twitter:data1\" content=\"Op voorraad\" \/>\n<script type=\"application\/ld+json\" class=\"yoast-schema-graph\">{\"@context\":\"https:\/\/schema.org\",\"@graph\":[{\"@type\":\"WebPage\",\"@id\":\"https:\/\/www.alldayled.com\/nl\/product\/was-led-breedtelamp-84mm-12-24-volt\/\",\"url\":\"https:\/\/www.alldayled.com\/nl\/product\/was-led-breedtelamp-84mm-12-24-volt\/\",\"name\":\"LED breedtelamp 84mm WA\u015a - All Day Led - voor 12 & 24 volt\",\"isPartOf\":{\"@id\":\"https:\/\/www.alldayled.com\/nl\/#website\"},\"primaryImageOfPage\":{\"@id\":\"https:\/\/www.alldayled.com\/nl\/product\/was-led-breedtelamp-84mm-12-24-volt\/#primaryimage\"},\"image\":{\"@id\":\"https:\/\/www.alldayled.com\/nl\/product\/was-led-breedtelamp-84mm-12-24-volt\/#primaryimage\"},\"thumbnailUrl\":\"https:\/\/www.alldayled.com\/wp-content\/uploads\/2025\/10\/ADL00300-WAS.jpg\",\"datePublished\":\"2020-04-10T13:29:12+00:00\",\"dateModified\":\"2026-04-16T10:52:30+00:00\",\"description\":\"WA\u015a LED breedtelamp 84mm - LED breedtelamp kort - 12 & 24 volt gebruik - met E-keur - voor tractor, vrachtwagen, aanhanger, caravan en meer\",\"breadcrumb\":{\"@id\":\"https:\/\/www.alldayled.com\/nl\/product\/was-led-breedtelamp-84mm-12-24-volt\/#breadcrumb\"},\"inLanguage\":\"nl-NL\",\"potentialAction\":[{\"@type\":\"ReadAction\",\"target\":[\"https:\/\/www.alldayled.com\/nl\/product\/was-led-breedtelamp-84mm-12-24-volt\/\"]}]},{\"@type\":\"ImageObject\",\"inLanguage\":\"nl-NL\",\"@id\":\"https:\/\/www.alldayled.com\/nl\/product\/was-led-breedtelamp-84mm-12-24-volt\/#primaryimage\",\"url\":\"https:\/\/www.alldayled.com\/wp-content\/uploads\/2025\/10\/ADL00300-WAS.jpg\",\"contentUrl\":\"https:\/\/www.alldayled.com\/wp-content\/uploads\/2025\/10\/ADL00300-WAS.jpg\",\"width\":800,\"height\":600},{\"@type\":\"BreadcrumbList\",\"@id\":\"https:\/\/www.alldayled.com\/nl\/product\/was-led-breedtelamp-84mm-12-24-volt\/#breadcrumb\",\"itemListElement\":[{\"@type\":\"ListItem\",\"position\":1,\"name\":\"Home\",\"item\":\"https:\/\/www.alldayled.com\/nl\/\"},{\"@type\":\"ListItem\",\"position\":2,\"name\":\"Winkel\",\"item\":\"https:\/\/www.alldayled.com\/nl\/winkel\/\"},{\"@type\":\"ListItem\",\"position\":3,\"name\":\"Positielampen\",\"item\":\"https:\/\/www.alldayled.com\/nl\/product-categorie\/positielampen\/\"},{\"@type\":\"ListItem\",\"position\":4,\"name\":\"Breedtelampen\",\"item\":\"https:\/\/www.alldayled.com\/nl\/product-categorie\/positielampen\/breedtelampen\/\"},{\"@type\":\"ListItem\",\"position\":5,\"name\":\"WA\u015a W62 breedtelamp 84mm\"}]},{\"@type\":\"WebSite\",\"@id\":\"https:\/\/www.alldayled.com\/nl\/#website\",\"url\":\"https:\/\/www.alldayled.com\/nl\/\",\"name\":\"All Day Led\",\"description\":\"Verlichting voor 12&amp;24 volt gebruik\",\"publisher\":{\"@id\":\"https:\/\/www.alldayled.com\/nl\/#organization\"},\"potentialAction\":[{\"@type\":\"SearchAction\",\"target\":{\"@type\":\"EntryPoint\",\"urlTemplate\":\"https:\/\/www.alldayled.com\/nl\/?s={search_term_string}\"},\"query-input\":{\"@type\":\"PropertyValueSpecification\",\"valueRequired\":true,\"valueName\":\"search_term_string\"}}],\"inLanguage\":\"nl-NL\"},{\"@type\":\"Organization\",\"@id\":\"https:\/\/www.alldayled.com\/nl\/#organization\",\"name\":\"All Day Led\",\"url\":\"https:\/\/www.alldayled.com\/nl\/\",\"logo\":{\"@type\":\"ImageObject\",\"inLanguage\":\"nl-NL\",\"@id\":\"https:\/\/www.alldayled.com\/nl\/#\/schema\/logo\/image\/\",\"url\":\"https:\/\/www.alldayled.com\/wp-content\/uploads\/2025\/10\/Logo-ALL-DAY-LED-800x800-zwart-witte-letters.png\",\"contentUrl\":\"https:\/\/www.alldayled.com\/wp-content\/uploads\/2025\/10\/Logo-ALL-DAY-LED-800x800-zwart-witte-letters.png\",\"width\":800,\"height\":800,\"caption\":\"All Day Led\"},\"image\":{\"@id\":\"https:\/\/www.alldayled.com\/nl\/#\/schema\/logo\/image\/\"},\"sameAs\":[\"https:\/\/www.facebook.com\/alldayled\/\",\"https:\/\/www.instagram.com\/alldayled\/\"],\"vatID\":\"NL863960133B01\",\"taxID\":\"86416545\"}]}<\/script>\n<meta property=\"product:brand\" content=\"WA\u015a\" \/>\n<meta property=\"og:availability\" content=\"instock\" \/>\n<meta property=\"product:availability\" content=\"instock\" \/>\n<meta property=\"product:retailer_item_id\" content=\"ADL10286\" \/>\n<meta property=\"product:condition\" content=\"new\" \/>\n<!-- \/ Yoast SEO Premium plugin. -->","yoast_head_json":{"title":"LED breedtelamp 84mm WA\u015a - All Day Led - voor 12 & 24 volt","description":"WA\u015a LED breedtelamp 84mm - LED breedtelamp kort - 12 & 24 volt gebruik - met E-keur - voor tractor, vrachtwagen, aanhanger, caravan en meer","robots":{"index":"index","follow":"follow","max-snippet":"max-snippet:-1","max-image-preview":"max-image-preview:large","max-video-preview":"max-video-preview:-1"},"canonical":"https:\/\/www.alldayled.com\/nl\/product\/was-led-breedtelamp-84mm-12-24-volt\/","og_locale":"nl_NL","og_type":"article","og_title":"WA\u015a W62 breedtelamp 84mm","og_description":"WA\u015a W62 LED breedtelamp 84mm kort, geschikt voor 12 &amp; 24 volt gebruik. Deze WA\u015a LED breedtelamp is te gebruiken op 12 en 24 volt, hierdoor kun je deze","og_url":"https:\/\/www.alldayled.com\/nl\/product\/was-led-breedtelamp-84mm-12-24-volt\/","og_site_name":"All Day Led","article_publisher":"https:\/\/www.facebook.com\/alldayled\/","article_modified_time":"2026-04-16T10:52:30+00:00","og_image":[{"width":800,"height":600,"url":"https:\/\/www.alldayled.com\/wp-content\/uploads\/2025\/10\/ADL00300-WAS.jpg","type":"image\/jpeg"}],"twitter_misc":{"Beschikbaarheid":"Op voorraad"},"schema":{"@context":"https:\/\/schema.org","@graph":[{"@type":"WebPage","@id":"https:\/\/www.alldayled.com\/nl\/product\/was-led-breedtelamp-84mm-12-24-volt\/","url":"https:\/\/www.alldayled.com\/nl\/product\/was-led-breedtelamp-84mm-12-24-volt\/","name":"LED breedtelamp 84mm WA\u015a - All Day Led - voor 12 & 24 volt","isPartOf":{"@id":"https:\/\/www.alldayled.com\/nl\/#website"},"primaryImageOfPage":{"@id":"https:\/\/www.alldayled.com\/nl\/product\/was-led-breedtelamp-84mm-12-24-volt\/#primaryimage"},"image":{"@id":"https:\/\/www.alldayled.com\/nl\/product\/was-led-breedtelamp-84mm-12-24-volt\/#primaryimage"},"thumbnailUrl":"https:\/\/www.alldayled.com\/wp-content\/uploads\/2025\/10\/ADL00300-WAS.jpg","datePublished":"2020-04-10T13:29:12+00:00","dateModified":"2026-04-16T10:52:30+00:00","description":"WA\u015a LED breedtelamp 84mm - LED breedtelamp kort - 12 & 24 volt gebruik - met E-keur - voor tractor, vrachtwagen, aanhanger, caravan en meer","breadcrumb":{"@id":"https:\/\/www.alldayled.com\/nl\/product\/was-led-breedtelamp-84mm-12-24-volt\/#breadcrumb"},"inLanguage":"nl-NL","potentialAction":[{"@type":"ReadAction","target":["https:\/\/www.alldayled.com\/nl\/product\/was-led-breedtelamp-84mm-12-24-volt\/"]}]},{"@type":"ImageObject","inLanguage":"nl-NL","@id":"https:\/\/www.alldayled.com\/nl\/product\/was-led-breedtelamp-84mm-12-24-volt\/#primaryimage","url":"https:\/\/www.alldayled.com\/wp-content\/uploads\/2025\/10\/ADL00300-WAS.jpg","contentUrl":"https:\/\/www.alldayled.com\/wp-content\/uploads\/2025\/10\/ADL00300-WAS.jpg","width":800,"height":600},{"@type":"BreadcrumbList","@id":"https:\/\/www.alldayled.com\/nl\/product\/was-led-breedtelamp-84mm-12-24-volt\/#breadcrumb","itemListElement":[{"@type":"ListItem","position":1,"name":"Home","item":"https:\/\/www.alldayled.com\/nl\/"},{"@type":"ListItem","position":2,"name":"Winkel","item":"https:\/\/www.alldayled.com\/nl\/winkel\/"},{"@type":"ListItem","position":3,"name":"Positielampen","item":"https:\/\/www.alldayled.com\/nl\/product-categorie\/positielampen\/"},{"@type":"ListItem","position":4,"name":"Breedtelampen","item":"https:\/\/www.alldayled.com\/nl\/product-categorie\/positielampen\/breedtelampen\/"},{"@type":"ListItem","position":5,"name":"WA\u015a W62 breedtelamp 84mm"}]},{"@type":"WebSite","@id":"https:\/\/www.alldayled.com\/nl\/#website","url":"https:\/\/www.alldayled.com\/nl\/","name":"All Day Led","description":"Verlichting voor 12&amp;24 volt gebruik","publisher":{"@id":"https:\/\/www.alldayled.com\/nl\/#organization"},"potentialAction":[{"@type":"SearchAction","target":{"@type":"EntryPoint","urlTemplate":"https:\/\/www.alldayled.com\/nl\/?s={search_term_string}"},"query-input":{"@type":"PropertyValueSpecification","valueRequired":true,"valueName":"search_term_string"}}],"inLanguage":"nl-NL"},{"@type":"Organization","@id":"https:\/\/www.alldayled.com\/nl\/#organization","name":"All Day Led","url":"https:\/\/www.alldayled.com\/nl\/","logo":{"@type":"ImageObject","inLanguage":"nl-NL","@id":"https:\/\/www.alldayled.com\/nl\/#\/schema\/logo\/image\/","url":"https:\/\/www.alldayled.com\/wp-content\/uploads\/2025\/10\/Logo-ALL-DAY-LED-800x800-zwart-witte-letters.png","contentUrl":"https:\/\/www.alldayled.com\/wp-content\/uploads\/2025\/10\/Logo-ALL-DAY-LED-800x800-zwart-witte-letters.png","width":800,"height":800,"caption":"All Day Led"},"image":{"@id":"https:\/\/www.alldayled.com\/nl\/#\/schema\/logo\/image\/"},"sameAs":["https:\/\/www.facebook.com\/alldayled\/","https:\/\/www.instagram.com\/alldayled\/"],"vatID":"NL863960133B01","taxID":"86416545"}]},"product_brand":"WA\u015a","og_availability":"instock","product_availability":"instock","product_retailer_item_id":"ADL10286","product_condition":"new"},"_links":{"self":[{"href":"https:\/\/www.alldayled.com\/nl\/wp-json\/wp\/v2\/product\/6226","targetHints":{"allow":["GET"]}}],"collection":[{"href":"https:\/\/www.alldayled.com\/nl\/wp-json\/wp\/v2\/product"}],"about":[{"href":"https:\/\/www.alldayled.com\/nl\/wp-json\/wp\/v2\/types\/product"}],"replies":[{"embeddable":true,"href":"https:\/\/www.alldayled.com\/nl\/wp-json\/wp\/v2\/comments?post=6226"}],"wp:featuredmedia":[{"embeddable":true,"href":"https:\/\/www.alldayled.com\/nl\/wp-json\/wp\/v2\/media\/38708"}],"wp:attachment":[{"href":"https:\/\/www.alldayled.com\/nl\/wp-json\/wp\/v2\/media?parent=6226"}],"wp:term":[{"taxonomy":"product_brand","embeddable":true,"href":"https:\/\/www.alldayled.com\/nl\/wp-json\/wp\/v2\/product_brand?post=6226"},{"taxonomy":"product_cat","embeddable":true,"href":"https:\/\/www.alldayled.com\/nl\/wp-json\/wp\/v2\/product_cat?post=6226"},{"taxonomy":"product_tag","embeddable":true,"href":"https:\/\/www.alldayled.com\/nl\/wp-json\/wp\/v2\/product_tag?post=6226"}],"curies":[{"name":"wp","href":"https:\/\/api.w.org\/{rel}","templated":true}]}}