{"id":6229,"date":"2020-04-10T15:25:12","date_gmt":"2020-04-10T13:25:12","guid":{"rendered":"https:\/\/www.alldayled.com\/?post_type=product&#038;p=6229"},"modified":"2026-04-09T14:44:44","modified_gmt":"2026-04-09T12:44:44","slug":"led-breedtelamp-184mm-12-24v-links","status":"publish","type":"product","link":"https:\/\/www.alldayled.com\/nl\/product\/led-breedtelamp-184mm-12-24v-links\/","title":{"rendered":"WA\u015a W48 breedtelamp 184mm &#8211; LINKS"},"content":{"rendered":"<p><span style=\"color: #000000;\"><strong>WA\u015a W48 LED breedtelamp haaks groot LINKS, geschikt voor 12 &amp; 24 volt.<\/strong><\/span><\/p>\n<p><span style=\"color: #000000;\">Deze WA\u015a LED breedtelamp 184mm is te gebruiken op 12 en 24 volt. Hierdoor kun je deze bijvoorbeeld monteren op jouw aanhanger, vrachtwagen, trailer, tractor of camper\/caravan. De LED breedtelamp is werkzaam tot 30 volt. Dit wil zeggen dat deze is beschermd tegen piekspanning die kan ontstaan tijdens het starten van het voertuig. Ook is de LED lamp voorzien van een E-keur, dit wil zeggen dat je de lamp mag gebruiken op de openbare weg.<\/span><\/p>\n<p><span style=\"color: #000000;\">Deze LED lamp van het merk WA\u015a is gemaakt van hoogwaardig materiaal. Daarmee ben je ervan verzekerd dat deze enige tijd mee zal gaan. Kortom, met deze LED lamp links gemonteerd op jouw voertuig of aanhanger ben je er zeker van dat je altijd veilig de weg op kunt. Mocht de breedtelamp onverwachts toch niet meer werken, weet dan dat deze lampen standaard met 1 jaar garantie geleverd worden. Het betreft hier de linkse variant van deze lamp, indien je deze als set wilt bestellen kun je <a style=\"color: #000000;\" href=\"https:\/\/www.alldayled.com\/product\/led-breedtelamp-184mm-12-24v-rechts\/\">hier\u00a0<\/a>de rechtse variant vinden.<\/span><\/p>\n<h5><span style=\"color: #000000;\"><strong>Aansluitkabel:\u00a0<\/strong><\/span><\/h5>\n<p><span style=\"color: #000000;\">Bij het aanschaffen van deze LED breedtelamp links kun je kiezen tussen twee verschillende lengtes aansluitkabel. Afhankelijk van waar en hoe je de breedtelamp wilt monteren, kun je de lengte van de aansluitkabel bepalen. Bij deze LED lamp heb je de volgende opties:<\/span><\/p>\n<ul>\n<li><span style=\"color: #000000;\">20 Centimeter aansluitkabel<\/span><\/li>\n<li><span style=\"color: #000000;\">2 Meter aansluitkabel<\/span><\/li>\n<\/ul>\n<h5><span style=\"color: #000000;\"><strong>Afmetingen:<\/strong><\/span><\/h5>\n<p><span style=\"color: #000000;\">De afmetingen van deze WA\u015a LED breedtelamp haaks links zijn als volgt:<\/span><\/p>\n<ul>\n<li><span style=\"color: #000000;\">Hoogte: 165 mm<\/span><\/li>\n<li><span style=\"color: #000000;\">Breedte: 184 mm<\/span><\/li>\n<li><span style=\"color: #000000;\">Dikte: 33 mm<\/span><\/li>\n<\/ul>\n<p><span style=\"color: #000000;\">Ben je wel opzoek naar een LED breedtelicht maar is deze van WA\u015a niet wat je zoekt? Bekijk dan ook eens de pagina <a style=\"color: #000000;\" href=\"https:\/\/www.alldayled.com\/product-categorie\/positielampen\/breedtelampen\/\">breedtelampen<\/a>, wellicht vind je hier wel het model waarnaar je opzoek bent.<\/span><\/p>\n","protected":false},"excerpt":{"rendered":"<p>WA\u015a W48 LED breedtelamp haaks groot LINKS, geschikt voor 12 &amp; 24 volt. Deze WA\u015a LED breedtelamp 184mm is te gebruiken op 12 en 24 volt. Hierdoor kun je deze bijvoorbeeld monteren op jouw aanhanger, vrachtwagen, trailer, tractor of camper\/caravan. De LED breedtelamp is werkzaam tot 30 volt. Dit wil zeggen dat deze is beschermd [&hellip;]<\/p>\n","protected":false},"featured_media":38726,"comment_status":"open","ping_status":"closed","template":"","meta":{"_acf_changed":false},"product_brand":[5053],"product_cat":[3081],"product_tag":[3396,3398,3500,3501,3502,3504,3402,3403,3404,3163],"class_list":{"0":"post-6229","1":"product","2":"type-product","3":"status-publish","4":"has-post-thumbnail","6":"product_brand-product-was","7":"product_cat-breedtelampen","8":"product_tag-breedtelamp-camper","9":"product_tag-breedtelamp-vrachtwagen","10":"product_tag-breedtelicht-aanhanger","11":"product_tag-breedtelicht-trailer","12":"product_tag-breedtelicht-vrachtwagen","13":"product_tag-led-breedtelamp","14":"product_tag-led-breedtelamp-12-volt","15":"product_tag-led-breedtelamp-24-volt","16":"product_tag-led-breedtelicht","17":"product_tag-was-led-verlichting","19":"first","20":"instock","21":"taxable","22":"shipping-taxable","23":"purchasable","24":"product-type-variable"},"acf":[],"yoast_head":"<!-- This site is optimized with the Yoast SEO Premium plugin v26.5 (Yoast SEO v27.1.1) - https:\/\/yoast.com\/product\/yoast-seo-premium-wordpress\/ -->\n<title>LED breedtelamp haaks links van WA\u015a - All Day Led - 12&amp;24 Volt<\/title>\n<meta name=\"description\" content=\"WA\u015a W48 LED breedtelamp haaks LINKS 184mm - LED breedtelamp - 12&amp;24 volt - met E-keur - vrachtwagen, tractor, aanhanger, trailer en meer\" \/>\n<meta name=\"robots\" content=\"index, follow, max-snippet:-1, max-image-preview:large, max-video-preview:-1\" \/>\n<link rel=\"canonical\" href=\"https:\/\/www.alldayled.com\/nl\/product\/led-breedtelamp-184mm-12-24v-links\/\" \/>\n<meta property=\"og:locale\" content=\"nl_NL\" \/>\n<meta property=\"og:type\" content=\"article\" \/>\n<meta property=\"og:title\" content=\"WA\u015a W48 breedtelamp 184mm - LINKS\" \/>\n<meta property=\"og:description\" content=\"WA\u015a W48 LED breedtelamp haaks groot LINKS, geschikt voor 12 &amp; 24 volt. Deze WA\u015a LED breedtelamp 184mm is te gebruiken op 12 en 24 volt. Hierdoor kun\" \/>\n<meta property=\"og:url\" content=\"https:\/\/www.alldayled.com\/nl\/product\/led-breedtelamp-184mm-12-24v-links\/\" \/>\n<meta property=\"og:site_name\" content=\"All Day Led\" \/>\n<meta property=\"article:publisher\" content=\"https:\/\/www.facebook.com\/alldayled\/\" \/>\n<meta property=\"article:modified_time\" content=\"2026-04-09T12:44:44+00:00\" \/>\n<meta property=\"og:image\" content=\"https:\/\/www.alldayled.com\/wp-content\/uploads\/2025\/10\/ADL10238L-WAS.jpg\" \/>\n\t<meta property=\"og:image:width\" content=\"800\" \/>\n\t<meta property=\"og:image:height\" content=\"600\" \/>\n\t<meta property=\"og:image:type\" content=\"image\/jpeg\" \/>\n<meta name=\"twitter:label1\" content=\"Beschikbaarheid\" \/>\n\t<meta name=\"twitter:data1\" content=\"Op voorraad\" \/>\n<script type=\"application\/ld+json\" class=\"yoast-schema-graph\">{\"@context\":\"https:\/\/schema.org\",\"@graph\":[{\"@type\":\"WebPage\",\"@id\":\"https:\/\/www.alldayled.com\/nl\/product\/led-breedtelamp-184mm-12-24v-links\/\",\"url\":\"https:\/\/www.alldayled.com\/nl\/product\/led-breedtelamp-184mm-12-24v-links\/\",\"name\":\"LED breedtelamp haaks links van WA\u015a - All Day Led - 12&24 Volt\",\"isPartOf\":{\"@id\":\"https:\/\/www.alldayled.com\/nl\/#website\"},\"primaryImageOfPage\":{\"@id\":\"https:\/\/www.alldayled.com\/nl\/product\/led-breedtelamp-184mm-12-24v-links\/#primaryimage\"},\"image\":{\"@id\":\"https:\/\/www.alldayled.com\/nl\/product\/led-breedtelamp-184mm-12-24v-links\/#primaryimage\"},\"thumbnailUrl\":\"https:\/\/www.alldayled.com\/wp-content\/uploads\/2025\/10\/ADL10238L-WAS.jpg\",\"datePublished\":\"2020-04-10T13:25:12+00:00\",\"dateModified\":\"2026-04-09T12:44:44+00:00\",\"description\":\"WA\u015a W48 LED breedtelamp haaks LINKS 184mm - LED breedtelamp - 12&24 volt - met E-keur - vrachtwagen, tractor, aanhanger, trailer en meer\",\"breadcrumb\":{\"@id\":\"https:\/\/www.alldayled.com\/nl\/product\/led-breedtelamp-184mm-12-24v-links\/#breadcrumb\"},\"inLanguage\":\"nl-NL\",\"potentialAction\":[{\"@type\":\"ReadAction\",\"target\":[\"https:\/\/www.alldayled.com\/nl\/product\/led-breedtelamp-184mm-12-24v-links\/\"]}]},{\"@type\":\"ImageObject\",\"inLanguage\":\"nl-NL\",\"@id\":\"https:\/\/www.alldayled.com\/nl\/product\/led-breedtelamp-184mm-12-24v-links\/#primaryimage\",\"url\":\"https:\/\/www.alldayled.com\/wp-content\/uploads\/2025\/10\/ADL10238L-WAS.jpg\",\"contentUrl\":\"https:\/\/www.alldayled.com\/wp-content\/uploads\/2025\/10\/ADL10238L-WAS.jpg\",\"width\":800,\"height\":600},{\"@type\":\"BreadcrumbList\",\"@id\":\"https:\/\/www.alldayled.com\/nl\/product\/led-breedtelamp-184mm-12-24v-links\/#breadcrumb\",\"itemListElement\":[{\"@type\":\"ListItem\",\"position\":1,\"name\":\"Home\",\"item\":\"https:\/\/www.alldayled.com\/nl\/\"},{\"@type\":\"ListItem\",\"position\":2,\"name\":\"Winkel\",\"item\":\"https:\/\/www.alldayled.com\/nl\/winkel\/\"},{\"@type\":\"ListItem\",\"position\":3,\"name\":\"Positielampen\",\"item\":\"https:\/\/www.alldayled.com\/nl\/product-categorie\/positielampen\/\"},{\"@type\":\"ListItem\",\"position\":4,\"name\":\"Breedtelampen\",\"item\":\"https:\/\/www.alldayled.com\/nl\/product-categorie\/positielampen\/breedtelampen\/\"},{\"@type\":\"ListItem\",\"position\":5,\"name\":\"WA\u015a W48 breedtelamp 184mm &#8211; LINKS\"}]},{\"@type\":\"WebSite\",\"@id\":\"https:\/\/www.alldayled.com\/nl\/#website\",\"url\":\"https:\/\/www.alldayled.com\/nl\/\",\"name\":\"All Day Led\",\"description\":\"Verlichting voor 12&amp;24 volt gebruik\",\"publisher\":{\"@id\":\"https:\/\/www.alldayled.com\/nl\/#organization\"},\"potentialAction\":[{\"@type\":\"SearchAction\",\"target\":{\"@type\":\"EntryPoint\",\"urlTemplate\":\"https:\/\/www.alldayled.com\/nl\/?s={search_term_string}\"},\"query-input\":{\"@type\":\"PropertyValueSpecification\",\"valueRequired\":true,\"valueName\":\"search_term_string\"}}],\"inLanguage\":\"nl-NL\"},{\"@type\":\"Organization\",\"@id\":\"https:\/\/www.alldayled.com\/nl\/#organization\",\"name\":\"All Day Led\",\"url\":\"https:\/\/www.alldayled.com\/nl\/\",\"logo\":{\"@type\":\"ImageObject\",\"inLanguage\":\"nl-NL\",\"@id\":\"https:\/\/www.alldayled.com\/nl\/#\/schema\/logo\/image\/\",\"url\":\"https:\/\/www.alldayled.com\/wp-content\/uploads\/2025\/10\/Logo-ALL-DAY-LED-800x800-zwart-witte-letters.png\",\"contentUrl\":\"https:\/\/www.alldayled.com\/wp-content\/uploads\/2025\/10\/Logo-ALL-DAY-LED-800x800-zwart-witte-letters.png\",\"width\":800,\"height\":800,\"caption\":\"All Day Led\"},\"image\":{\"@id\":\"https:\/\/www.alldayled.com\/nl\/#\/schema\/logo\/image\/\"},\"sameAs\":[\"https:\/\/www.facebook.com\/alldayled\/\",\"https:\/\/www.instagram.com\/alldayled\/\"],\"vatID\":\"NL863960133B01\",\"taxID\":\"86416545\"}]}<\/script>\n<meta property=\"product:brand\" content=\"WA\u015a\" \/>\n<meta property=\"og:availability\" content=\"instock\" \/>\n<meta property=\"product:availability\" content=\"instock\" \/>\n<meta property=\"product:retailer_item_id\" content=\"ADL10238L\" \/>\n<meta property=\"product:condition\" content=\"new\" \/>\n<!-- \/ Yoast SEO Premium plugin. -->","yoast_head_json":{"title":"LED breedtelamp haaks links van WA\u015a - All Day Led - 12&24 Volt","description":"WA\u015a W48 LED breedtelamp haaks LINKS 184mm - LED breedtelamp - 12&24 volt - met E-keur - vrachtwagen, tractor, aanhanger, trailer en meer","robots":{"index":"index","follow":"follow","max-snippet":"max-snippet:-1","max-image-preview":"max-image-preview:large","max-video-preview":"max-video-preview:-1"},"canonical":"https:\/\/www.alldayled.com\/nl\/product\/led-breedtelamp-184mm-12-24v-links\/","og_locale":"nl_NL","og_type":"article","og_title":"WA\u015a W48 breedtelamp 184mm - LINKS","og_description":"WA\u015a W48 LED breedtelamp haaks groot LINKS, geschikt voor 12 &amp; 24 volt. Deze WA\u015a LED breedtelamp 184mm is te gebruiken op 12 en 24 volt. Hierdoor kun","og_url":"https:\/\/www.alldayled.com\/nl\/product\/led-breedtelamp-184mm-12-24v-links\/","og_site_name":"All Day Led","article_publisher":"https:\/\/www.facebook.com\/alldayled\/","article_modified_time":"2026-04-09T12:44:44+00:00","og_image":[{"width":800,"height":600,"url":"https:\/\/www.alldayled.com\/wp-content\/uploads\/2025\/10\/ADL10238L-WAS.jpg","type":"image\/jpeg"}],"twitter_misc":{"Beschikbaarheid":"Op voorraad"},"schema":{"@context":"https:\/\/schema.org","@graph":[{"@type":"WebPage","@id":"https:\/\/www.alldayled.com\/nl\/product\/led-breedtelamp-184mm-12-24v-links\/","url":"https:\/\/www.alldayled.com\/nl\/product\/led-breedtelamp-184mm-12-24v-links\/","name":"LED breedtelamp haaks links van WA\u015a - All Day Led - 12&24 Volt","isPartOf":{"@id":"https:\/\/www.alldayled.com\/nl\/#website"},"primaryImageOfPage":{"@id":"https:\/\/www.alldayled.com\/nl\/product\/led-breedtelamp-184mm-12-24v-links\/#primaryimage"},"image":{"@id":"https:\/\/www.alldayled.com\/nl\/product\/led-breedtelamp-184mm-12-24v-links\/#primaryimage"},"thumbnailUrl":"https:\/\/www.alldayled.com\/wp-content\/uploads\/2025\/10\/ADL10238L-WAS.jpg","datePublished":"2020-04-10T13:25:12+00:00","dateModified":"2026-04-09T12:44:44+00:00","description":"WA\u015a W48 LED breedtelamp haaks LINKS 184mm - LED breedtelamp - 12&24 volt - met E-keur - vrachtwagen, tractor, aanhanger, trailer en meer","breadcrumb":{"@id":"https:\/\/www.alldayled.com\/nl\/product\/led-breedtelamp-184mm-12-24v-links\/#breadcrumb"},"inLanguage":"nl-NL","potentialAction":[{"@type":"ReadAction","target":["https:\/\/www.alldayled.com\/nl\/product\/led-breedtelamp-184mm-12-24v-links\/"]}]},{"@type":"ImageObject","inLanguage":"nl-NL","@id":"https:\/\/www.alldayled.com\/nl\/product\/led-breedtelamp-184mm-12-24v-links\/#primaryimage","url":"https:\/\/www.alldayled.com\/wp-content\/uploads\/2025\/10\/ADL10238L-WAS.jpg","contentUrl":"https:\/\/www.alldayled.com\/wp-content\/uploads\/2025\/10\/ADL10238L-WAS.jpg","width":800,"height":600},{"@type":"BreadcrumbList","@id":"https:\/\/www.alldayled.com\/nl\/product\/led-breedtelamp-184mm-12-24v-links\/#breadcrumb","itemListElement":[{"@type":"ListItem","position":1,"name":"Home","item":"https:\/\/www.alldayled.com\/nl\/"},{"@type":"ListItem","position":2,"name":"Winkel","item":"https:\/\/www.alldayled.com\/nl\/winkel\/"},{"@type":"ListItem","position":3,"name":"Positielampen","item":"https:\/\/www.alldayled.com\/nl\/product-categorie\/positielampen\/"},{"@type":"ListItem","position":4,"name":"Breedtelampen","item":"https:\/\/www.alldayled.com\/nl\/product-categorie\/positielampen\/breedtelampen\/"},{"@type":"ListItem","position":5,"name":"WA\u015a W48 breedtelamp 184mm &#8211; LINKS"}]},{"@type":"WebSite","@id":"https:\/\/www.alldayled.com\/nl\/#website","url":"https:\/\/www.alldayled.com\/nl\/","name":"All Day Led","description":"Verlichting voor 12&amp;24 volt gebruik","publisher":{"@id":"https:\/\/www.alldayled.com\/nl\/#organization"},"potentialAction":[{"@type":"SearchAction","target":{"@type":"EntryPoint","urlTemplate":"https:\/\/www.alldayled.com\/nl\/?s={search_term_string}"},"query-input":{"@type":"PropertyValueSpecification","valueRequired":true,"valueName":"search_term_string"}}],"inLanguage":"nl-NL"},{"@type":"Organization","@id":"https:\/\/www.alldayled.com\/nl\/#organization","name":"All Day Led","url":"https:\/\/www.alldayled.com\/nl\/","logo":{"@type":"ImageObject","inLanguage":"nl-NL","@id":"https:\/\/www.alldayled.com\/nl\/#\/schema\/logo\/image\/","url":"https:\/\/www.alldayled.com\/wp-content\/uploads\/2025\/10\/Logo-ALL-DAY-LED-800x800-zwart-witte-letters.png","contentUrl":"https:\/\/www.alldayled.com\/wp-content\/uploads\/2025\/10\/Logo-ALL-DAY-LED-800x800-zwart-witte-letters.png","width":800,"height":800,"caption":"All Day Led"},"image":{"@id":"https:\/\/www.alldayled.com\/nl\/#\/schema\/logo\/image\/"},"sameAs":["https:\/\/www.facebook.com\/alldayled\/","https:\/\/www.instagram.com\/alldayled\/"],"vatID":"NL863960133B01","taxID":"86416545"}]},"product_brand":"WA\u015a","og_availability":"instock","product_availability":"instock","product_retailer_item_id":"ADL10238L","product_condition":"new"},"_links":{"self":[{"href":"https:\/\/www.alldayled.com\/nl\/wp-json\/wp\/v2\/product\/6229","targetHints":{"allow":["GET"]}}],"collection":[{"href":"https:\/\/www.alldayled.com\/nl\/wp-json\/wp\/v2\/product"}],"about":[{"href":"https:\/\/www.alldayled.com\/nl\/wp-json\/wp\/v2\/types\/product"}],"replies":[{"embeddable":true,"href":"https:\/\/www.alldayled.com\/nl\/wp-json\/wp\/v2\/comments?post=6229"}],"wp:featuredmedia":[{"embeddable":true,"href":"https:\/\/www.alldayled.com\/nl\/wp-json\/wp\/v2\/media\/38726"}],"wp:attachment":[{"href":"https:\/\/www.alldayled.com\/nl\/wp-json\/wp\/v2\/media?parent=6229"}],"wp:term":[{"taxonomy":"product_brand","embeddable":true,"href":"https:\/\/www.alldayled.com\/nl\/wp-json\/wp\/v2\/product_brand?post=6229"},{"taxonomy":"product_cat","embeddable":true,"href":"https:\/\/www.alldayled.com\/nl\/wp-json\/wp\/v2\/product_cat?post=6229"},{"taxonomy":"product_tag","embeddable":true,"href":"https:\/\/www.alldayled.com\/nl\/wp-json\/wp\/v2\/product_tag?post=6229"}],"curies":[{"name":"wp","href":"https:\/\/api.w.org\/{rel}","templated":true}]}}