{"id":76144,"date":"2025-12-17T15:45:49","date_gmt":"2025-12-17T14:45:49","guid":{"rendered":"https:\/\/www.alldayled.com\/?post_type=product&#038;p=76144"},"modified":"2026-04-15T11:47:51","modified_gmt":"2026-04-15T09:47:51","slug":"was-w275-2-markeringslamp-rood","status":"publish","type":"product","link":"https:\/\/www.alldayled.com\/nl\/product\/was-w275-2-markeringslamp-rood\/","title":{"rendered":"WA\u015a W275.2 markeringslamp rood"},"content":{"rendered":"<p><span style=\"color: #000000;\"><strong>WA\u015a W275.2 black markeringslamp rood, voor 12 en 24 volt.<\/strong><\/span><\/p>\n<p><span style=\"color: #000000;\">Ben je op zoek naar een opvallende LED markeringslamp? Dan is de WA\u015a W275.2 markeringslamp rood wellicht precies wat je zoekt. Deze lamp heeft een stoere smoke-behuizing en 12 LED-punten die samen een egale, ronde gloed geven. Deze lamp kan zowel horizontaal als verticaal gemonteerd worden, waardoor je maximale flexibiliteit hebt bij het plaatsen op jouw voertuig. Bovendien werkt de lamp op 12 \u00e9n 24 volt, waardoor je hem eenvoudig kunt monteren op verschillende voertuigen, zoals auto\u2019s, vrachtwagens, campers of trailers.<\/span><\/p>\n<p><span style=\"color: #000000;\">Om zeker te weten dat de WA\u015a W275.2 markeringslamp rood geschikt is voor jouw voertuig, hebben we de belangrijkste eigenschappen hieronder op een rij gezet. De lamp is voorzien van het ECE R10-keurmerk, wat betekent dat hij geen storing veroorzaakt op bijvoorbeeld je radiosignaal. Kortom, met deze LED markeringslamp kies je voor een veilige, betrouwbare \u00e9n stijlvolle oplossing voor jouw voertuigverlichting.<\/span><\/p>\n<h5><span style=\"color: #000000;\"><strong>Afmetingen:<\/strong><\/span><\/h5>\n<p><span style=\"color: #000000;\">Wil je zeker weten dat je de lamp precies kunt plaatsen waar jij wilt? Geen probleem! Hieronder vind je de afmetingen van de WA\u015a W275.2 markeringslamp rood, zodat je direct kunt zien of hij op jouw voertuig past.<\/span><\/p>\n<ul>\n<li><span style=\"color: #000000;\">Lengte: 84 mm (incl. montage rubber)<\/span><\/li>\n<li><span style=\"color: #000000;\">Hoogte: 24 mm<\/span><\/li>\n<li><span style=\"color: #000000;\">Dikte: 10.4 mm<\/span><\/li>\n<li><span style=\"color: #000000;\">H.o.H: 61 mm<\/span><\/li>\n<\/ul>\n<h5><span style=\"color: #000000;\"><strong>Overige kleuren:<\/strong><\/span><\/h5>\n<p><span style=\"color: #000000;\">Ben je wel op zoek naar dit formaat lamp, maar is rood niet de kleur die je wilt? Geen zorgen! Deze WA\u015a LED markeringslamp met smoke behuizing is ook beschikbaar in de volgende kleuren:<\/span><\/p>\n<ul>\n<li><a href=\"https:\/\/www.alldayled.com\/nl\/product\/was-w275-2-markeringslamp-oranje\/\"><span style=\"color: #000000;\"><strong>W275.2 markeringslamp oranje<\/strong><\/span><\/a><\/li>\n<li><a href=\"https:\/\/www.alldayled.com\/nl\/product\/was-w275-2-markeringslamp-wit\/\"><span style=\"color: #000000;\"><strong>W275.2 markeringslamp wit<\/strong><\/span><\/a><\/li>\n<\/ul>\n<p><span style=\"color: #000000;\">Ben je nog steeds niet overtuigd dat de WA\u015a W272.2 LED markeringslamp rood is waarnaar je opzoek bent? Simpelweg omdat de lichtopbrengst, wattage of vorm niet naar wens is? Bekijk dan hier het complete aanbod van <a style=\"color: #000000;\" href=\"https:\/\/www.alldayled.com\/merk\/product-was\/\" target=\"_blank\" rel=\"noopener\">WA\u015a<\/a>. Wellicht vind je hier wel het model lamp waarnaar je opzoek bent.<\/span><\/p>\n","protected":false},"excerpt":{"rendered":"<p><span style=\"color: #000000;\">WA\u015a W275.2 smoke markeringslamp rood, geschikt voor 12 &amp; 24 volt.<\/span><\/p>\n","protected":false},"featured_media":78703,"comment_status":"open","ping_status":"closed","template":"","meta":{"_acf_changed":false},"product_brand":[5053],"product_cat":[3076],"product_tag":[],"class_list":{"0":"post-76144","1":"product","2":"type-product","3":"status-publish","4":"has-post-thumbnail","6":"product_brand-product-was","7":"product_cat-markeringslampen","9":"first","10":"instock","11":"taxable","12":"shipping-taxable","13":"purchasable","14":"product-type-simple"},"acf":[],"yoast_head":"<!-- This site is optimized with the Yoast SEO Premium plugin v26.5 (Yoast SEO v27.1.1) - https:\/\/yoast.com\/product\/yoast-seo-premium-wordpress\/ -->\n<title>WA\u015a W275.2 markeringslamp rood - All Day Led - voor 12&amp;24V gebruik<\/title>\n<meta name=\"description\" content=\"WA\u015a W275.2 markeringslamp rood - voor auto, vrachtwagen, camper, tractor en meer - 12 &amp; 24 volt - SMOKE LENS - WA\u015a BLACK product groep\" \/>\n<meta name=\"robots\" content=\"index, follow, max-snippet:-1, max-image-preview:large, max-video-preview:-1\" \/>\n<link rel=\"canonical\" href=\"https:\/\/www.alldayled.com\/nl\/product\/was-w275-2-markeringslamp-rood\/\" \/>\n<meta property=\"og:locale\" content=\"nl_NL\" \/>\n<meta property=\"og:type\" content=\"article\" \/>\n<meta property=\"og:title\" content=\"WA\u015a W275.2 markeringslamp rood - All Day Led - voor 12&amp;24V gebruik\" \/>\n<meta property=\"og:description\" content=\"WA\u015a W275.2 markeringslamp rood - voor auto, vrachtwagen, camper, tractor en meer - 12 &amp; 24 volt - SMOKE LENS - WA\u015a BLACK product groep\" \/>\n<meta property=\"og:url\" content=\"https:\/\/www.alldayled.com\/nl\/product\/was-w275-2-markeringslamp-rood\/\" \/>\n<meta property=\"og:site_name\" content=\"All Day Led\" \/>\n<meta property=\"article:publisher\" content=\"https:\/\/www.facebook.com\/alldayled\/\" \/>\n<meta property=\"article:modified_time\" content=\"2026-04-15T09:47:51+00:00\" \/>\n<meta property=\"og:image\" content=\"https:\/\/www.alldayled.com\/wp-content\/uploads\/2025\/12\/ADL02337-SM.png\" \/>\n\t<meta property=\"og:image:width\" content=\"800\" \/>\n\t<meta property=\"og:image:height\" content=\"800\" \/>\n\t<meta property=\"og:image:type\" content=\"image\/png\" \/>\n<meta name=\"twitter:label1\" content=\"Prijs\" \/>\n\t<meta name=\"twitter:data1\" content=\"&euro;&nbsp;9,95\" \/>\n\t<meta name=\"twitter:label2\" content=\"Beschikbaarheid\" \/>\n\t<meta name=\"twitter:data2\" content=\"Op voorraad\" \/>\n<script type=\"application\/ld+json\" class=\"yoast-schema-graph\">{\"@context\":\"https:\/\/schema.org\",\"@graph\":[{\"@type\":\"WebPage\",\"@id\":\"https:\/\/www.alldayled.com\/nl\/product\/was-w275-2-markeringslamp-rood\/\",\"url\":\"https:\/\/www.alldayled.com\/nl\/product\/was-w275-2-markeringslamp-rood\/\",\"name\":\"WA\u015a W275.2 markeringslamp rood - All Day Led - voor 12&24V gebruik\",\"isPartOf\":{\"@id\":\"https:\/\/www.alldayled.com\/nl\/#website\"},\"primaryImageOfPage\":{\"@id\":\"https:\/\/www.alldayled.com\/nl\/product\/was-w275-2-markeringslamp-rood\/#primaryimage\"},\"image\":{\"@id\":\"https:\/\/www.alldayled.com\/nl\/product\/was-w275-2-markeringslamp-rood\/#primaryimage\"},\"thumbnailUrl\":\"https:\/\/www.alldayled.com\/wp-content\/uploads\/2025\/12\/ADL02337.png\",\"datePublished\":\"2025-12-17T14:45:49+00:00\",\"dateModified\":\"2026-04-15T09:47:51+00:00\",\"description\":\"WA\u015a W275.2 markeringslamp rood - voor auto, vrachtwagen, camper, tractor en meer - 12 & 24 volt - SMOKE LENS - WA\u015a BLACK product groep\",\"breadcrumb\":{\"@id\":\"https:\/\/www.alldayled.com\/nl\/product\/was-w275-2-markeringslamp-rood\/#breadcrumb\"},\"inLanguage\":\"nl-NL\",\"potentialAction\":[{\"@type\":\"ReadAction\",\"target\":[\"https:\/\/www.alldayled.com\/nl\/product\/was-w275-2-markeringslamp-rood\/\"]}]},{\"@type\":\"ImageObject\",\"inLanguage\":\"nl-NL\",\"@id\":\"https:\/\/www.alldayled.com\/nl\/product\/was-w275-2-markeringslamp-rood\/#primaryimage\",\"url\":\"https:\/\/www.alldayled.com\/wp-content\/uploads\/2025\/12\/ADL02337.png\",\"contentUrl\":\"https:\/\/www.alldayled.com\/wp-content\/uploads\/2025\/12\/ADL02337.png\",\"width\":800,\"height\":600,\"caption\":\"WA\u015a W275.2 markeringslamp rood - voor auto, vrachtwagen, camper, tractor en meer - 12 & 24 volt - SMOKE LENS - WA\u015a BLACK product groep\"},{\"@type\":\"BreadcrumbList\",\"@id\":\"https:\/\/www.alldayled.com\/nl\/product\/was-w275-2-markeringslamp-rood\/#breadcrumb\",\"itemListElement\":[{\"@type\":\"ListItem\",\"position\":1,\"name\":\"Home\",\"item\":\"https:\/\/www.alldayled.com\/nl\/\"},{\"@type\":\"ListItem\",\"position\":2,\"name\":\"Winkel\",\"item\":\"https:\/\/www.alldayled.com\/nl\/winkel\/\"},{\"@type\":\"ListItem\",\"position\":3,\"name\":\"Positielampen\",\"item\":\"https:\/\/www.alldayled.com\/nl\/product-categorie\/positielampen\/\"},{\"@type\":\"ListItem\",\"position\":4,\"name\":\"Markeringslampen\",\"item\":\"https:\/\/www.alldayled.com\/nl\/product-categorie\/positielampen\/markeringslampen\/\"},{\"@type\":\"ListItem\",\"position\":5,\"name\":\"WA\u015a W275.2 markeringslamp rood\"}]},{\"@type\":\"WebSite\",\"@id\":\"https:\/\/www.alldayled.com\/nl\/#website\",\"url\":\"https:\/\/www.alldayled.com\/nl\/\",\"name\":\"All Day Led\",\"description\":\"Verlichting voor 12&amp;24 volt gebruik\",\"publisher\":{\"@id\":\"https:\/\/www.alldayled.com\/nl\/#organization\"},\"potentialAction\":[{\"@type\":\"SearchAction\",\"target\":{\"@type\":\"EntryPoint\",\"urlTemplate\":\"https:\/\/www.alldayled.com\/nl\/?s={search_term_string}\"},\"query-input\":{\"@type\":\"PropertyValueSpecification\",\"valueRequired\":true,\"valueName\":\"search_term_string\"}}],\"inLanguage\":\"nl-NL\"},{\"@type\":\"Organization\",\"@id\":\"https:\/\/www.alldayled.com\/nl\/#organization\",\"name\":\"All Day Led\",\"url\":\"https:\/\/www.alldayled.com\/nl\/\",\"logo\":{\"@type\":\"ImageObject\",\"inLanguage\":\"nl-NL\",\"@id\":\"https:\/\/www.alldayled.com\/nl\/#\/schema\/logo\/image\/\",\"url\":\"https:\/\/www.alldayled.com\/wp-content\/uploads\/2025\/10\/Logo-ALL-DAY-LED-800x800-zwart-witte-letters.png\",\"contentUrl\":\"https:\/\/www.alldayled.com\/wp-content\/uploads\/2025\/10\/Logo-ALL-DAY-LED-800x800-zwart-witte-letters.png\",\"width\":800,\"height\":800,\"caption\":\"All Day Led\"},\"image\":{\"@id\":\"https:\/\/www.alldayled.com\/nl\/#\/schema\/logo\/image\/\"},\"sameAs\":[\"https:\/\/www.facebook.com\/alldayled\/\",\"https:\/\/www.instagram.com\/alldayled\/\"],\"vatID\":\"NL863960133B01\",\"taxID\":\"86416545\"}]}<\/script>\n<meta property=\"product:brand\" content=\"WA\u015a\" \/>\n<meta property=\"product:price:amount\" content=\"9.95\" \/>\n<meta property=\"product:price:currency\" content=\"EUR\" \/>\n<meta property=\"og:availability\" content=\"instock\" \/>\n<meta property=\"product:availability\" content=\"instock\" \/>\n<meta property=\"product:retailer_item_id\" content=\"ADL02337\" \/>\n<meta property=\"product:condition\" content=\"new\" \/>\n<!-- \/ Yoast SEO Premium plugin. -->","yoast_head_json":{"title":"WA\u015a W275.2 markeringslamp rood - All Day Led - voor 12&24V gebruik","description":"WA\u015a W275.2 markeringslamp rood - voor auto, vrachtwagen, camper, tractor en meer - 12 & 24 volt - SMOKE LENS - WA\u015a BLACK product groep","robots":{"index":"index","follow":"follow","max-snippet":"max-snippet:-1","max-image-preview":"max-image-preview:large","max-video-preview":"max-video-preview:-1"},"canonical":"https:\/\/www.alldayled.com\/nl\/product\/was-w275-2-markeringslamp-rood\/","og_locale":"nl_NL","og_type":"article","og_title":"WA\u015a W275.2 markeringslamp rood - All Day Led - voor 12&24V gebruik","og_description":"WA\u015a W275.2 markeringslamp rood - voor auto, vrachtwagen, camper, tractor en meer - 12 & 24 volt - SMOKE LENS - WA\u015a BLACK product groep","og_url":"https:\/\/www.alldayled.com\/nl\/product\/was-w275-2-markeringslamp-rood\/","og_site_name":"All Day Led","article_publisher":"https:\/\/www.facebook.com\/alldayled\/","article_modified_time":"2026-04-15T09:47:51+00:00","og_image":[{"width":800,"height":800,"url":"https:\/\/www.alldayled.com\/wp-content\/uploads\/2025\/12\/ADL02337-SM.png","type":"image\/png"}],"twitter_misc":{"Prijs":"&euro;&nbsp;9,95","Beschikbaarheid":"Op voorraad"},"schema":{"@context":"https:\/\/schema.org","@graph":[{"@type":"WebPage","@id":"https:\/\/www.alldayled.com\/nl\/product\/was-w275-2-markeringslamp-rood\/","url":"https:\/\/www.alldayled.com\/nl\/product\/was-w275-2-markeringslamp-rood\/","name":"WA\u015a W275.2 markeringslamp rood - All Day Led - voor 12&24V gebruik","isPartOf":{"@id":"https:\/\/www.alldayled.com\/nl\/#website"},"primaryImageOfPage":{"@id":"https:\/\/www.alldayled.com\/nl\/product\/was-w275-2-markeringslamp-rood\/#primaryimage"},"image":{"@id":"https:\/\/www.alldayled.com\/nl\/product\/was-w275-2-markeringslamp-rood\/#primaryimage"},"thumbnailUrl":"https:\/\/www.alldayled.com\/wp-content\/uploads\/2025\/12\/ADL02337.png","datePublished":"2025-12-17T14:45:49+00:00","dateModified":"2026-04-15T09:47:51+00:00","description":"WA\u015a W275.2 markeringslamp rood - voor auto, vrachtwagen, camper, tractor en meer - 12 & 24 volt - SMOKE LENS - WA\u015a BLACK product groep","breadcrumb":{"@id":"https:\/\/www.alldayled.com\/nl\/product\/was-w275-2-markeringslamp-rood\/#breadcrumb"},"inLanguage":"nl-NL","potentialAction":[{"@type":"ReadAction","target":["https:\/\/www.alldayled.com\/nl\/product\/was-w275-2-markeringslamp-rood\/"]}]},{"@type":"ImageObject","inLanguage":"nl-NL","@id":"https:\/\/www.alldayled.com\/nl\/product\/was-w275-2-markeringslamp-rood\/#primaryimage","url":"https:\/\/www.alldayled.com\/wp-content\/uploads\/2025\/12\/ADL02337.png","contentUrl":"https:\/\/www.alldayled.com\/wp-content\/uploads\/2025\/12\/ADL02337.png","width":800,"height":600,"caption":"WA\u015a W275.2 markeringslamp rood - voor auto, vrachtwagen, camper, tractor en meer - 12 & 24 volt - SMOKE LENS - WA\u015a BLACK product groep"},{"@type":"BreadcrumbList","@id":"https:\/\/www.alldayled.com\/nl\/product\/was-w275-2-markeringslamp-rood\/#breadcrumb","itemListElement":[{"@type":"ListItem","position":1,"name":"Home","item":"https:\/\/www.alldayled.com\/nl\/"},{"@type":"ListItem","position":2,"name":"Winkel","item":"https:\/\/www.alldayled.com\/nl\/winkel\/"},{"@type":"ListItem","position":3,"name":"Positielampen","item":"https:\/\/www.alldayled.com\/nl\/product-categorie\/positielampen\/"},{"@type":"ListItem","position":4,"name":"Markeringslampen","item":"https:\/\/www.alldayled.com\/nl\/product-categorie\/positielampen\/markeringslampen\/"},{"@type":"ListItem","position":5,"name":"WA\u015a W275.2 markeringslamp rood"}]},{"@type":"WebSite","@id":"https:\/\/www.alldayled.com\/nl\/#website","url":"https:\/\/www.alldayled.com\/nl\/","name":"All Day Led","description":"Verlichting voor 12&amp;24 volt gebruik","publisher":{"@id":"https:\/\/www.alldayled.com\/nl\/#organization"},"potentialAction":[{"@type":"SearchAction","target":{"@type":"EntryPoint","urlTemplate":"https:\/\/www.alldayled.com\/nl\/?s={search_term_string}"},"query-input":{"@type":"PropertyValueSpecification","valueRequired":true,"valueName":"search_term_string"}}],"inLanguage":"nl-NL"},{"@type":"Organization","@id":"https:\/\/www.alldayled.com\/nl\/#organization","name":"All Day Led","url":"https:\/\/www.alldayled.com\/nl\/","logo":{"@type":"ImageObject","inLanguage":"nl-NL","@id":"https:\/\/www.alldayled.com\/nl\/#\/schema\/logo\/image\/","url":"https:\/\/www.alldayled.com\/wp-content\/uploads\/2025\/10\/Logo-ALL-DAY-LED-800x800-zwart-witte-letters.png","contentUrl":"https:\/\/www.alldayled.com\/wp-content\/uploads\/2025\/10\/Logo-ALL-DAY-LED-800x800-zwart-witte-letters.png","width":800,"height":800,"caption":"All Day Led"},"image":{"@id":"https:\/\/www.alldayled.com\/nl\/#\/schema\/logo\/image\/"},"sameAs":["https:\/\/www.facebook.com\/alldayled\/","https:\/\/www.instagram.com\/alldayled\/"],"vatID":"NL863960133B01","taxID":"86416545"}]},"product_brand":"WA\u015a","product_price_amount":"9.95","product_price_currency":"EUR","og_availability":"instock","product_availability":"instock","product_retailer_item_id":"ADL02337","product_condition":"new"},"_links":{"self":[{"href":"https:\/\/www.alldayled.com\/nl\/wp-json\/wp\/v2\/product\/76144","targetHints":{"allow":["GET"]}}],"collection":[{"href":"https:\/\/www.alldayled.com\/nl\/wp-json\/wp\/v2\/product"}],"about":[{"href":"https:\/\/www.alldayled.com\/nl\/wp-json\/wp\/v2\/types\/product"}],"replies":[{"embeddable":true,"href":"https:\/\/www.alldayled.com\/nl\/wp-json\/wp\/v2\/comments?post=76144"}],"wp:featuredmedia":[{"embeddable":true,"href":"https:\/\/www.alldayled.com\/nl\/wp-json\/wp\/v2\/media\/78703"}],"wp:attachment":[{"href":"https:\/\/www.alldayled.com\/nl\/wp-json\/wp\/v2\/media?parent=76144"}],"wp:term":[{"taxonomy":"product_brand","embeddable":true,"href":"https:\/\/www.alldayled.com\/nl\/wp-json\/wp\/v2\/product_brand?post=76144"},{"taxonomy":"product_cat","embeddable":true,"href":"https:\/\/www.alldayled.com\/nl\/wp-json\/wp\/v2\/product_cat?post=76144"},{"taxonomy":"product_tag","embeddable":true,"href":"https:\/\/www.alldayled.com\/nl\/wp-json\/wp\/v2\/product_tag?post=76144"}],"curies":[{"name":"wp","href":"https:\/\/api.w.org\/{rel}","templated":true}]}}