{"id":8200,"date":"2020-06-19T16:03:52","date_gmt":"2020-06-19T14:03:52","guid":{"rendered":"https:\/\/www.alldayled.com\/?post_type=product&#038;p=8200"},"modified":"2026-01-22T13:43:07","modified_gmt":"2026-01-22T12:43:07","slug":"led-markeringslamp-rood-was-helder-glas","status":"publish","type":"product","link":"https:\/\/www.alldayled.com\/nl\/product\/led-markeringslamp-rood-was-helder-glas\/","title":{"rendered":"WA\u015a W61 markeringslamp rood"},"content":{"rendered":"<p><span style=\"color: #000000;\"><strong>WA\u015a W61 markeringslamp rood met transparant lens, geschikt voor 12 en 24 volt.\u00a0<\/strong><\/span><\/p>\n<p><span style=\"color: #000000;\">Wil jij je voertuig of aanhanger voorzien van een nieuwe of extra markeringslamp? Maar weet je niet welke lamp het beste bij je past? Wellicht is de WA\u015a W61 markeringslamp ROOD dan wel d\u00e9 lamp die je zoekt. De LED lamp is voorzien van 3 LED punten die oplichten in de kleur ROOD en heeft een transparant gekleurde lens. Verder werkt de LED markeringslamp op 12 en 24 volt. Dit betekent dat je de LED lamp kan monteren op bijvoorbeeld je auto, camper, vrachtwagen, aanhangwagen of ander soort voertuig. <\/span><\/p>\n<p><span style=\"color: #000000;\">Omdat je v\u00f3\u00f3r aankoop zeker wilt zijn dat dit d\u00e9 lamp is die jij zoekt. Hebben we hieronder een aantal eigenschappen van deze kleine LED lamp met transparant lens uitgeschreven. De markeringslamp is voorzien van onder andere het ECE R10. Ook is de rode LED markeringslamp van het merk WA\u015a voorzien van het ECE R7 keurmerk. Dit keurmerk geeft aan dat de LED lamp gebruikt mag worden als zijnde positielamp.<\/span><\/p>\n<h5><span style=\"color: #000000;\"><strong>Afmetingen:<\/strong><\/span><\/h5>\n<p><span style=\"color: #000000;\">Omdat je er v\u00f3\u00f3r aankoop zeker van wilt zijn dat je de LED lamp met transparant lens kunt monteren waar je wilt. Hebben we hieronder de afmetingen van de LED lamp genoteerd. De afmetingen van de WA\u015a W61 markeringslamp ROOD zijn als volgt:<\/span><\/p>\n<ul>\n<li><span style=\"color: #000000;\">Lengte: 84 mm<\/span><\/li>\n<li><span style=\"color: #000000;\">Hoogte: 25 mm<\/span><\/li>\n<li><span style=\"color: #000000;\">Dikte: 24 mm<\/span><\/li>\n<li><span style=\"color: #000000;\">H.o.H: 61 mm<\/span><\/li>\n<\/ul>\n<h5><span style=\"color: #000000;\"><strong>Overige kleuren:<\/strong><\/span><\/h5>\n<p><span style=\"color: #000000;\">Wil je wel een LED markeringslamp van WA\u015a monteren op je auto, vrachtwagen of aanhanger? Maar is de WA\u015a W61 markeringslamp ROOD niet de kleur die je zoekt? Weet dan dat de WA\u015a W61 lamp ook beschikbaar is in andere kleuren. Bekijk hieronder een lijst van de overige kleuren.<\/span><\/p>\n<ul>\n<li><span style=\"color: #000000;\"><strong><a style=\"color: #000000;\" href=\"https:\/\/www.alldayled.com\/product\/led-markeringslamp-oranje-was-helder-glas\/\">WA\u015a W61 LED markeringslamp oranje<\/a><\/strong><\/span><\/li>\n<li><span style=\"color: #000000;\"><a style=\"color: #000000;\" href=\"https:\/\/www.alldayled.com\/product\/led-markeringslamp-wit-was-helder-glas\/\"><strong>WA\u015a W61 LED markeringslamp wit<\/strong><\/a><\/span><\/li>\n<\/ul>\n<p><span style=\"color: #000000;\">Ben je na het lezen van alle specificaties toch nog niet 100% overtuigd dat de WA\u015a W61 markeringslamp ROOD met transparant gekleurde lens is waar je naar zoekt? Simpelweg omdat de kleur, vorm of lengte niet naar wens is? Bekijk dan hier het complete aanbod van het merk <a style=\"color: #000000;\" href=\"https:\/\/www.alldayled.com\/nl\/merk\/product-was\/\">WA\u015a.<\/a><\/span><\/p>\n","protected":false},"excerpt":{"rendered":"<p>WA\u015a markeringslamp rood met transparant lens en ECE R91 keurmerk.<\/p>\n","protected":false},"featured_media":79410,"comment_status":"open","ping_status":"closed","template":"","meta":{"_acf_changed":false},"product_brand":[5053],"product_cat":[3076],"product_tag":[3155,3156,3157,3256,3257,3158,3159,3160,3161,3162,3163],"class_list":{"0":"post-8200","1":"product","2":"type-product","3":"status-publish","4":"has-post-thumbnail","6":"product_brand-product-was","7":"product_cat-markeringslampen","8":"product_tag-contourverlichting","9":"product_tag-led-markering-rood","10":"product_tag-led-markeringslamp","11":"product_tag-led-markeringslamp-12-volt","12":"product_tag-led-markeringslamp-24-volt","13":"product_tag-led-markeringslamp-rood","14":"product_tag-markeringslamp-aanhanger","15":"product_tag-markeringslamp-camper","16":"product_tag-markeringslamp-trailer","17":"product_tag-markeringslamp-vrachtwagen","18":"product_tag-was-led-verlichting","20":"first","21":"instock","22":"taxable","23":"shipping-taxable","24":"purchasable","25":"product-type-simple"},"acf":[],"yoast_head":"<!-- This site is optimized with the Yoast SEO Premium plugin v26.5 (Yoast SEO v27.1.1) - https:\/\/yoast.com\/product\/yoast-seo-premium-wordpress\/ -->\n<title>W61 markeringslamp rood - WA\u015a - All Day Led - voor 12&amp;24V<\/title>\n<meta name=\"description\" content=\"W61 markeringslamp rood van het merk WA\u015a - 12&amp;24 volt - auto, vrachtwagen, camper, aanhanger en meer - met ECE R7 keurmerk\" \/>\n<meta name=\"robots\" content=\"index, follow, max-snippet:-1, max-image-preview:large, max-video-preview:-1\" \/>\n<link rel=\"canonical\" href=\"https:\/\/www.alldayled.com\/nl\/product\/led-markeringslamp-rood-was-helder-glas\/\" \/>\n<meta property=\"og:locale\" content=\"nl_NL\" \/>\n<meta property=\"og:type\" content=\"article\" \/>\n<meta property=\"og:title\" content=\"W61 markeringslamp rood - WA\u015a - All Day Led - voor 12&amp;24V\" \/>\n<meta property=\"og:description\" content=\"W61 markeringslamp rood van het merk WA\u015a - 12&amp;24 volt - auto, vrachtwagen, camper, aanhanger en meer - met ECE R7 keurmerk\" \/>\n<meta property=\"og:url\" content=\"https:\/\/www.alldayled.com\/nl\/product\/led-markeringslamp-rood-was-helder-glas\/\" \/>\n<meta property=\"og:site_name\" content=\"All Day Led\" \/>\n<meta property=\"article:publisher\" content=\"https:\/\/www.facebook.com\/alldayled\/\" \/>\n<meta property=\"article:modified_time\" content=\"2026-01-22T12:43:07+00:00\" \/>\n<meta property=\"og:image\" content=\"https:\/\/www.alldayled.com\/wp-content\/uploads\/2020\/06\/ADL00285-SM.png\" \/>\n\t<meta property=\"og:image:width\" content=\"800\" \/>\n\t<meta property=\"og:image:height\" content=\"800\" \/>\n\t<meta property=\"og:image:type\" content=\"image\/png\" \/>\n<meta name=\"twitter:label1\" content=\"Prijs\" \/>\n\t<meta name=\"twitter:data1\" content=\"&euro;&nbsp;9,95\" \/>\n\t<meta name=\"twitter:label2\" content=\"Beschikbaarheid\" \/>\n\t<meta name=\"twitter:data2\" content=\"Op voorraad\" \/>\n<script type=\"application\/ld+json\" class=\"yoast-schema-graph\">{\"@context\":\"https:\/\/schema.org\",\"@graph\":[{\"@type\":\"WebPage\",\"@id\":\"https:\/\/www.alldayled.com\/nl\/product\/led-markeringslamp-rood-was-helder-glas\/\",\"url\":\"https:\/\/www.alldayled.com\/nl\/product\/led-markeringslamp-rood-was-helder-glas\/\",\"name\":\"W61 markeringslamp rood - WA\u015a - All Day Led - voor 12&24V\",\"isPartOf\":{\"@id\":\"https:\/\/www.alldayled.com\/nl\/#website\"},\"primaryImageOfPage\":{\"@id\":\"https:\/\/www.alldayled.com\/nl\/product\/led-markeringslamp-rood-was-helder-glas\/#primaryimage\"},\"image\":{\"@id\":\"https:\/\/www.alldayled.com\/nl\/product\/led-markeringslamp-rood-was-helder-glas\/#primaryimage\"},\"thumbnailUrl\":\"https:\/\/www.alldayled.com\/wp-content\/uploads\/2020\/06\/ADL00285-0.png\",\"datePublished\":\"2020-06-19T14:03:52+00:00\",\"dateModified\":\"2026-01-22T12:43:07+00:00\",\"description\":\"W61 markeringslamp rood van het merk WA\u015a - 12&24 volt - auto, vrachtwagen, camper, aanhanger en meer - met ECE R7 keurmerk\",\"breadcrumb\":{\"@id\":\"https:\/\/www.alldayled.com\/nl\/product\/led-markeringslamp-rood-was-helder-glas\/#breadcrumb\"},\"inLanguage\":\"nl-NL\",\"potentialAction\":[{\"@type\":\"ReadAction\",\"target\":[\"https:\/\/www.alldayled.com\/nl\/product\/led-markeringslamp-rood-was-helder-glas\/\"]}]},{\"@type\":\"ImageObject\",\"inLanguage\":\"nl-NL\",\"@id\":\"https:\/\/www.alldayled.com\/nl\/product\/led-markeringslamp-rood-was-helder-glas\/#primaryimage\",\"url\":\"https:\/\/www.alldayled.com\/wp-content\/uploads\/2020\/06\/ADL00285-0.png\",\"contentUrl\":\"https:\/\/www.alldayled.com\/wp-content\/uploads\/2020\/06\/ADL00285-0.png\",\"width\":800,\"height\":600,\"caption\":\"ADL00285 - W61 rood\"},{\"@type\":\"BreadcrumbList\",\"@id\":\"https:\/\/www.alldayled.com\/nl\/product\/led-markeringslamp-rood-was-helder-glas\/#breadcrumb\",\"itemListElement\":[{\"@type\":\"ListItem\",\"position\":1,\"name\":\"Home\",\"item\":\"https:\/\/www.alldayled.com\/nl\/\"},{\"@type\":\"ListItem\",\"position\":2,\"name\":\"Winkel\",\"item\":\"https:\/\/www.alldayled.com\/nl\/winkel\/\"},{\"@type\":\"ListItem\",\"position\":3,\"name\":\"Positielampen\",\"item\":\"https:\/\/www.alldayled.com\/nl\/product-categorie\/positielampen\/\"},{\"@type\":\"ListItem\",\"position\":4,\"name\":\"Markeringslampen\",\"item\":\"https:\/\/www.alldayled.com\/nl\/product-categorie\/positielampen\/markeringslampen\/\"},{\"@type\":\"ListItem\",\"position\":5,\"name\":\"WA\u015a W61 markeringslamp rood\"}]},{\"@type\":\"WebSite\",\"@id\":\"https:\/\/www.alldayled.com\/nl\/#website\",\"url\":\"https:\/\/www.alldayled.com\/nl\/\",\"name\":\"All Day Led\",\"description\":\"Verlichting voor 12&amp;24 volt gebruik\",\"publisher\":{\"@id\":\"https:\/\/www.alldayled.com\/nl\/#organization\"},\"potentialAction\":[{\"@type\":\"SearchAction\",\"target\":{\"@type\":\"EntryPoint\",\"urlTemplate\":\"https:\/\/www.alldayled.com\/nl\/?s={search_term_string}\"},\"query-input\":{\"@type\":\"PropertyValueSpecification\",\"valueRequired\":true,\"valueName\":\"search_term_string\"}}],\"inLanguage\":\"nl-NL\"},{\"@type\":\"Organization\",\"@id\":\"https:\/\/www.alldayled.com\/nl\/#organization\",\"name\":\"All Day Led\",\"url\":\"https:\/\/www.alldayled.com\/nl\/\",\"logo\":{\"@type\":\"ImageObject\",\"inLanguage\":\"nl-NL\",\"@id\":\"https:\/\/www.alldayled.com\/nl\/#\/schema\/logo\/image\/\",\"url\":\"https:\/\/www.alldayled.com\/wp-content\/uploads\/2025\/10\/Logo-ALL-DAY-LED-800x800-zwart-witte-letters.png\",\"contentUrl\":\"https:\/\/www.alldayled.com\/wp-content\/uploads\/2025\/10\/Logo-ALL-DAY-LED-800x800-zwart-witte-letters.png\",\"width\":800,\"height\":800,\"caption\":\"All Day Led\"},\"image\":{\"@id\":\"https:\/\/www.alldayled.com\/nl\/#\/schema\/logo\/image\/\"},\"sameAs\":[\"https:\/\/www.facebook.com\/alldayled\/\",\"https:\/\/www.instagram.com\/alldayled\/\"],\"vatID\":\"NL863960133B01\",\"taxID\":\"86416545\"}]}<\/script>\n<meta property=\"product:brand\" content=\"WA\u015a\" \/>\n<meta property=\"product:price:amount\" content=\"9.95\" \/>\n<meta property=\"product:price:currency\" content=\"EUR\" \/>\n<meta property=\"og:availability\" content=\"instock\" \/>\n<meta property=\"product:availability\" content=\"instock\" \/>\n<meta property=\"product:retailer_item_id\" content=\"ADL00285\" \/>\n<meta property=\"product:condition\" content=\"new\" \/>\n<!-- \/ Yoast SEO Premium plugin. -->","yoast_head_json":{"title":"W61 markeringslamp rood - WA\u015a - All Day Led - voor 12&24V","description":"W61 markeringslamp rood van het merk WA\u015a - 12&24 volt - auto, vrachtwagen, camper, aanhanger en meer - met ECE R7 keurmerk","robots":{"index":"index","follow":"follow","max-snippet":"max-snippet:-1","max-image-preview":"max-image-preview:large","max-video-preview":"max-video-preview:-1"},"canonical":"https:\/\/www.alldayled.com\/nl\/product\/led-markeringslamp-rood-was-helder-glas\/","og_locale":"nl_NL","og_type":"article","og_title":"W61 markeringslamp rood - WA\u015a - All Day Led - voor 12&24V","og_description":"W61 markeringslamp rood van het merk WA\u015a - 12&24 volt - auto, vrachtwagen, camper, aanhanger en meer - met ECE R7 keurmerk","og_url":"https:\/\/www.alldayled.com\/nl\/product\/led-markeringslamp-rood-was-helder-glas\/","og_site_name":"All Day Led","article_publisher":"https:\/\/www.facebook.com\/alldayled\/","article_modified_time":"2026-01-22T12:43:07+00:00","og_image":[{"width":800,"height":800,"url":"https:\/\/www.alldayled.com\/wp-content\/uploads\/2020\/06\/ADL00285-SM.png","type":"image\/png"}],"twitter_misc":{"Prijs":"&euro;&nbsp;9,95","Beschikbaarheid":"Op voorraad"},"schema":{"@context":"https:\/\/schema.org","@graph":[{"@type":"WebPage","@id":"https:\/\/www.alldayled.com\/nl\/product\/led-markeringslamp-rood-was-helder-glas\/","url":"https:\/\/www.alldayled.com\/nl\/product\/led-markeringslamp-rood-was-helder-glas\/","name":"W61 markeringslamp rood - WA\u015a - All Day Led - voor 12&24V","isPartOf":{"@id":"https:\/\/www.alldayled.com\/nl\/#website"},"primaryImageOfPage":{"@id":"https:\/\/www.alldayled.com\/nl\/product\/led-markeringslamp-rood-was-helder-glas\/#primaryimage"},"image":{"@id":"https:\/\/www.alldayled.com\/nl\/product\/led-markeringslamp-rood-was-helder-glas\/#primaryimage"},"thumbnailUrl":"https:\/\/www.alldayled.com\/wp-content\/uploads\/2020\/06\/ADL00285-0.png","datePublished":"2020-06-19T14:03:52+00:00","dateModified":"2026-01-22T12:43:07+00:00","description":"W61 markeringslamp rood van het merk WA\u015a - 12&24 volt - auto, vrachtwagen, camper, aanhanger en meer - met ECE R7 keurmerk","breadcrumb":{"@id":"https:\/\/www.alldayled.com\/nl\/product\/led-markeringslamp-rood-was-helder-glas\/#breadcrumb"},"inLanguage":"nl-NL","potentialAction":[{"@type":"ReadAction","target":["https:\/\/www.alldayled.com\/nl\/product\/led-markeringslamp-rood-was-helder-glas\/"]}]},{"@type":"ImageObject","inLanguage":"nl-NL","@id":"https:\/\/www.alldayled.com\/nl\/product\/led-markeringslamp-rood-was-helder-glas\/#primaryimage","url":"https:\/\/www.alldayled.com\/wp-content\/uploads\/2020\/06\/ADL00285-0.png","contentUrl":"https:\/\/www.alldayled.com\/wp-content\/uploads\/2020\/06\/ADL00285-0.png","width":800,"height":600,"caption":"ADL00285 - W61 rood"},{"@type":"BreadcrumbList","@id":"https:\/\/www.alldayled.com\/nl\/product\/led-markeringslamp-rood-was-helder-glas\/#breadcrumb","itemListElement":[{"@type":"ListItem","position":1,"name":"Home","item":"https:\/\/www.alldayled.com\/nl\/"},{"@type":"ListItem","position":2,"name":"Winkel","item":"https:\/\/www.alldayled.com\/nl\/winkel\/"},{"@type":"ListItem","position":3,"name":"Positielampen","item":"https:\/\/www.alldayled.com\/nl\/product-categorie\/positielampen\/"},{"@type":"ListItem","position":4,"name":"Markeringslampen","item":"https:\/\/www.alldayled.com\/nl\/product-categorie\/positielampen\/markeringslampen\/"},{"@type":"ListItem","position":5,"name":"WA\u015a W61 markeringslamp rood"}]},{"@type":"WebSite","@id":"https:\/\/www.alldayled.com\/nl\/#website","url":"https:\/\/www.alldayled.com\/nl\/","name":"All Day Led","description":"Verlichting voor 12&amp;24 volt gebruik","publisher":{"@id":"https:\/\/www.alldayled.com\/nl\/#organization"},"potentialAction":[{"@type":"SearchAction","target":{"@type":"EntryPoint","urlTemplate":"https:\/\/www.alldayled.com\/nl\/?s={search_term_string}"},"query-input":{"@type":"PropertyValueSpecification","valueRequired":true,"valueName":"search_term_string"}}],"inLanguage":"nl-NL"},{"@type":"Organization","@id":"https:\/\/www.alldayled.com\/nl\/#organization","name":"All Day Led","url":"https:\/\/www.alldayled.com\/nl\/","logo":{"@type":"ImageObject","inLanguage":"nl-NL","@id":"https:\/\/www.alldayled.com\/nl\/#\/schema\/logo\/image\/","url":"https:\/\/www.alldayled.com\/wp-content\/uploads\/2025\/10\/Logo-ALL-DAY-LED-800x800-zwart-witte-letters.png","contentUrl":"https:\/\/www.alldayled.com\/wp-content\/uploads\/2025\/10\/Logo-ALL-DAY-LED-800x800-zwart-witte-letters.png","width":800,"height":800,"caption":"All Day Led"},"image":{"@id":"https:\/\/www.alldayled.com\/nl\/#\/schema\/logo\/image\/"},"sameAs":["https:\/\/www.facebook.com\/alldayled\/","https:\/\/www.instagram.com\/alldayled\/"],"vatID":"NL863960133B01","taxID":"86416545"}]},"product_brand":"WA\u015a","product_price_amount":"9.95","product_price_currency":"EUR","og_availability":"instock","product_availability":"instock","product_retailer_item_id":"ADL00285","product_condition":"new"},"_links":{"self":[{"href":"https:\/\/www.alldayled.com\/nl\/wp-json\/wp\/v2\/product\/8200","targetHints":{"allow":["GET"]}}],"collection":[{"href":"https:\/\/www.alldayled.com\/nl\/wp-json\/wp\/v2\/product"}],"about":[{"href":"https:\/\/www.alldayled.com\/nl\/wp-json\/wp\/v2\/types\/product"}],"replies":[{"embeddable":true,"href":"https:\/\/www.alldayled.com\/nl\/wp-json\/wp\/v2\/comments?post=8200"}],"wp:featuredmedia":[{"embeddable":true,"href":"https:\/\/www.alldayled.com\/nl\/wp-json\/wp\/v2\/media\/79410"}],"wp:attachment":[{"href":"https:\/\/www.alldayled.com\/nl\/wp-json\/wp\/v2\/media?parent=8200"}],"wp:term":[{"taxonomy":"product_brand","embeddable":true,"href":"https:\/\/www.alldayled.com\/nl\/wp-json\/wp\/v2\/product_brand?post=8200"},{"taxonomy":"product_cat","embeddable":true,"href":"https:\/\/www.alldayled.com\/nl\/wp-json\/wp\/v2\/product_cat?post=8200"},{"taxonomy":"product_tag","embeddable":true,"href":"https:\/\/www.alldayled.com\/nl\/wp-json\/wp\/v2\/product_tag?post=8200"}],"curies":[{"name":"wp","href":"https:\/\/api.w.org\/{rel}","templated":true}]}}